{"id":996,"date":"2024-04-05T15:54:41","date_gmt":"2024-04-05T18:54:41","guid":{"rendered":"https:\/\/combatte.com.br\/combatte-store\/?post_type=product&#038;p=996"},"modified":"2024-04-05T15:57:05","modified_gmt":"2024-04-05T18:57:05","slug":"g3c-t-o-r-o","status":"publish","type":"product","link":"https:\/\/combatte.com.br\/combatte-store\/?product=g3c-t-o-r-o","title":{"rendered":"G3C T.O.R.O"},"content":{"rendered":"<div class=\"wrapper\">\n<div class=\"a-b-columns a-b-columns--full product-content\">\n<div class=\"a-b-columns__column product-box-text\">\n<div class=\"wrapper\">\n<div class=\"a-b-columns a-b-columns--full product-content\">\n<div class=\"a-b-columns__column product-box-text\">\n<div class=\"wrapper\">\n<div class=\"a-b-columns a-b-columns--full product-content\">\n<div class=\"a-b-columns__column product-box-text\">\n<p>A Taurus lan\u00e7a no Brasil a pistola G3c na inovadora vers\u00e3o T.O.R.O. (Taurus Optic Ready Option). Modelo original de f\u00e1brica, projetado para receber diversas miras \u00f3pticas. A vers\u00e3o T.O.R.O. al\u00e9m de manter a originalidade evita gastos com customiza\u00e7\u00e3o.<\/p>\n<p>A\u00a0<strong>PISTOLA TAURUS G3c T.O.R.O.<\/strong>\u00a0(Taurus Optic Ready Option), dispon\u00edvel em a\u00e7\u00e3o simples e dupla de percussor lan\u00e7ado, calibre 9mm, possui capacidade de 12 tiros, com cano de 83mm, tornando este modelo perfeito para porte velado. O modelo possibilita a utiliza\u00e7\u00e3o de carregadores com capacidade 15 e 17 tiros.<\/p>\n<p>A fam\u00edlia G3 foi projetada com a 3\u00aa gera\u00e7\u00e3o de gatilho, sendo seu perfil mais plano, com acionamento suave e um desarme mais n\u00edtido e limpo. Desenvolvida a partir da consagrada plataforma G2C, a s\u00e9rie possui acabamento tenox no ferrolho e suas teclas possuem revestimento anti-fric\u00e7\u00e3o.<\/p>\n<p>Os ferrolhos para a s\u00e9rie G3C T.O.R.O. foram desenvolvidos com optic cut, que atrav\u00e9s de um inovador assembly system de placa intercambi\u00e1vel, possibilita ao consumidor instalar a maioria das miras \u00f3pticas dispon\u00edveis no mercado. Seu ferrolho conta ainda ranhuras frontais para uma melhor manipula\u00e7\u00e3o.<\/p>\n<p>O modelo inclui um sistema de v\u00e9rtice e massa de mira em a\u00e7o, do tipo serrilhado, evitando efeitos de reflexos de luz e sua massa possui inserto branco para melhor enquadramento.<\/p>\n<p>&nbsp;<\/p>\n<\/div>\n<\/div>\n<\/div>\n<\/div>\n<\/div>\n<\/div>\n<div class=\"wrapper\">\n<div class=\"a-b-columns a-b-columns--full product-content\">\n<div class=\"a-b-columns__column product-box-text\">\n<div class=\"wrapper\">\n<div class=\"a-b-columns a-b-columns--full product-content\">\n<div class=\"a-b-columns__column product-box-detail\">\n<h3 class=\"heading--delta\">ESPECIFICA\u00c7\u00d5ES T\u00c9CNICAS<\/h3>\n<div class=\"product-spec\">\n<p><strong>Calibre<\/strong>\u00a0 9x19mm<br \/>\n<strong>Capacidade<\/strong>\u00a012+1<br \/>\n<strong>A\u00e7\u00e3o<\/strong>\u00a0Dupla A\u00e7\u00e3o<\/p>\n<p>Para mais informa\u00e7\u00f5es, consulte o Descritivo T\u00e9cnico.<\/p>\n<p>Imagens ilustrativas. Produto sujeito a altera\u00e7\u00f5es sem aviso pr\u00e9vio.<\/p>\n<\/div>\n<\/div>\n<\/div>\n<\/div>\n<\/div>\n<\/div>\n<\/div>\n<\/div>\n<\/div>\n<\/div>\n","protected":false},"excerpt":{"rendered":"<p class=\"product-bottom-icons\">Entre em contato com o Consultor\/Lojista para verificar a disponibilidade deste modelo.<\/p>\n<p class=\"product-bottom-icons\">A aquisi\u00e7\u00e3o de armas \u00e9 regulamentada pela Lei 10.826\/03, Decreto 9.847\/2019 e Decreto 11.615\/23. A posse de arma depende de registro por autoridade competente, demonstra\u00e7\u00e3o de efetiva necessidade e cumprimento dos requisitos legais. O porte de arma \u00e9 proibido no territ\u00f3rio nacional, salvo para as categorias autorizadas na Lei e nos casos previstos em legisla\u00e7\u00e3o pr\u00f3pria. A utiliza\u00e7\u00e3o de arma exige treinamento e equil\u00edbrio emocional. Guarde armas e muni\u00e7\u00f5es em local seguro e fora do alcance de crian\u00e7as e pessoas n\u00e3o autorizadas.<\/p>\n","protected":false},"featured_media":997,"comment_status":"open","ping_status":"closed","template":"","meta":{"om_disable_all_campaigns":false,"_monsterinsights_skip_tracking":false,"_monsterinsights_sitenote_active":false,"_monsterinsights_sitenote_note":"","_monsterinsights_sitenote_category":0,"_uf_show_specific_survey":0,"_uf_disable_surveys":false},"product_cat":[100,103,99],"product_tag":[],"class_list":{"0":"post-996","1":"product","2":"type-product","3":"status-publish","4":"has-post-thumbnail","6":"product_cat-armas-curtas","7":"product_cat-pistolas","8":"product_cat-taurus","10":"first","11":"onbackorder","12":"product-type-simple"},"aioseo_notices":[],"_links":{"self":[{"href":"https:\/\/combatte.com.br\/combatte-store\/index.php?rest_route=\/wp\/v2\/product\/996","targetHints":{"allow":["GET"]}}],"collection":[{"href":"https:\/\/combatte.com.br\/combatte-store\/index.php?rest_route=\/wp\/v2\/product"}],"about":[{"href":"https:\/\/combatte.com.br\/combatte-store\/index.php?rest_route=\/wp\/v2\/types\/product"}],"replies":[{"embeddable":true,"href":"https:\/\/combatte.com.br\/combatte-store\/index.php?rest_route=%2Fwp%2Fv2%2Fcomments&post=996"}],"wp:featuredmedia":[{"embeddable":true,"href":"https:\/\/combatte.com.br\/combatte-store\/index.php?rest_route=\/wp\/v2\/media\/997"}],"wp:attachment":[{"href":"https:\/\/combatte.com.br\/combatte-store\/index.php?rest_route=%2Fwp%2Fv2%2Fmedia&parent=996"}],"wp:term":[{"taxonomy":"product_cat","embeddable":true,"href":"https:\/\/combatte.com.br\/combatte-store\/index.php?rest_route=%2Fwp%2Fv2%2Fproduct_cat&post=996"},{"taxonomy":"product_tag","embeddable":true,"href":"https:\/\/combatte.com.br\/combatte-store\/index.php?rest_route=%2Fwp%2Fv2%2Fproduct_tag&post=996"}],"curies":[{"name":"wp","href":"https:\/\/api.w.org\/{rel}","templated":true}]}}