{"id":969,"date":"2024-04-05T15:37:47","date_gmt":"2024-04-05T18:37:47","guid":{"rendered":"https:\/\/combatte.com.br\/combatte-store\/?post_type=product&#038;p=969"},"modified":"2024-04-05T15:42:34","modified_gmt":"2024-04-05T18:42:34","slug":"gx4-xl-graphene-9mm","status":"publish","type":"product","link":"https:\/\/combatte.com.br\/combatte-store\/?product=gx4-xl-graphene-9mm","title":{"rendered":"GX4 XL GRAPHENE &#8211; 9MM"},"content":{"rendered":"<div class=\"wrapper\">\n<div class=\"a-b-columns a-b-columns--full product-content\">\n<div class=\"a-b-columns__column product-box-text\">\n<div class=\"wrapper\">\n<div class=\"a-b-columns a-b-columns--full product-content\">\n<div class=\"a-b-columns__column product-box-text\">\n<div class=\"wrapper\">\n<div class=\"a-b-columns a-b-columns--full product-content\">\n<div class=\"a-b-columns__column product-box-text\">\n<p>A premiada s\u00e9rie GX4 agora conta com mais uma integrante: a GX4 Graphene, lan\u00e7amento de pistola microcompacta da Taurus no Brasil.<\/p>\n<p>Tecnologia e inova\u00e7\u00e3o se unem para complementar a s\u00e9rie GX4, que j\u00e1 foi reconhecida em duas premia\u00e7\u00f5es em 2022.<\/p>\n<p>A GX4 XL Graphene possui pe\u00e7as injetadas em grafeno, que garantem alt\u00edssima qualidade e durabilidade, e ferrolho com o exclusivo acabamento em Cerakote\u00ae Graphene. Essa microcompacta mant\u00e9m a mesma arma\u00e7\u00e3o da s\u00e9rie GX4 combinada a um ferrolho mais alongado, aumentando o controle da precis\u00e3o dos disparos. Ainda, seu cano possui revestimento em DLC, que proporciona menor atrito e maior resist\u00eancia ao desgaste e \u00e0 corros\u00e3o.<\/p>\n<p>Dispon\u00edvel no calibre 9mm, a nova pistola apresenta: capacidade de 11+1 e 13+1 disparos, a\u00e7\u00e3o Striker Fire, cano de 3.7\u201d, comprimento total de 6.43\u201d e 567g de peso. \u00c9 equipada com o sistema Taurus Optic Ready Option (T.O.R.O.), sendo compat\u00edvel com diversos tipos de miras \u00f3pticas. Seu acabamento exclusivo em Cerakote\u00ae Graphene torna essa pistola ainda mais completa.<\/p>\n<p>* Mira \u00f3ptica n\u00e3o inclusa.<\/p>\n<p>&nbsp;<\/p>\n<\/div>\n<\/div>\n<\/div>\n<\/div>\n<\/div>\n<\/div>\n<div class=\"wrapper\">\n<div class=\"a-b-columns a-b-columns--full product-content\">\n<div class=\"a-b-columns__column product-box-text\">\n<div class=\"wrapper\">\n<div class=\"a-b-columns a-b-columns--full product-content\">\n<div class=\"a-b-columns__column product-box-detail\">\n<h3 class=\"heading--delta\">ESPECIFICA\u00c7\u00d5ES T\u00c9CNICAS<\/h3>\n<div class=\"product-spec\">\n<p><span data-c=\"\"><strong>Calibre:<\/strong>\u00a09mm (<\/span><span data-c=\"\">9&#215;19)<\/span><br \/>\n<span data-c=\"\"><strong>Capacidade:<\/strong>\u00a011+1<\/span>\u00a0e 13+1<br \/>\n<span data-c=\"\"><strong>Opera\u00e7\u00e3o:<\/strong>\u00a0SA &#8211; Striker\u00a0Fire<\/span><\/p>\n<p><span data-c=\"\">Para mais informa\u00e7\u00f5es, veja o Descritivo T\u00e9cnico.<\/span><br \/>\n<span data-c=\"\">Imagens ilustrativas. Produto sujeito a altera\u00e7\u00f5es sem aviso pr\u00e9vio.<\/span><\/p>\n<\/div>\n<\/div>\n<\/div>\n<\/div>\n<\/div>\n<\/div>\n<\/div>\n<\/div>\n<\/div>\n<\/div>\n","protected":false},"excerpt":{"rendered":"<p class=\"product-bottom-icons\">Entre em contato com o Consultor\/Lojista para verificar a disponibilidade deste modelo.<\/p>\n<p class=\"product-bottom-icons\">A aquisi\u00e7\u00e3o de armas \u00e9 regulamentada pela Lei 10.826\/03, Decreto 9.847\/2019 e Decreto 11.615\/23. A posse de arma depende de registro por autoridade competente, demonstra\u00e7\u00e3o de efetiva necessidade e cumprimento dos requisitos legais. O porte de arma \u00e9 proibido no territ\u00f3rio nacional, salvo para as categorias autorizadas na Lei e nos casos previstos em legisla\u00e7\u00e3o pr\u00f3pria. A utiliza\u00e7\u00e3o de arma exige treinamento e equil\u00edbrio emocional. Guarde armas e muni\u00e7\u00f5es em local seguro e fora do alcance de crian\u00e7as e pessoas n\u00e3o autorizadas.<\/p>\n","protected":false},"featured_media":970,"comment_status":"open","ping_status":"closed","template":"","meta":{"om_disable_all_campaigns":false,"_monsterinsights_skip_tracking":false,"_monsterinsights_sitenote_active":false,"_monsterinsights_sitenote_note":"","_monsterinsights_sitenote_category":0,"_uf_show_specific_survey":0,"_uf_disable_surveys":false},"product_cat":[100,103,99],"product_tag":[],"class_list":{"0":"post-969","1":"product","2":"type-product","3":"status-publish","4":"has-post-thumbnail","6":"product_cat-armas-curtas","7":"product_cat-pistolas","8":"product_cat-taurus","10":"first","11":"onbackorder","12":"product-type-simple"},"aioseo_notices":[],"_links":{"self":[{"href":"https:\/\/combatte.com.br\/combatte-store\/index.php?rest_route=\/wp\/v2\/product\/969","targetHints":{"allow":["GET"]}}],"collection":[{"href":"https:\/\/combatte.com.br\/combatte-store\/index.php?rest_route=\/wp\/v2\/product"}],"about":[{"href":"https:\/\/combatte.com.br\/combatte-store\/index.php?rest_route=\/wp\/v2\/types\/product"}],"replies":[{"embeddable":true,"href":"https:\/\/combatte.com.br\/combatte-store\/index.php?rest_route=%2Fwp%2Fv2%2Fcomments&post=969"}],"wp:featuredmedia":[{"embeddable":true,"href":"https:\/\/combatte.com.br\/combatte-store\/index.php?rest_route=\/wp\/v2\/media\/970"}],"wp:attachment":[{"href":"https:\/\/combatte.com.br\/combatte-store\/index.php?rest_route=%2Fwp%2Fv2%2Fmedia&parent=969"}],"wp:term":[{"taxonomy":"product_cat","embeddable":true,"href":"https:\/\/combatte.com.br\/combatte-store\/index.php?rest_route=%2Fwp%2Fv2%2Fproduct_cat&post=969"},{"taxonomy":"product_tag","embeddable":true,"href":"https:\/\/combatte.com.br\/combatte-store\/index.php?rest_route=%2Fwp%2Fv2%2Fproduct_tag&post=969"}],"curies":[{"name":"wp","href":"https:\/\/api.w.org\/{rel}","templated":true}]}}