{"id":944,"date":"2024-04-01T11:55:02","date_gmt":"2024-04-01T14:55:02","guid":{"rendered":"https:\/\/localhost\/combatte-store\/?post_type=product&#038;p=944"},"modified":"2024-04-01T11:56:54","modified_gmt":"2024-04-01T14:56:54","slug":"ts9c-graphene-9mm","status":"publish","type":"product","link":"https:\/\/combatte.com.br\/combatte-store\/?product=ts9c-graphene-9mm","title":{"rendered":"TS9C GRAPHENE &#8211; 9MM"},"content":{"rendered":"<div class=\"wrapper\">\n<div class=\"a-b-columns a-b-columns--full product-content\">\n<div class=\"a-b-columns__column product-box-text\">\n<div class=\"wrapper\">\n<div class=\"a-b-columns a-b-columns--full product-content\">\n<div class=\"a-b-columns__column product-box-text\">\n<div class=\"wrapper\">\n<div class=\"a-b-columns a-b-columns--full product-content\">\n<div class=\"a-b-columns__column product-box-text\">\n<p>A pistola Taurus TS9c Graphene \u00e9 a primeira vers\u00e3o compacta com grafeno na composi\u00e7\u00e3o. Indicada para uso policial, militar, pessoal e residencial, a TS9c Graphene mant\u00e9m seu alto desempenho at\u00e9 nas mais extremas condi\u00e7\u00f5es de opera\u00e7\u00e3o. Esse lan\u00e7amento une resist\u00eancia, qualidade e durabilidade \u00e0 tecnologia e benef\u00edcios oferecidos pelo grafeno. A pistola \u00e9 equipada com trilho picatinny para acoplamento de acess\u00f3rios, sistema de estancamento contra areia, poeira e lodo e acabamento em Cerakote<sup>\u00ae<\/sup>\u00a0Graphene, al\u00e9m de possuir backstraps intercambi\u00e1veis para adequar-se \u00e0 ergonomia do usu\u00e1rio. No calibre 9x19mm, possui a\u00e7\u00e3o striker fire, com percussor lan\u00e7ado e capacidade para carregadores de 13 e 17 tiros. As caracter\u00edsticas da vers\u00e3o compacta proporcionam ainda mais leveza e agilidade no manuseio da pistola.<\/p>\n<p>A inclus\u00e3o do grafeno na composi\u00e7\u00e3o dos nossos produtos marca o in\u00edcio da 3\u00aa gera\u00e7\u00e3o de pistolas da Taurus. Somam-se \u00e0 TS9c Graphene a sua vers\u00e3o full size, TS9 Graphene, e a precursora da categoria, a GX4 Graphene. O grafeno \u00e9 um nanomaterial revolucion\u00e1rio que, quando combinado a outros elementos, potencializa suas propriedades. Na nova pistola, ele aparece incorporado \u00e0 pintura Cerakote<sup>\u00ae<\/sup>, tornando-a mais resistente \u00e0 corros\u00e3o. Al\u00e9m de ser considerado o material mais resistente do mundo, o grafeno tamb\u00e9m aumenta a durabilidade dos produtos diante de chamas e impactos, tornando-os mais leves e autolimpantes.<\/p>\n<\/div>\n<\/div>\n<\/div>\n<\/div>\n<\/div>\n<\/div>\n<div class=\"wrapper\">\n<div class=\"a-b-columns a-b-columns--full product-content\">\n<div class=\"a-b-columns__column product-box-text\">\n<div class=\"wrapper\">\n<div class=\"a-b-columns a-b-columns--full product-content\">\n<div class=\"a-b-columns__column product-box-detail\">\n<h3 class=\"heading--delta\">ESPECIFICA\u00c7\u00d5ES T\u00c9CNICAS<\/h3>\n<div class=\"product-spec\">\n<p><strong>Calibre:\u00a0<\/strong>9mm (9&#215;19)<br \/>\n<strong>Capacidade:<\/strong>\u00a013+1 e 17+1<br \/>\n<strong>A\u00e7\u00e3o:<\/strong>\u00a0Striker Fire<\/p>\n<p>Para mais informa\u00e7\u00f5es, consulte o Descritivo T\u00e9cnico.<\/p>\n<p>Imagens ilustrativas. Produto sujeito a altera\u00e7\u00f5es sem aviso pr\u00e9vio.<\/p>\n<\/div>\n<\/div>\n<\/div>\n<\/div>\n<\/div>\n<\/div>\n<\/div>\n<\/div>\n<\/div>\n<\/div>\n","protected":false},"excerpt":{"rendered":"<p class=\"product-bottom-icons\">Entre em contato com o Consultor\/Lojista para verificar a disponibilidade deste modelo.<\/p>\n<p class=\"product-bottom-icons\">A aquisi\u00e7\u00e3o de armas \u00e9 regulamentada pela Lei 10.826\/03, Decreto 9.847\/2019 e Decreto 11.615\/23. A posse de arma depende de registro por autoridade competente, demonstra\u00e7\u00e3o de efetiva necessidade e cumprimento dos requisitos legais. O porte de arma \u00e9 proibido no territ\u00f3rio nacional, salvo para as categorias autorizadas na Lei e nos casos previstos em legisla\u00e7\u00e3o pr\u00f3pria. A utiliza\u00e7\u00e3o de arma exige treinamento e equil\u00edbrio emocional. Guarde armas e muni\u00e7\u00f5es em local seguro e fora do alcance de crian\u00e7as e pessoas n\u00e3o autorizadas.<\/p>\n","protected":false},"featured_media":945,"comment_status":"open","ping_status":"closed","template":"","meta":{"om_disable_all_campaigns":false,"_monsterinsights_skip_tracking":false,"_monsterinsights_sitenote_active":false,"_monsterinsights_sitenote_note":"","_monsterinsights_sitenote_category":0,"_uf_show_specific_survey":0,"_uf_disable_surveys":false},"product_cat":[100,103,99],"product_tag":[],"class_list":{"0":"post-944","1":"product","2":"type-product","3":"status-publish","4":"has-post-thumbnail","6":"product_cat-armas-curtas","7":"product_cat-pistolas","8":"product_cat-taurus","10":"first","11":"onbackorder","12":"product-type-simple"},"aioseo_notices":[],"_links":{"self":[{"href":"https:\/\/combatte.com.br\/combatte-store\/index.php?rest_route=\/wp\/v2\/product\/944","targetHints":{"allow":["GET"]}}],"collection":[{"href":"https:\/\/combatte.com.br\/combatte-store\/index.php?rest_route=\/wp\/v2\/product"}],"about":[{"href":"https:\/\/combatte.com.br\/combatte-store\/index.php?rest_route=\/wp\/v2\/types\/product"}],"replies":[{"embeddable":true,"href":"https:\/\/combatte.com.br\/combatte-store\/index.php?rest_route=%2Fwp%2Fv2%2Fcomments&post=944"}],"wp:featuredmedia":[{"embeddable":true,"href":"https:\/\/combatte.com.br\/combatte-store\/index.php?rest_route=\/wp\/v2\/media\/945"}],"wp:attachment":[{"href":"https:\/\/combatte.com.br\/combatte-store\/index.php?rest_route=%2Fwp%2Fv2%2Fmedia&parent=944"}],"wp:term":[{"taxonomy":"product_cat","embeddable":true,"href":"https:\/\/combatte.com.br\/combatte-store\/index.php?rest_route=%2Fwp%2Fv2%2Fproduct_cat&post=944"},{"taxonomy":"product_tag","embeddable":true,"href":"https:\/\/combatte.com.br\/combatte-store\/index.php?rest_route=%2Fwp%2Fv2%2Fproduct_tag&post=944"}],"curies":[{"name":"wp","href":"https:\/\/api.w.org\/{rel}","templated":true}]}}