{"id":939,"date":"2024-04-01T11:52:38","date_gmt":"2024-04-01T14:52:38","guid":{"rendered":"https:\/\/localhost\/combatte-store\/?post_type=product&#038;p=939"},"modified":"2024-04-01T11:54:41","modified_gmt":"2024-04-01T14:54:41","slug":"g3-t-o-r-o","status":"publish","type":"product","link":"https:\/\/combatte.com.br\/combatte-store\/?product=g3-t-o-r-o","title":{"rendered":"G3 T.O.R.O."},"content":{"rendered":"<div class=\"wrapper\">\n<div class=\"a-b-columns a-b-columns--full product-content\">\n<div class=\"a-b-columns__column product-box-text\">\n<div class=\"wrapper\">\n<div class=\"a-b-columns a-b-columns--full product-content\">\n<div class=\"a-b-columns__column product-box-text\">\n<div class=\"wrapper\">\n<div class=\"a-b-columns a-b-columns--full product-content\">\n<div class=\"a-b-columns__column product-box-text\">\n<p><span data-c=\"\">A TAURUS G3 T.O.R.O. (Taurus\u00a0Optic\u00a0Ready\u00a0Option), dispon\u00edvel em a\u00e7\u00e3o simples e dupla de percussor lan\u00e7ado, calibre 9mm, possui capacidade de 17 tiros, com cano de\u00a0102mm, tornando este modelo perfeito para porte velado.\u00a0<\/span><\/p>\n<p><span data-c=\"\">Com tecnologia avan\u00e7ada e um design inovador de\u00a0f\u00e1brica, projetado para receber diversas miras \u00f3pticas. A vers\u00e3o T.O.R.O. al\u00e9m de manter a originalidade evita gastos com customiza\u00e7\u00e3o.<\/span><\/p>\n<p><span data-c=\"\">A exclusiva plataforma T.O.R.O. \u00e9 harmoniosamente integrada ao ferrolho da pistola, facilitando a visada dos alvos em tiros r\u00e1pidos ou de precis\u00e3o, independentemente de sua aplica\u00e7\u00e3o. Possibilita a utiliza\u00e7\u00e3o de placas intercambi\u00e1veis, permitindo equipar a sua Taurus G3 T.O.R.O com a\u00a0maioria das miras\u00a0\u00f3pticas mais conhecidas do mercado.<\/span><\/p>\n<p><span data-c=\"\">A fam\u00edlia G3 foi projetada com a 3\u00aa gera\u00e7\u00e3o de gatilho, sendo seu perfil mais plano, com acionamento suave e um desarme mais n\u00edtido e limpo. Desenvolvida a partir da consagrada plataforma G2C, a s\u00e9rie possui acabamento\u00a0tenox\u00a0no ferrolho e suas teclas possuem revestimento\u00a0anti-fric\u00e7\u00e3o. Seu ferrolho conta ainda ranhuras frontais para uma melhor manipula\u00e7\u00e3o.<\/span><\/p>\n<p>&nbsp;<\/p>\n<\/div>\n<\/div>\n<\/div>\n<\/div>\n<\/div>\n<\/div>\n<div class=\"wrapper\">\n<div class=\"a-b-columns a-b-columns--full product-content\">\n<div class=\"a-b-columns__column product-box-text\">\n<div class=\"wrapper\">\n<div class=\"a-b-columns a-b-columns--full product-content\">\n<div class=\"a-b-columns__column product-box-detail\">\n<h3 class=\"heading--delta\">ESPECIFICA\u00c7\u00d5ES T\u00c9CNICAS<\/h3>\n<div class=\"product-spec\">\n<p><strong><span data-c=\"\">Calibre<\/span><\/strong><span data-c=\"\">: 9x19mm<\/span><br \/>\n<span data-c=\"\">Capacidade<\/span><span data-c=\"\">: 17+1<\/span><br \/>\n<span data-c=\"\">A\u00e7\u00e3o<\/span><span data-c=\"\">: Dupla A\u00e7\u00e3o<\/span><\/p>\n<p><span data-c=\"\">Para mais informa\u00e7\u00f5es, consulte o Descritivo T\u00e9cnico.<\/span><\/p>\n<p><span data-c=\"\">Imagens ilustrativas. Produto sujeito a altera\u00e7\u00f5es sem aviso pr\u00e9vio.<\/span><\/p>\n<\/div>\n<\/div>\n<\/div>\n<\/div>\n<\/div>\n<\/div>\n<\/div>\n<\/div>\n<\/div>\n<\/div>\n","protected":false},"excerpt":{"rendered":"<p class=\"product-bottom-icons\">Entre em contato com o Consultor\/Lojista para verificar a disponibilidade deste modelo.<\/p>\n<p class=\"product-bottom-icons\">A aquisi\u00e7\u00e3o de armas \u00e9 regulamentada pela Lei 10.826\/03, Decreto 9.847\/2019 e Decreto 11.615\/23. A posse de arma depende de registro por autoridade competente, demonstra\u00e7\u00e3o de efetiva necessidade e cumprimento dos requisitos legais. O porte de arma \u00e9 proibido no territ\u00f3rio nacional, salvo para as categorias autorizadas na Lei e nos casos previstos em legisla\u00e7\u00e3o pr\u00f3pria. A utiliza\u00e7\u00e3o de arma exige treinamento e equil\u00edbrio emocional. Guarde armas e muni\u00e7\u00f5es em local seguro e fora do alcance de crian\u00e7as e pessoas n\u00e3o autorizadas.<\/p>\n","protected":false},"featured_media":940,"comment_status":"open","ping_status":"closed","template":"","meta":{"om_disable_all_campaigns":false,"_monsterinsights_skip_tracking":false,"_monsterinsights_sitenote_active":false,"_monsterinsights_sitenote_note":"","_monsterinsights_sitenote_category":0,"_uf_show_specific_survey":0,"_uf_disable_surveys":false},"product_cat":[100,103,99],"product_tag":[],"class_list":{"0":"post-939","1":"product","2":"type-product","3":"status-publish","4":"has-post-thumbnail","6":"product_cat-armas-curtas","7":"product_cat-pistolas","8":"product_cat-taurus","10":"first","11":"onbackorder","12":"product-type-simple"},"aioseo_notices":[],"_links":{"self":[{"href":"https:\/\/combatte.com.br\/combatte-store\/index.php?rest_route=\/wp\/v2\/product\/939","targetHints":{"allow":["GET"]}}],"collection":[{"href":"https:\/\/combatte.com.br\/combatte-store\/index.php?rest_route=\/wp\/v2\/product"}],"about":[{"href":"https:\/\/combatte.com.br\/combatte-store\/index.php?rest_route=\/wp\/v2\/types\/product"}],"replies":[{"embeddable":true,"href":"https:\/\/combatte.com.br\/combatte-store\/index.php?rest_route=%2Fwp%2Fv2%2Fcomments&post=939"}],"wp:featuredmedia":[{"embeddable":true,"href":"https:\/\/combatte.com.br\/combatte-store\/index.php?rest_route=\/wp\/v2\/media\/940"}],"wp:attachment":[{"href":"https:\/\/combatte.com.br\/combatte-store\/index.php?rest_route=%2Fwp%2Fv2%2Fmedia&parent=939"}],"wp:term":[{"taxonomy":"product_cat","embeddable":true,"href":"https:\/\/combatte.com.br\/combatte-store\/index.php?rest_route=%2Fwp%2Fv2%2Fproduct_cat&post=939"},{"taxonomy":"product_tag","embeddable":true,"href":"https:\/\/combatte.com.br\/combatte-store\/index.php?rest_route=%2Fwp%2Fv2%2Fproduct_tag&post=939"}],"curies":[{"name":"wp","href":"https:\/\/api.w.org\/{rel}","templated":true}]}}