{"id":934,"date":"2024-04-01T11:46:55","date_gmt":"2024-04-01T14:46:55","guid":{"rendered":"https:\/\/localhost\/combatte-store\/?post_type=product&#038;p=934"},"modified":"2024-04-01T11:52:14","modified_gmt":"2024-04-01T14:52:14","slug":"g3-tactical-9mm","status":"publish","type":"product","link":"https:\/\/combatte.com.br\/combatte-store\/?product=g3-tactical-9mm","title":{"rendered":"G3 TACTICAL &#8211; 9MM"},"content":{"rendered":"<div class=\"wrapper\">\n<div class=\"a-b-columns a-b-columns--full product-content\">\n<div class=\"a-b-columns__column product-box-text\">\n<div class=\"wrapper\">\n<div class=\"a-b-columns a-b-columns--full product-content\">\n<div class=\"a-b-columns__column product-box-text\">\n<div class=\"wrapper\">\n<div class=\"a-b-columns a-b-columns--full product-content\">\n<div class=\"a-b-columns__column product-box-text\">\n<p>Seja para autodefesa, seja para competi\u00e7\u00e3o, a G3 Tactical oferece um novo conceito em performance e alto desempenho ajustado \u00e0s demandas de cada atirador.<\/p>\n<p>A nova Taurus G3 Tactical \u00e9 uma pistola com cano de 4,5\u201d pronta para receber supressores. Possui acabamento em Cerakote\u00ae Patriot Brown, Od Green ou Black, sendo mais resistente a elementos corrosivos, e tem carregadores com capacidade de 17 muni\u00e7\u00f5es, pesando no total 730 gramas.<\/p>\n<p>A pistola Taurus G3 Tactical vem com cano rosqueado de 1\/2&#8243; x 28 tpi revestido de DLC (Diamond Like Carbon), tecnologia de ponta que aumenta a dureza do a\u00e7o e garante suavidade e maior durabilidade. Vem com um case exclusivo e conta com miras co-witness para visadas mais altas e altura ideal para tiros com supressor sem a necessidade de mira Red Dot.<\/p>\n<p>\u00c9 equipada com o sistema T.O.R.O., que permite acoplar facilmente, por meio de placas intercambi\u00e1veis, uma ampla gama de miras \u00f3pticas, sem a necessidade do trabalho customizado de um armeiro.<\/p>\n<p>Al\u00e9m disso, a G3 Tactical conta com a 3\u00aa gera\u00e7\u00e3o de gatilhos, tendo um perfil mais plano, com acionamento suave e um desarme mais n\u00edtido e limpo.<\/p>\n<p>&nbsp;<\/p>\n<\/div>\n<\/div>\n<\/div>\n<\/div>\n<\/div>\n<\/div>\n<div class=\"wrapper\">\n<div class=\"a-b-columns a-b-columns--full product-content\">\n<div class=\"a-b-columns__column product-box-text\">\n<div class=\"wrapper\">\n<div class=\"a-b-columns a-b-columns--full product-content\">\n<div class=\"a-b-columns__column product-box-detail\">\n<h3 class=\"heading--delta\">ESPECIFICA\u00c7\u00d5ES T\u00c9CNICAS<\/h3>\n<div class=\"product-spec\">\n<p><span data-c=\"\">Calibre<\/span><span data-c=\"\">: 9x19mm<\/span><br \/>\n<span data-c=\"\">Capacidade<\/span><span data-c=\"\">: 17+1<\/span><br \/>\n<span data-c=\"\">A\u00e7\u00e3o<\/span><span data-c=\"\">:\u00a0SA\/DA<\/span><\/p>\n<p><span data-c=\"\">Para mais informa\u00e7\u00f5es, consulte o Descritivo T\u00e9cnico.<\/span><\/p>\n<p><span data-c=\"\">Imagens ilustrativas. Produto sujeito a altera\u00e7\u00f5es sem aviso pr\u00e9vio.<\/span><\/p>\n<\/div>\n<\/div>\n<\/div>\n<\/div>\n<\/div>\n<\/div>\n<\/div>\n<\/div>\n<\/div>\n<\/div>\n","protected":false},"excerpt":{"rendered":"<p class=\"product-bottom-icons\">Entre em contato com o Consultor\/Lojista para verificar a disponibilidade deste modelo.<\/p>\n<p class=\"product-bottom-icons\">A aquisi\u00e7\u00e3o de armas \u00e9 regulamentada pela Lei 10.826\/03, Decreto 9.847\/2019 e Decreto 11.615\/23. A posse de arma depende de registro por autoridade competente, demonstra\u00e7\u00e3o de efetiva necessidade e cumprimento dos requisitos legais. O porte de arma \u00e9 proibido no territ\u00f3rio nacional, salvo para as categorias autorizadas na Lei e nos casos previstos em legisla\u00e7\u00e3o pr\u00f3pria. A utiliza\u00e7\u00e3o de arma exige treinamento e equil\u00edbrio emocional. Guarde armas e muni\u00e7\u00f5es em local seguro e fora do alcance de crian\u00e7as e pessoas n\u00e3o autorizadas.<\/p>\n","protected":false},"featured_media":935,"comment_status":"open","ping_status":"closed","template":"","meta":{"om_disable_all_campaigns":false,"_monsterinsights_skip_tracking":false,"_monsterinsights_sitenote_active":false,"_monsterinsights_sitenote_note":"","_monsterinsights_sitenote_category":0,"_uf_show_specific_survey":0,"_uf_disable_surveys":false},"product_cat":[100,103,99],"product_tag":[],"class_list":{"0":"post-934","1":"product","2":"type-product","3":"status-publish","4":"has-post-thumbnail","6":"product_cat-armas-curtas","7":"product_cat-pistolas","8":"product_cat-taurus","10":"first","11":"onbackorder","12":"product-type-simple"},"aioseo_notices":[],"_links":{"self":[{"href":"https:\/\/combatte.com.br\/combatte-store\/index.php?rest_route=\/wp\/v2\/product\/934","targetHints":{"allow":["GET"]}}],"collection":[{"href":"https:\/\/combatte.com.br\/combatte-store\/index.php?rest_route=\/wp\/v2\/product"}],"about":[{"href":"https:\/\/combatte.com.br\/combatte-store\/index.php?rest_route=\/wp\/v2\/types\/product"}],"replies":[{"embeddable":true,"href":"https:\/\/combatte.com.br\/combatte-store\/index.php?rest_route=%2Fwp%2Fv2%2Fcomments&post=934"}],"wp:featuredmedia":[{"embeddable":true,"href":"https:\/\/combatte.com.br\/combatte-store\/index.php?rest_route=\/wp\/v2\/media\/935"}],"wp:attachment":[{"href":"https:\/\/combatte.com.br\/combatte-store\/index.php?rest_route=%2Fwp%2Fv2%2Fmedia&parent=934"}],"wp:term":[{"taxonomy":"product_cat","embeddable":true,"href":"https:\/\/combatte.com.br\/combatte-store\/index.php?rest_route=%2Fwp%2Fv2%2Fproduct_cat&post=934"},{"taxonomy":"product_tag","embeddable":true,"href":"https:\/\/combatte.com.br\/combatte-store\/index.php?rest_route=%2Fwp%2Fv2%2Fproduct_tag&post=934"}],"curies":[{"name":"wp","href":"https:\/\/api.w.org\/{rel}","templated":true}]}}