{"id":927,"date":"2024-04-01T11:41:27","date_gmt":"2024-04-01T14:41:27","guid":{"rendered":"https:\/\/localhost\/combatte-store\/?post_type=product&#038;p=927"},"modified":"2024-04-01T11:46:33","modified_gmt":"2024-04-01T14:46:33","slug":"g3-xl-t-o-r-o-9mm","status":"publish","type":"product","link":"https:\/\/combatte.com.br\/combatte-store\/?product=g3-xl-t-o-r-o-9mm","title":{"rendered":"G3 XL T.O.R.O. &#8211; 9MM"},"content":{"rendered":"<div class=\"wrapper\">\n<div class=\"a-b-columns a-b-columns--full product-content\">\n<div class=\"a-b-columns__column product-box-text\">\n<div class=\"wrapper\">\n<div class=\"a-b-columns a-b-columns--full product-content\">\n<div class=\"a-b-columns__column product-box-text\">\n<div class=\"wrapper\">\n<div class=\"a-b-columns a-b-columns--full product-content\">\n<div class=\"a-b-columns__column product-box-text\">\n<p>Seja para autodefesa, seja para competi\u00e7\u00e3o, a G3 XL T.O.R.O. entrega desempenho ajustado de f\u00e1brica, fornecendo op\u00e7\u00f5es de personaliza\u00e7\u00e3o para as demandas de cada atirador.<\/p>\n<p>A Taurus apresenta a sua nova Pistola G3 XL T.O.R.O., que amplia a j\u00e1 conhecida s\u00e9rie G. Mantendo as caracter\u00edsticas de empunhadura da Pistola G3c, a nova G3 XL T.O.R.O. tem cano de 4\u201d, capacidade para 12 muni\u00e7\u00f5es e pesa apenas 700 gramas.<\/p>\n<p>A nova pistola G3 XL T.O.R.O. possui trilho MIL-STD-1913 Picatinny para montagem de acess\u00f3rios, como lanterna t\u00e1tica ou laser, e recursos de seguran\u00e7a, entre eles o indicador visual de muni\u00e7\u00e3o na c\u00e2mara, o sistema de gatilho de a\u00e7\u00e3o simples e dupla, e as travas de percussor e de gatilho.<\/p>\n<p>\u00c9 equipada com o sistema T.O.R.O., que permite acoplar facilmente, por meio de placas intercambi\u00e1veis, uma ampla gama de miras \u00f3pticas, sem a necessidade do trabalho customizado de um armeiro.<\/p>\n<p>A Taurus\u00ae G3 XL T.O.R.O. oferece o melhor equil\u00edbrio entre pot\u00eancia e alto desempenho para qualquer situa\u00e7\u00e3o.<\/p>\n<p>&nbsp;<\/p>\n<\/div>\n<\/div>\n<\/div>\n<\/div>\n<\/div>\n<\/div>\n<div class=\"wrapper\">\n<div class=\"a-b-columns a-b-columns--full product-content\">\n<div class=\"a-b-columns__column product-box-text\">\n<div class=\"wrapper\">\n<div class=\"a-b-columns a-b-columns--full product-content\">\n<div class=\"a-b-columns__column product-box-detail\">\n<h3 class=\"heading--delta\">ESPECIFICA\u00c7\u00d5ES T\u00c9CNICAS<\/h3>\n<div class=\"product-spec\">\n<p><span data-c=\"\">Calibre<\/span><span data-c=\"\">: 9x19mm<\/span><br \/>\n<span data-c=\"\">Capacidade<\/span><span data-c=\"\">: 12+1<\/span><br \/>\n<span data-c=\"\">A\u00e7\u00e3o<\/span><span data-c=\"\">:\u00a0SA\/DA<\/span><\/p>\n<p><span data-c=\"\">Para mais informa\u00e7\u00f5es, consulte o Descritivo T\u00e9cnico.<\/span><\/p>\n<p><span data-c=\"\">Imagens ilustrativas. Produto sujeito a altera\u00e7\u00f5es sem aviso pr\u00e9vio.<\/span><\/p>\n<\/div>\n<\/div>\n<\/div>\n<\/div>\n<\/div>\n<\/div>\n<\/div>\n<\/div>\n<\/div>\n<\/div>\n","protected":false},"excerpt":{"rendered":"<p class=\"product-bottom-icons\">Entre em contato com o Consultor\/Lojista para verificar a disponibilidade deste modelo.<\/p>\n<p class=\"product-bottom-icons\">A aquisi\u00e7\u00e3o de armas \u00e9 regulamentada pela Lei 10.826\/03, Decreto 9.847\/2019 e Decreto 11.615\/23. A posse de arma depende de registro por autoridade competente, demonstra\u00e7\u00e3o de efetiva necessidade e cumprimento dos requisitos legais. O porte de arma \u00e9 proibido no territ\u00f3rio nacional, salvo para as categorias autorizadas na Lei e nos casos previstos em legisla\u00e7\u00e3o pr\u00f3pria. A utiliza\u00e7\u00e3o de arma exige treinamento e equil\u00edbrio emocional. Guarde armas e muni\u00e7\u00f5es em local seguro e fora do alcance de crian\u00e7as e pessoas n\u00e3o autorizadas.<\/p>\n","protected":false},"featured_media":931,"comment_status":"open","ping_status":"closed","template":"","meta":{"om_disable_all_campaigns":false,"_monsterinsights_skip_tracking":false,"_monsterinsights_sitenote_active":false,"_monsterinsights_sitenote_note":"","_monsterinsights_sitenote_category":0,"_uf_show_specific_survey":0,"_uf_disable_surveys":false},"product_cat":[100,103,99],"product_tag":[],"class_list":{"0":"post-927","1":"product","2":"type-product","3":"status-publish","4":"has-post-thumbnail","6":"product_cat-armas-curtas","7":"product_cat-pistolas","8":"product_cat-taurus","10":"first","11":"onbackorder","12":"product-type-simple"},"aioseo_notices":[],"_links":{"self":[{"href":"https:\/\/combatte.com.br\/combatte-store\/index.php?rest_route=\/wp\/v2\/product\/927","targetHints":{"allow":["GET"]}}],"collection":[{"href":"https:\/\/combatte.com.br\/combatte-store\/index.php?rest_route=\/wp\/v2\/product"}],"about":[{"href":"https:\/\/combatte.com.br\/combatte-store\/index.php?rest_route=\/wp\/v2\/types\/product"}],"replies":[{"embeddable":true,"href":"https:\/\/combatte.com.br\/combatte-store\/index.php?rest_route=%2Fwp%2Fv2%2Fcomments&post=927"}],"wp:featuredmedia":[{"embeddable":true,"href":"https:\/\/combatte.com.br\/combatte-store\/index.php?rest_route=\/wp\/v2\/media\/931"}],"wp:attachment":[{"href":"https:\/\/combatte.com.br\/combatte-store\/index.php?rest_route=%2Fwp%2Fv2%2Fmedia&parent=927"}],"wp:term":[{"taxonomy":"product_cat","embeddable":true,"href":"https:\/\/combatte.com.br\/combatte-store\/index.php?rest_route=%2Fwp%2Fv2%2Fproduct_cat&post=927"},{"taxonomy":"product_tag","embeddable":true,"href":"https:\/\/combatte.com.br\/combatte-store\/index.php?rest_route=%2Fwp%2Fv2%2Fproduct_tag&post=927"}],"curies":[{"name":"wp","href":"https:\/\/api.w.org\/{rel}","templated":true}]}}