{"id":868,"date":"2024-03-30T23:53:46","date_gmt":"2024-03-31T02:53:46","guid":{"rendered":"https:\/\/localhost\/combatte-store\/?post_type=product&#038;p=868"},"modified":"2024-03-31T00:07:28","modified_gmt":"2024-03-31T03:07:28","slug":"supressor-taurus-st-m210","status":"publish","type":"product","link":"https:\/\/combatte.com.br\/combatte-store\/?product=supressor-taurus-st-m210","title":{"rendered":"SUPRESSOR TAURUS ST M210"},"content":{"rendered":"<div class=\"wrapper\">\n<div class=\"a-b-columns a-b-columns--full product-content\">\n<div class=\"a-b-columns__column product-box-text\">\n<div class=\"wrapper\">\n<div class=\"a-b-columns a-b-columns--full product-content\">\n<div class=\"a-b-columns__column product-box-text\">\n<div class=\"wrapper\">\n<div class=\"a-b-columns a-b-columns--full product-content\">\n<div class=\"a-b-columns__column product-box-text\">\n<p><span class=\"TextRun SCXO113492080 BCX0\" lang=\"PT-BR\" xml:lang=\"PT-BR\" data-c=\"\"><span class=\"NormalTextRun SCXO113492080 BCX0\">O SUPRESSOR TAURUS ST M210 conta com exclusivo acabamento em\u00a0<\/span><span class=\"SpellingError SCXO113492080 BCX0\">Cerakote<\/span><span class=\"NormalTextRun SCXO113492080 BCX0\">\u00a0<\/span><span class=\"SpellingError SCXO113492080 BCX0\">Graphite<\/span><span class=\"NormalTextRun SCXO113492080 BCX0\">\u00a0Black e reduz em at\u00e9 25dB o ru\u00eddo dos disparos. Podendo ser usado nos calibres 5,56mm, 7,62mm, .308, .30-06 e 9mm, o ST M210 \u00e9 produzido em Tit\u00e2nio em corpo \u00fanico, contando com montagem\u00a0<\/span><\/span><span class=\"TextRun SCXO113492080 BCX0\" lang=\"PT-BR\" xml:lang=\"PT-BR\" data-c=\"\"><span class=\"NormalTextRun SCXO113492080 BCX0\">Quick Connection no quebra chamas padr\u00e3o\u00a0<\/span><span class=\"SpellingError SCXO113492080 BCX0\">Stanag<\/span><span class=\"NormalTextRun SCXO113492080 BCX0\">\u00a0A2.<\/span><\/span><span class=\"EOP SCXO113492080 BCX0\">\u00a0<\/span><\/p>\n<p>&nbsp;<\/p>\n<\/div>\n<\/div>\n<\/div>\n<\/div>\n<\/div>\n<\/div>\n<div class=\"wrapper\">\n<div class=\"a-b-columns a-b-columns--full product-content\">\n<div class=\"a-b-columns__column product-box-text\">\n<div class=\"wrapper\">\n<div class=\"a-b-columns a-b-columns--full product-content\">\n<div class=\"a-b-columns__column product-box-detail\">\n<h3 class=\"heading--delta\">ESPECIFICA\u00c7\u00d5ES T\u00c9CNICAS<\/h3>\n<div class=\"product-spec\">\n<p><strong><span data-c=\"\">Calibre \u00a0<\/span><\/strong><span data-c=\"\">5 56 |<\/span><span data-c=\"\">\u00a0\u00a0<\/span><span data-c=\"\">7,62 | .308 | .30-06 | 9mm<\/span><\/p>\n<p><span data-c=\"\">Para mais informa\u00e7\u00f5es, veja o Descritivo T\u00e9cnico.\u00a0<\/span><br \/>\n<span data-c=\"\">Imagens ilustrativas. Produto sujeito a altera\u00e7\u00f5es sem aviso pr\u00e9vio.<\/span><\/p>\n<div class=\"a-b-columns__column product-box-detail\">\n<div class=\"download-nav\"><\/div>\n<\/div>\n<\/div>\n<\/div>\n<\/div>\n<\/div>\n<\/div>\n<\/div>\n<\/div>\n<\/div>\n<\/div>\n<\/div>\n","protected":false},"excerpt":{"rendered":"<p><strong>Aten\u00e7\u00e3o! Venda somente com autoriza\u00e7\u00e3o pr\u00e9via do Ex\u00e9rcito Brasileiro<\/strong><\/p>\n<p class=\"product-bottom-icons\">Entre em contato com o Consultor\/Lojista para verificar a disponibilidade deste modelo.<\/p>\n<p class=\"product-bottom-icons\">A aquisi\u00e7\u00e3o de armas \u00e9 regulamentada pela Lei 10.826\/03, Decreto 9.847\/2019 e Decreto 11.615\/23. A posse de arma depende de registro por autoridade competente, demonstra\u00e7\u00e3o de efetiva necessidade e cumprimento dos requisitos legais. O porte de arma \u00e9 proibido no territ\u00f3rio nacional, salvo para as categorias autorizadas na Lei e nos casos previstos em legisla\u00e7\u00e3o pr\u00f3pria. A utiliza\u00e7\u00e3o de arma exige treinamento e equil\u00edbrio emocional. Guarde armas e muni\u00e7\u00f5es em local seguro e fora do alcance de crian\u00e7as e pessoas n\u00e3o autorizadas.<\/p>\n","protected":false},"featured_media":869,"comment_status":"open","ping_status":"closed","template":"","meta":{"om_disable_all_campaigns":false,"_monsterinsights_skip_tracking":false,"_monsterinsights_sitenote_active":false,"_monsterinsights_sitenote_note":"","_monsterinsights_sitenote_category":0,"_uf_show_specific_survey":0,"_uf_disable_surveys":false},"product_cat":[107,99],"product_tag":[],"class_list":{"0":"post-868","1":"product","2":"type-product","3":"status-publish","4":"has-post-thumbnail","6":"product_cat-supressores","7":"product_cat-taurus","9":"first","10":"onbackorder","11":"product-type-simple"},"aioseo_notices":[],"_links":{"self":[{"href":"https:\/\/combatte.com.br\/combatte-store\/index.php?rest_route=\/wp\/v2\/product\/868","targetHints":{"allow":["GET"]}}],"collection":[{"href":"https:\/\/combatte.com.br\/combatte-store\/index.php?rest_route=\/wp\/v2\/product"}],"about":[{"href":"https:\/\/combatte.com.br\/combatte-store\/index.php?rest_route=\/wp\/v2\/types\/product"}],"replies":[{"embeddable":true,"href":"https:\/\/combatte.com.br\/combatte-store\/index.php?rest_route=%2Fwp%2Fv2%2Fcomments&post=868"}],"wp:featuredmedia":[{"embeddable":true,"href":"https:\/\/combatte.com.br\/combatte-store\/index.php?rest_route=\/wp\/v2\/media\/869"}],"wp:attachment":[{"href":"https:\/\/combatte.com.br\/combatte-store\/index.php?rest_route=%2Fwp%2Fv2%2Fmedia&parent=868"}],"wp:term":[{"taxonomy":"product_cat","embeddable":true,"href":"https:\/\/combatte.com.br\/combatte-store\/index.php?rest_route=%2Fwp%2Fv2%2Fproduct_cat&post=868"},{"taxonomy":"product_tag","embeddable":true,"href":"https:\/\/combatte.com.br\/combatte-store\/index.php?rest_route=%2Fwp%2Fv2%2Fproduct_tag&post=868"}],"curies":[{"name":"wp","href":"https:\/\/api.w.org\/{rel}","templated":true}]}}