{"id":865,"date":"2024-03-30T23:31:56","date_gmt":"2024-03-31T02:31:56","guid":{"rendered":"https:\/\/localhost\/combatte-store\/?post_type=product&#038;p=865"},"modified":"2024-03-30T23:33:14","modified_gmt":"2024-03-31T02:33:14","slug":"carabina-lever-action-rossi-44-20","status":"publish","type":"product","link":"https:\/\/combatte.com.br\/combatte-store\/?product=carabina-lever-action-rossi-44-20","title":{"rendered":"CARABINA LEVER ACTION ROSSI 44 20&#8243;"},"content":{"rendered":"<div class=\"wrapper\">\n<div class=\"a-b-columns a-b-columns--full product-content\">\n<div class=\"a-b-columns__column product-box-text\">\n<div class=\"wrapper\">\n<div class=\"a-b-columns a-b-columns--full product-content\">\n<div class=\"a-b-columns__column product-box-text\">\n<div class=\"wrapper\">\n<div class=\"a-b-columns a-b-columns--full product-content\">\n<div class=\"a-b-columns__column product-box-text\">\n<p>As Carabinas Lever Action Rossi conquistam qualquer um pelo design cl\u00e1ssico \u00fanico, com excelente acabamento inox, uma bel\u00edssima coronha de madeira de lei encerada, protegida contra fungos, garantindo uma boa durabilidade e uma f\u00e1cil manuten\u00e7\u00e3o . Sua a\u00e7\u00e3o \u00e9 por alavanca, com ferrolho de duplo trancamento, percussor flutuante e c\u00e3o exposto. Seu sistema de seguran\u00e7a \u00e9 composto por bloqueador do percussor e c\u00e3o, com posi\u00e7\u00e3o de descanso. Possui soleira em a\u00e7o, v\u00e9rtice de mira regul\u00e1vel em altura, carregador tubular sob o cano. .\u00a0 Inspirada nas cl\u00e1ssicas carabinas que conquistaram o oeste americano, s\u00e3o refer\u00eancia em precis\u00e3o no mercado.<\/p>\n<p>Essa carabina no calibre .44 Magnum, com cano cil\u00edndrico de 20\u201d permite que ele seja utilizada tanto no controle como na ca\u00e7a de animais de grande porte, no lazer e nas competi\u00e7\u00f5es de tiro ao alvo.<\/p>\n<p>&nbsp;<\/p>\n<\/div>\n<\/div>\n<\/div>\n<\/div>\n<\/div>\n<\/div>\n<div class=\"wrapper\">\n<div class=\"a-b-columns a-b-columns--full product-content\">\n<div class=\"a-b-columns__column product-box-text\">\n<div class=\"wrapper\">\n<div class=\"a-b-columns a-b-columns--full product-content\">\n<div class=\"a-b-columns__column product-box-detail\">\n<h3 class=\"heading--delta\">ESPECIFICA\u00c7\u00d5ES T\u00c9CNICAS<\/h3>\n<div class=\"product-spec\">\n<p><strong>Calibre:<\/strong>\u00a0.44 MAG<br \/>\n<strong>Cano:<\/strong>\u00a020\u201d cil\u00edndrico<br \/>\n<strong>Tipo de A\u00e7\u00e3o:<\/strong>\u00a0A\u00e7\u00e3o Simples<br \/>\n<strong>Capacidade:\u00a0<\/strong>10 tiros<\/p>\n<div class=\"a-b-columns__column product-box-detail\">\n<div class=\"product-spec\">\n<p>Para mais informa\u00e7\u00f5es, veja o Descritivo T\u00e9cnico.<\/p>\n<p>Imagens ilustrativas. Produto sujeito a altera\u00e7\u00f5es sem aviso pr\u00e9vio.<\/p>\n<\/div>\n<\/div>\n<div class=\"a-b-columns__column product-box-detail\">\n<div class=\"download-nav\"><\/div>\n<\/div>\n<\/div>\n<\/div>\n<\/div>\n<\/div>\n<\/div>\n<\/div>\n<\/div>\n<\/div>\n<\/div>\n<\/div>\n","protected":false},"excerpt":{"rendered":"<p class=\"product-bottom-icons\">Entre em contato com o Consultor\/Lojista para verificar a disponibilidade deste modelo.<\/p>\n<p class=\"product-bottom-icons\">A aquisi\u00e7\u00e3o de armas \u00e9 regulamentada pela Lei 10.826\/03, Decreto 9.847\/2019 e Decreto 11.615\/23. A posse de arma depende de registro por autoridade competente, demonstra\u00e7\u00e3o de efetiva necessidade e cumprimento dos requisitos legais. O porte de arma \u00e9 proibido no territ\u00f3rio nacional, salvo para as categorias autorizadas na Lei e nos casos previstos em legisla\u00e7\u00e3o pr\u00f3pria. A utiliza\u00e7\u00e3o de arma exige treinamento e equil\u00edbrio emocional. Guarde armas e muni\u00e7\u00f5es em local seguro e fora do alcance de crian\u00e7as e pessoas n\u00e3o autorizadas.<\/p>\n","protected":false},"featured_media":862,"comment_status":"open","ping_status":"closed","template":"","meta":{"om_disable_all_campaigns":false,"_monsterinsights_skip_tracking":false,"_monsterinsights_sitenote_active":false,"_monsterinsights_sitenote_note":"","_monsterinsights_sitenote_category":0,"_uf_show_specific_survey":0,"_uf_disable_surveys":false},"product_cat":[98,106],"product_tag":[],"class_list":{"0":"post-865","1":"product","2":"type-product","3":"status-publish","4":"has-post-thumbnail","6":"product_cat-armas-longas","7":"product_cat-rossi","9":"first","10":"onbackorder","11":"product-type-simple"},"aioseo_notices":[],"_links":{"self":[{"href":"https:\/\/combatte.com.br\/combatte-store\/index.php?rest_route=\/wp\/v2\/product\/865","targetHints":{"allow":["GET"]}}],"collection":[{"href":"https:\/\/combatte.com.br\/combatte-store\/index.php?rest_route=\/wp\/v2\/product"}],"about":[{"href":"https:\/\/combatte.com.br\/combatte-store\/index.php?rest_route=\/wp\/v2\/types\/product"}],"replies":[{"embeddable":true,"href":"https:\/\/combatte.com.br\/combatte-store\/index.php?rest_route=%2Fwp%2Fv2%2Fcomments&post=865"}],"wp:featuredmedia":[{"embeddable":true,"href":"https:\/\/combatte.com.br\/combatte-store\/index.php?rest_route=\/wp\/v2\/media\/862"}],"wp:attachment":[{"href":"https:\/\/combatte.com.br\/combatte-store\/index.php?rest_route=%2Fwp%2Fv2%2Fmedia&parent=865"}],"wp:term":[{"taxonomy":"product_cat","embeddable":true,"href":"https:\/\/combatte.com.br\/combatte-store\/index.php?rest_route=%2Fwp%2Fv2%2Fproduct_cat&post=865"},{"taxonomy":"product_tag","embeddable":true,"href":"https:\/\/combatte.com.br\/combatte-store\/index.php?rest_route=%2Fwp%2Fv2%2Fproduct_tag&post=865"}],"curies":[{"name":"wp","href":"https:\/\/api.w.org\/{rel}","templated":true}]}}