{"id":857,"date":"2024-03-30T23:25:02","date_gmt":"2024-03-31T02:25:02","guid":{"rendered":"https:\/\/localhost\/combatte-store\/?post_type=product&#038;p=857"},"modified":"2024-03-30T23:26:51","modified_gmt":"2024-03-31T02:26:51","slug":"rp-63","status":"publish","type":"product","link":"https:\/\/combatte.com.br\/combatte-store\/?product=rp-63","title":{"rendered":"RP 63"},"content":{"rendered":"<div class=\"wrapper\">\n<div class=\"a-b-columns a-b-columns--full product-content\">\n<div class=\"a-b-columns__column product-box-text\">\n<div class=\"wrapper\">\n<div class=\"a-b-columns a-b-columns--full product-content\">\n<div class=\"a-b-columns__column product-box-text\">\n<div class=\"wrapper\">\n<div class=\"a-b-columns a-b-columns--full product-content\">\n<div class=\"a-b-columns__column product-box-text\">\n<p>Os cl\u00e1ssicos rev\u00f3lveres Rossi retornam modernizados em 2023. O RP63 apresenta o premiado gatilho de a\u00e7\u00e3o dupla da Rossi em conjunto com um gatilho de a\u00e7\u00e3o simples incrivelmente n\u00edtido. \u00c9 indicado para porte velado, devido ao seu cano de 3 polegadas e mira com inserto. Ainda, possui uma mira frontal remov\u00edvel. Como todos os novos rev\u00f3lveres Rossi, seu percussor \u00e9 integrado ao c\u00e3o, dando \u00e0 arma a m\u00e1xima confiabilidade.<\/p>\n<p>O RP63 tem capacidade de 6 tiros de .357 Magnum em seu tambor de a\u00e7o. Seu cano completo adiciona peso, que ajuda a gerenciar o recuo do calibre. Para auxiliar ainda mais no controle do recuo e beneficiar a oculta\u00e7\u00e3o, possui arma\u00e7\u00e3o e punho redondo.<\/p>\n<p>O Rossi RP63 n\u00e3o \u00e9 apenas desempenho &#8211; trata-se de um rev\u00f3lver s\u00e9rio, de porte velado e prote\u00e7\u00e3o pessoal, feito para o mundo real. A arma\u00e7\u00e3o de a\u00e7o, o cano de tr\u00eas polegadas e o incr\u00edvel gatilho combinam-se para proporcionar uma experi\u00eancia diferenciada ao atirador<\/p>\n<p>&nbsp;<\/p>\n<\/div>\n<\/div>\n<\/div>\n<\/div>\n<\/div>\n<\/div>\n<div class=\"wrapper\">\n<div class=\"a-b-columns a-b-columns--full product-content\">\n<div class=\"a-b-columns__column product-box-text\">\n<div class=\"wrapper\">\n<div class=\"a-b-columns a-b-columns--full product-content\">\n<div class=\"a-b-columns__column product-box-detail\">\n<h3 class=\"heading--delta\">ESPECIFICA\u00c7\u00d5ES T\u00c9CNICAS<\/h3>\n<div class=\"product-spec\">\n<p><strong><span data-c=\"\">Calibre\u00a0<\/span><\/strong><span data-c=\"\">\u00a0 .357 MAG \/ .38 SPL<\/span><br \/>\n<strong><span data-c=\"\">Capacidade\u00a0<\/span><\/strong><span data-c=\"\">\u00a0 6 Tiros<\/span><br \/>\n<strong><span data-c=\"\">A ccedil;\u00e3o:<\/span><\/strong><span data-c=\"\"><strong>\u00a0<\/strong>SA\/DA<\/span><\/p>\n<p><span data-c=\"\">Para mais informa\u00e7\u00f5es, veja o Descritivo T\u00e9cnico.<\/span><br \/>\n<span data-c=\"\">Imagens ilustrativas. Produto sujeito a altera\u00e7\u00f5es sem aviso pr\u00e9vio.<\/span><\/p>\n<\/div>\n<\/div>\n<\/div>\n<\/div>\n<\/div>\n<\/div>\n<\/div>\n<\/div>\n<\/div>\n<\/div>\n","protected":false},"excerpt":{"rendered":"<p class=\"product-bottom-icons\">Entre em contato com o Consultor\/Lojista para verificar a disponibilidade deste modelo.<\/p>\n<p class=\"product-bottom-icons\">A aquisi\u00e7\u00e3o de armas \u00e9 regulamentada pela Lei 10.826\/03, Decreto 9.847\/2019 e Decreto 11.615\/23. A posse de arma depende de registro por autoridade competente, demonstra\u00e7\u00e3o de efetiva necessidade e cumprimento dos requisitos legais. O porte de arma \u00e9 proibido no territ\u00f3rio nacional, salvo para as categorias autorizadas na Lei e nos casos previstos em legisla\u00e7\u00e3o pr\u00f3pria. A utiliza\u00e7\u00e3o de arma exige treinamento e equil\u00edbrio emocional. Guarde armas e muni\u00e7\u00f5es em local seguro e fora do alcance de crian\u00e7as e pessoas n\u00e3o autorizadas.<\/p>\n","protected":false},"featured_media":859,"comment_status":"open","ping_status":"closed","template":"","meta":{"om_disable_all_campaigns":false,"_monsterinsights_skip_tracking":false,"_monsterinsights_sitenote_active":false,"_monsterinsights_sitenote_note":"","_monsterinsights_sitenote_category":0,"_uf_show_specific_survey":0,"_uf_disable_surveys":false},"product_cat":[100,102,106],"product_tag":[],"class_list":{"0":"post-857","1":"product","2":"type-product","3":"status-publish","4":"has-post-thumbnail","6":"product_cat-armas-curtas","7":"product_cat-resolveres","8":"product_cat-rossi","10":"first","11":"onbackorder","12":"product-type-simple"},"aioseo_notices":[],"_links":{"self":[{"href":"https:\/\/combatte.com.br\/combatte-store\/index.php?rest_route=\/wp\/v2\/product\/857","targetHints":{"allow":["GET"]}}],"collection":[{"href":"https:\/\/combatte.com.br\/combatte-store\/index.php?rest_route=\/wp\/v2\/product"}],"about":[{"href":"https:\/\/combatte.com.br\/combatte-store\/index.php?rest_route=\/wp\/v2\/types\/product"}],"replies":[{"embeddable":true,"href":"https:\/\/combatte.com.br\/combatte-store\/index.php?rest_route=%2Fwp%2Fv2%2Fcomments&post=857"}],"wp:featuredmedia":[{"embeddable":true,"href":"https:\/\/combatte.com.br\/combatte-store\/index.php?rest_route=\/wp\/v2\/media\/859"}],"wp:attachment":[{"href":"https:\/\/combatte.com.br\/combatte-store\/index.php?rest_route=%2Fwp%2Fv2%2Fmedia&parent=857"}],"wp:term":[{"taxonomy":"product_cat","embeddable":true,"href":"https:\/\/combatte.com.br\/combatte-store\/index.php?rest_route=%2Fwp%2Fv2%2Fproduct_cat&post=857"},{"taxonomy":"product_tag","embeddable":true,"href":"https:\/\/combatte.com.br\/combatte-store\/index.php?rest_route=%2Fwp%2Fv2%2Fproduct_tag&post=857"}],"curies":[{"name":"wp","href":"https:\/\/api.w.org\/{rel}","templated":true}]}}