{"id":853,"date":"2024-03-30T23:23:22","date_gmt":"2024-03-31T02:23:22","guid":{"rendered":"https:\/\/localhost\/combatte-store\/?post_type=product&#038;p=853"},"modified":"2024-03-30T23:27:15","modified_gmt":"2024-03-31T02:27:15","slug":"rm-66","status":"publish","type":"product","link":"https:\/\/combatte.com.br\/combatte-store\/?product=rm-66","title":{"rendered":"RM 66"},"content":{"rendered":"<div class=\"wrapper\">\n<div class=\"a-b-columns a-b-columns--full product-content\">\n<div class=\"a-b-columns__column product-box-text\">\n<div class=\"wrapper\">\n<div class=\"a-b-columns a-b-columns--full product-content\">\n<div class=\"a-b-columns__column product-box-text\">\n<div class=\"wrapper\">\n<div class=\"a-b-columns a-b-columns--full product-content\">\n<div class=\"a-b-columns__column product-box-text\">\n<p>Os cl\u00e1ssicos rev\u00f3lveres Rossi retornam modernizados em 2023. O RM66 apresenta um gatilho de a\u00e7\u00e3o simples incrivelmente n\u00edtido em conjunto com o premiado gatilho de a\u00e7\u00e3o dupla da Rossi. Para permitir que voc\u00ea aproveite ao m\u00e1ximo esse sistema de gatilhos, o cano de seis polegadas do RM66 \u00e9 combinado com al\u00e7a de mira regul\u00e1vel e mira frontal remov\u00edvel.<\/p>\n<p>O RM66 tem capacidade para 6 disparos de .357 Magnum em seu tambor de a\u00e7o. Seu cano completo adiciona peso, o que ajuda a gerenciar o recuo do calibre. Para auxiliar ainda mais na redu\u00e7\u00e3o do recuo, o rev\u00f3lver conta com uma empunhadura de borracha envolvente, amortecendo sua m\u00e3o durante o disparo.<\/p>\n<p>O Rossi RM66 n\u00e3o se trata apenas de desempenho, mas tamb\u00e9m sobre legado e hist\u00f3ria. Esse \u00e9 um rev\u00f3lver que voc\u00ea pode usar no clube de tiro, ao ca\u00e7ar e, o mais importante, como equipamento de defesa.<\/p>\n<\/div>\n<\/div>\n<\/div>\n<\/div>\n<\/div>\n<\/div>\n<div class=\"wrapper\">\n<div class=\"a-b-columns a-b-columns--full product-content\">\n<div class=\"a-b-columns__column product-box-text\">\n<div class=\"wrapper\">\n<div class=\"a-b-columns a-b-columns--full product-content\">\n<div class=\"a-b-columns__column product-box-detail\">\n<h3 class=\"heading--delta\">ESPECIFICA\u00c7\u00d5ES T\u00c9CNICAS<\/h3>\n<div class=\"product-spec\">\n<p><strong><span data-c=\"\">Calibre\u00a0<\/span><\/strong><span data-c=\"\">\u00a0 .357 MAG \/ .38 SPL<\/span><br \/>\n<strong><span data-c=\"\">Capacidade\u00a0<\/span><\/strong><span data-c=\"\">\u00a0 6 Tiros<\/span><br \/>\n<strong><span data-c=\"\">A ccedil;\u00e3o:<\/span><\/strong><span data-c=\"\">\u00a0SA\/DA<\/span><\/p>\n<p><span data-c=\"\">Para mais informa\u00e7\u00f5es, veja o Descritivo T\u00e9cnico.<\/span><br \/>\n<span data-c=\"\">Imagens ilustrativas. Produto sujeito a altera\u00e7\u00f5es sem aviso pr\u00e9vio.<\/span><\/p>\n<\/div>\n<\/div>\n<\/div>\n<\/div>\n<\/div>\n<\/div>\n<\/div>\n<\/div>\n<\/div>\n<\/div>\n","protected":false},"excerpt":{"rendered":"<p class=\"product-bottom-icons\">Entre em contato com o Consultor\/Lojista para verificar a disponibilidade deste modelo.<\/p>\n<p class=\"product-bottom-icons\">A aquisi\u00e7\u00e3o de armas \u00e9 regulamentada pela Lei 10.826\/03, Decreto 9.847\/2019 e Decreto 11.615\/23. A posse de arma depende de registro por autoridade competente, demonstra\u00e7\u00e3o de efetiva necessidade e cumprimento dos requisitos legais. O porte de arma \u00e9 proibido no territ\u00f3rio nacional, salvo para as categorias autorizadas na Lei e nos casos previstos em legisla\u00e7\u00e3o pr\u00f3pria. A utiliza\u00e7\u00e3o de arma exige treinamento e equil\u00edbrio emocional. Guarde armas e muni\u00e7\u00f5es em local seguro e fora do alcance de crian\u00e7as e pessoas n\u00e3o autorizadas.<\/p>\n","protected":false},"featured_media":855,"comment_status":"open","ping_status":"closed","template":"","meta":{"om_disable_all_campaigns":false,"_monsterinsights_skip_tracking":false,"_monsterinsights_sitenote_active":false,"_monsterinsights_sitenote_note":"","_monsterinsights_sitenote_category":0,"_uf_show_specific_survey":0,"_uf_disable_surveys":false},"product_cat":[100,102,106],"product_tag":[],"class_list":{"0":"post-853","1":"product","2":"type-product","3":"status-publish","4":"has-post-thumbnail","6":"product_cat-armas-curtas","7":"product_cat-resolveres","8":"product_cat-rossi","10":"first","11":"onbackorder","12":"product-type-simple"},"aioseo_notices":[],"_links":{"self":[{"href":"https:\/\/combatte.com.br\/combatte-store\/index.php?rest_route=\/wp\/v2\/product\/853","targetHints":{"allow":["GET"]}}],"collection":[{"href":"https:\/\/combatte.com.br\/combatte-store\/index.php?rest_route=\/wp\/v2\/product"}],"about":[{"href":"https:\/\/combatte.com.br\/combatte-store\/index.php?rest_route=\/wp\/v2\/types\/product"}],"replies":[{"embeddable":true,"href":"https:\/\/combatte.com.br\/combatte-store\/index.php?rest_route=%2Fwp%2Fv2%2Fcomments&post=853"}],"wp:featuredmedia":[{"embeddable":true,"href":"https:\/\/combatte.com.br\/combatte-store\/index.php?rest_route=\/wp\/v2\/media\/855"}],"wp:attachment":[{"href":"https:\/\/combatte.com.br\/combatte-store\/index.php?rest_route=%2Fwp%2Fv2%2Fmedia&parent=853"}],"wp:term":[{"taxonomy":"product_cat","embeddable":true,"href":"https:\/\/combatte.com.br\/combatte-store\/index.php?rest_route=%2Fwp%2Fv2%2Fproduct_cat&post=853"},{"taxonomy":"product_tag","embeddable":true,"href":"https:\/\/combatte.com.br\/combatte-store\/index.php?rest_route=%2Fwp%2Fv2%2Fproduct_tag&post=853"}],"curies":[{"name":"wp","href":"https:\/\/api.w.org\/{rel}","templated":true}]}}