{"id":849,"date":"2024-03-30T23:19:18","date_gmt":"2024-03-31T02:19:18","guid":{"rendered":"https:\/\/localhost\/combatte-store\/?post_type=product&#038;p=849"},"modified":"2024-03-30T23:27:26","modified_gmt":"2024-03-31T02:27:26","slug":"revolver-rm-64","status":"publish","type":"product","link":"https:\/\/combatte.com.br\/combatte-store\/?product=revolver-rm-64","title":{"rendered":"RM 64"},"content":{"rendered":"<div class=\"wrapper\">\n<div class=\"a-b-columns a-b-columns--full product-content\">\n<div class=\"a-b-columns__column product-box-text\">\n<div class=\"wrapper\">\n<div class=\"a-b-columns a-b-columns--full product-content\">\n<div class=\"a-b-columns__column product-box-text\">\n<div class=\"wrapper\">\n<div class=\"a-b-columns a-b-columns--full product-content\">\n<div class=\"a-b-columns__column product-box-text\">\n<p>Ampliando ainda mais a linha de produtos Rossi, a Taurus lan\u00e7a o rev\u00f3lver RM64, mais uma plataforma cl\u00e1ssica que foi modernizada pela empresa.<\/p>\n<p>Com cano de 4\u201d e capacidade de 6 disparos em a\u00e7\u00e3o SA\/DA, nos calibres .357 MAG e .38 SPL, o novo rev\u00f3lver RM64 tem ainda o premiado sistema de gatilhos de a\u00e7\u00e3o dupla Rossi, al\u00e7a de mira regul\u00e1vel e mira frontal remov\u00edvel. Outra caracter\u00edstica marcante dos rev\u00f3lveres Rossi, o percussor integrado ao c\u00e3o tamb\u00e9m est\u00e1 presente no RM64, al\u00e9m do cabo de borracha, que amortece a m\u00e3o durante os disparos e auxilia ainda mais na redu\u00e7\u00e3o do recuo.<\/p>\n<p>O RM64 complementa a linha de Rev\u00f3lveres Rossi fabricada pela Taurus, que \u00e9 composta tamb\u00e9m pelos modelos RP63 e RM66. O RM64 est\u00e1 dispon\u00edvel nos acabamentos Graphite Black e Cerakote\u00ae Tungst\u00eanio.<\/p>\n<p>Confira na ficha t\u00e9cnica os outros atributos do novo rev\u00f3lver Taurus Rossi RM64.<\/p>\n<p>&nbsp;<\/p>\n<\/div>\n<\/div>\n<\/div>\n<\/div>\n<\/div>\n<\/div>\n<div class=\"wrapper\">\n<div class=\"a-b-columns a-b-columns--full product-content\">\n<div class=\"a-b-columns__column product-box-text\">\n<div class=\"wrapper\">\n<div class=\"a-b-columns a-b-columns--full product-content\">\n<div class=\"a-b-columns__column product-box-detail\">\n<h3 class=\"heading--delta\">ESPECIFICA\u00c7\u00d5ES T\u00c9CNICAS<\/h3>\n<div class=\"product-spec\">\n<p><span data-c=\"\">Calibre:\u00a0<\/span><span data-c=\"\">.357 MAG \/ .38 SPL<\/span><br \/>\n<span data-c=\"\">Capacidade:\u00a0<\/span><span data-c=\"\">6 Tiros<\/span><br \/>\n<span data-c=\"\">A\u00e7\u00e3o:<\/span><span data-c=\"\">\u00a0SA\/DA<\/span><\/p>\n<p><span data-c=\"\">Para mais informa\u00e7\u00f5es, veja o Descritivo T\u00e9cnico.<\/span><br \/>\n<span data-c=\"\">Imagens ilustrativas. Produto sujeito a altera\u00e7\u00f5es sem aviso pr\u00e9vio.<\/span><\/p>\n<\/div>\n<\/div>\n<\/div>\n<\/div>\n<\/div>\n<\/div>\n<\/div>\n<\/div>\n<\/div>\n<\/div>\n","protected":false},"excerpt":{"rendered":"<p class=\"product-bottom-icons\">Entre em contato com o Consultor\/Lojista para verificar a disponibilidade deste modelo.<\/p>\n<p class=\"product-bottom-icons\">A aquisi\u00e7\u00e3o de armas \u00e9 regulamentada pela Lei 10.826\/03, Decreto 9.847\/2019 e Decreto 11.615\/23. A posse de arma depende de registro por autoridade competente, demonstra\u00e7\u00e3o de efetiva necessidade e cumprimento dos requisitos legais. O porte de arma \u00e9 proibido no territ\u00f3rio nacional, salvo para as categorias autorizadas na Lei e nos casos previstos em legisla\u00e7\u00e3o pr\u00f3pria. A utiliza\u00e7\u00e3o de arma exige treinamento e equil\u00edbrio emocional. Guarde armas e muni\u00e7\u00f5es em local seguro e fora do alcance de crian\u00e7as e pessoas n\u00e3o autorizadas.<\/p>\n","protected":false},"featured_media":850,"comment_status":"open","ping_status":"closed","template":"","meta":{"om_disable_all_campaigns":false,"_monsterinsights_skip_tracking":false,"_monsterinsights_sitenote_active":false,"_monsterinsights_sitenote_note":"","_monsterinsights_sitenote_category":0,"_uf_show_specific_survey":0,"_uf_disable_surveys":false},"product_cat":[100,102,106],"product_tag":[],"class_list":{"0":"post-849","1":"product","2":"type-product","3":"status-publish","4":"has-post-thumbnail","6":"product_cat-armas-curtas","7":"product_cat-resolveres","8":"product_cat-rossi","10":"first","11":"onbackorder","12":"product-type-simple"},"aioseo_notices":[],"_links":{"self":[{"href":"https:\/\/combatte.com.br\/combatte-store\/index.php?rest_route=\/wp\/v2\/product\/849","targetHints":{"allow":["GET"]}}],"collection":[{"href":"https:\/\/combatte.com.br\/combatte-store\/index.php?rest_route=\/wp\/v2\/product"}],"about":[{"href":"https:\/\/combatte.com.br\/combatte-store\/index.php?rest_route=\/wp\/v2\/types\/product"}],"replies":[{"embeddable":true,"href":"https:\/\/combatte.com.br\/combatte-store\/index.php?rest_route=%2Fwp%2Fv2%2Fcomments&post=849"}],"wp:featuredmedia":[{"embeddable":true,"href":"https:\/\/combatte.com.br\/combatte-store\/index.php?rest_route=\/wp\/v2\/media\/850"}],"wp:attachment":[{"href":"https:\/\/combatte.com.br\/combatte-store\/index.php?rest_route=%2Fwp%2Fv2%2Fmedia&parent=849"}],"wp:term":[{"taxonomy":"product_cat","embeddable":true,"href":"https:\/\/combatte.com.br\/combatte-store\/index.php?rest_route=%2Fwp%2Fv2%2Fproduct_cat&post=849"},{"taxonomy":"product_tag","embeddable":true,"href":"https:\/\/combatte.com.br\/combatte-store\/index.php?rest_route=%2Fwp%2Fv2%2Fproduct_tag&post=849"}],"curies":[{"name":"wp","href":"https:\/\/api.w.org\/{rel}","templated":true}]}}