{"id":726,"date":"2024-03-30T16:04:26","date_gmt":"2024-03-30T19:04:26","guid":{"rendered":"https:\/\/localhost\/combatte-store\/?post_type=product&#038;p=726"},"modified":"2024-03-30T16:06:19","modified_gmt":"2024-03-30T19:06:19","slug":"rt-605-t-o-r-o-cal-357-magnum","status":"publish","type":"product","link":"https:\/\/combatte.com.br\/combatte-store\/?product=rt-605-t-o-r-o-cal-357-magnum","title":{"rendered":"RT 605 T.O.R.O | CAL. .357 MAGNUM"},"content":{"rendered":"<div class=\"wrapper\">\n<div class=\"a-b-columns a-b-columns--full product-content\">\n<div class=\"a-b-columns__column product-box-text\">\n<div class=\"wrapper\">\n<div class=\"a-b-columns a-b-columns--full product-content\">\n<div class=\"a-b-columns__column product-box-text\">\n<div class=\"wrapper\">\n<div class=\"a-b-columns a-b-columns--full product-content\">\n<div class=\"a-b-columns__column product-box-text\">\n<p><span data-c=\"\">Apresentamos o Taurus 605 T.O.R.O, o primeiro rev\u00f3lver do mundo pronto para receber mira \u00f3ptica. Com capacidade para 5 disparos de calibre .357 Magnum, \u00e9 um rev\u00f3lver de quadro pequeno pronto para receber\u00a0red\u00a0dot, sendo compat\u00edvel com\u00a0miras \u00f3pticas que se ajustam ao tamanho do Holosun K.<\/span><\/p>\n<p><span data-c=\"\">O novo 605 T.O.R.O mant\u00e9m todas as \u00f3timas caracter\u00edsticas do 605 Defender.\u00a0Constru\u00e7\u00e3o inteiramente em a\u00e7o, excelente gatilho e, claro, capacidade para cinco tiros de .357 Magnum.<\/span><\/p>\n<p><span data-c=\"\">Outras caracter\u00edsticas do Taurus Defender 605 T.O.R.O. s\u00e3o as al\u00e7as compactas que reduzem o recuo no disparo, facilitando o porte velado, e seu cilindro de a\u00e7o inoxid\u00e1vel, que oferece maior durabilidade. Apresenta gatilho de a\u00e7\u00e3o simples ou dupla com acionamento suave e r\u00e1pido, sendo ideal para disparos defensivos. Al\u00e9m do mais, seu cano de 3 polegadas proporciona o m\u00e1ximo desempenho poss\u00edvel dos cartuchos de calibre .357 Magnum.<\/span><\/p>\n<p><span data-c=\"\">*Mira \u00f3ptica n\u00e3o inclusa.<\/span><\/p>\n<\/div>\n<\/div>\n<\/div>\n<\/div>\n<\/div>\n<\/div>\n<div class=\"wrapper\">\n<div class=\"a-b-columns a-b-columns--full product-content\">\n<div class=\"a-b-columns__column product-box-text\">\n<div class=\"wrapper\">\n<div class=\"a-b-columns a-b-columns--full product-content\">\n<div class=\"a-b-columns__column product-box-detail\">\n<h3><\/h3>\n<h3 class=\"heading--delta\">ESPECIFICA\u00c7\u00d5ES T\u00c9CNICAS<\/h3>\n<div class=\"product-spec\">\n<p><strong><span data-c=\"\">Calibre:\u00a0<\/span><\/strong><span data-c=\"\">.357 Magnum<\/span><br \/>\n<span data-c=\"\">Capacidade:\u00a0<\/span><span data-c=\"\">5 tiros<\/span><br \/>\n<span data-c=\"\">A\u00e7\u00e3o:<\/span><span data-c=\"\">\u00a0SA\/DA<\/span><\/p>\n<p><span data-c=\"\">Para mais informa\u00e7\u00f5es, consulte o Descritivo T\u00e9cnico.<\/span><\/p>\n<p><span data-c=\"\">Imagens ilustrativas. Produto sujeito a altera\u00e7\u00f5es sem aviso pr\u00e9vio.<\/span><\/p>\n<\/div>\n<\/div>\n<\/div>\n<\/div>\n<\/div>\n<\/div>\n<\/div>\n<\/div>\n<\/div>\n<\/div>\n","protected":false},"excerpt":{"rendered":"<p class=\"product-bottom-icons\">Entre em contato com o Consultor\/Lojista para verificar a disponibilidade deste modelo.<\/p>\n<p class=\"product-bottom-icons\">A aquisi\u00e7\u00e3o de armas \u00e9 regulamentada pela Lei 10.826\/03, Decreto 9.847\/2019 e Decreto 11.615\/23. A posse de arma depende de registro por autoridade competente, demonstra\u00e7\u00e3o de efetiva necessidade e cumprimento dos requisitos legais. O porte de arma \u00e9 proibido no territ\u00f3rio nacional, salvo para as categorias autorizadas na Lei e nos casos previstos em legisla\u00e7\u00e3o pr\u00f3pria. A utiliza\u00e7\u00e3o de arma exige treinamento e equil\u00edbrio emocional. Guarde armas e muni\u00e7\u00f5es em local seguro e fora do alcance de crian\u00e7as e pessoas n\u00e3o autorizadas.<\/p>\n","protected":false},"featured_media":727,"comment_status":"open","ping_status":"closed","template":"","meta":{"om_disable_all_campaigns":false,"_monsterinsights_skip_tracking":false,"_monsterinsights_sitenote_active":false,"_monsterinsights_sitenote_note":"","_monsterinsights_sitenote_category":0,"_uf_show_specific_survey":0,"_uf_disable_surveys":false},"product_cat":[100,102,99],"product_tag":[],"class_list":{"0":"post-726","1":"product","2":"type-product","3":"status-publish","4":"has-post-thumbnail","6":"product_cat-armas-curtas","7":"product_cat-resolveres","8":"product_cat-taurus","10":"first","11":"onbackorder","12":"product-type-simple"},"aioseo_notices":[],"_links":{"self":[{"href":"https:\/\/combatte.com.br\/combatte-store\/index.php?rest_route=\/wp\/v2\/product\/726","targetHints":{"allow":["GET"]}}],"collection":[{"href":"https:\/\/combatte.com.br\/combatte-store\/index.php?rest_route=\/wp\/v2\/product"}],"about":[{"href":"https:\/\/combatte.com.br\/combatte-store\/index.php?rest_route=\/wp\/v2\/types\/product"}],"replies":[{"embeddable":true,"href":"https:\/\/combatte.com.br\/combatte-store\/index.php?rest_route=%2Fwp%2Fv2%2Fcomments&post=726"}],"wp:featuredmedia":[{"embeddable":true,"href":"https:\/\/combatte.com.br\/combatte-store\/index.php?rest_route=\/wp\/v2\/media\/727"}],"wp:attachment":[{"href":"https:\/\/combatte.com.br\/combatte-store\/index.php?rest_route=%2Fwp%2Fv2%2Fmedia&parent=726"}],"wp:term":[{"taxonomy":"product_cat","embeddable":true,"href":"https:\/\/combatte.com.br\/combatte-store\/index.php?rest_route=%2Fwp%2Fv2%2Fproduct_cat&post=726"},{"taxonomy":"product_tag","embeddable":true,"href":"https:\/\/combatte.com.br\/combatte-store\/index.php?rest_route=%2Fwp%2Fv2%2Fproduct_tag&post=726"}],"curies":[{"name":"wp","href":"https:\/\/api.w.org\/{rel}","templated":true}]}}