{"id":1479,"date":"2024-05-16T10:32:39","date_gmt":"2024-05-16T13:32:39","guid":{"rendered":"https:\/\/combatte.com.br\/combatte-store\/?post_type=product&#038;p=1479"},"modified":"2024-05-16T10:37:30","modified_gmt":"2024-05-16T13:37:30","slug":"calca-new-combat-preta","status":"publish","type":"product","link":"https:\/\/combatte.com.br\/combatte-store\/?product=calca-new-combat-preta","title":{"rendered":"CAL\u00c7A NEW COMBAT &#8211; PRETA"},"content":{"rendered":"<div data-content-type=\"row\" data-appearance=\"contained\" data-element=\"main\">\n<div data-enable-parallax=\"0\" data-parallax-speed=\"0.5\" data-background-images=\"{}\" data-background-type=\"image\" data-video-loop=\"true\" data-video-play-only-visible=\"true\" data-video-lazy-load=\"true\" data-video-fallback-src=\"\" data-element=\"inner\" data-pb-style=\"HWAH4KQ\">\n<div class=\"pagebuilder-column-group\" data-background-images=\"{}\" data-content-type=\"column-group\" data-appearance=\"default\" data-grid-size=\"2\" data-element=\"main\" data-pb-style=\"IET0K21\">\n<div class=\"pagebuilder-column-line\" data-content-type=\"column-line\" data-element=\"main\" data-pb-style=\"GMHFDBC\">\n<div class=\"pagebuilder-column texto\" data-content-type=\"column\" data-appearance=\"full-height\" data-background-images=\"{}\" data-element=\"main\" data-pb-style=\"THRML7R\">\n<div data-content-type=\"row\" data-appearance=\"contained\" data-element=\"main\">\n<div data-enable-parallax=\"0\" data-parallax-speed=\"0.5\" data-background-images=\"{}\" data-background-type=\"image\" data-video-loop=\"true\" data-video-play-only-visible=\"true\" data-video-lazy-load=\"true\" data-video-fallback-src=\"\" data-element=\"inner\" data-pb-style=\"IODBS2P\">\n<div class=\"pagebuilder-column-group\" data-background-images=\"{}\" data-content-type=\"column-group\" data-appearance=\"default\" data-grid-size=\"2\" data-element=\"main\" data-pb-style=\"J8E40MS\">\n<div class=\"pagebuilder-column-line\" data-content-type=\"column-line\" data-element=\"main\" data-pb-style=\"QF39R4C\">\n<div class=\"pagebuilder-column texto\" data-content-type=\"column\" data-appearance=\"full-height\" data-background-images=\"{}\" data-element=\"main\" data-pb-style=\"FJQVGTX\">\n<h2 data-content-type=\"heading\" data-appearance=\"default\" data-element=\"main\">CAL\u00c7A RIPSTOP: RESIST\u00caNCIA EXTREMA CONTRA RASGOS E FUROS<\/h2>\n<div data-content-type=\"text\" data-appearance=\"default\" data-element=\"main\">\n<p id=\"H1NJO2Q\">Confeccionada com um tecido especial entrela\u00e7ado, que previne e n\u00e3o propaga rasgos e furos, a\u00a0<strong>Cal\u00e7a RipStop INVICTUS New Combat<\/strong>\u00a0garante uma durabilidade superior.<\/p>\n<\/div>\n<\/div>\n<div class=\"pagebuilder-column imagem\" data-content-type=\"column\" data-appearance=\"full-height\" data-background-images=\"{}\" data-element=\"main\" data-pb-style=\"JV84OTI\">\n<figure data-content-type=\"image\" data-appearance=\"full-width\" data-element=\"main\" data-pb-style=\"LDJ28Y9\"><img decoding=\"async\" class=\"pagebuilder-mobile-hidden\" title=\"\" src=\"https:\/\/static.invictus.com.br\/media\/wysiwyg\/feature-1_5.jpg\" alt=\"\" data-element=\"desktop_image\" data-pb-style=\"MDR9HPU\" \/><\/figure>\n<h2 data-content-type=\"heading\" data-appearance=\"default\" data-element=\"main\">TECNOLOGIA TECFLEX: REPEL\u00caNCIA \u00c0 \u00c1GUA, \u00d3LEO, SUJEIRA E SECAGEM R\u00c1PIDA<\/h2>\n<div data-content-type=\"text\" data-appearance=\"default\" data-element=\"main\">\n<p id=\"OIQH8D4\">O tecido da\u00a0<strong>Cal\u00e7a RipStop INVICTUS New Combat<\/strong>\u00a0conta com a adi\u00e7\u00e3o de uma camada invis\u00edvel de pol\u00edmero de alta resist\u00eancia na sua superf\u00edcie. Assim, ele se torna eficiente ao repelir \u00e1gua, \u00f3leo e sujeiras de forma geral, al\u00e9m de proporcionar secagem r\u00e1pida.<\/p>\n<\/div>\n<\/div>\n<\/div>\n<\/div>\n<\/div>\n<\/div>\n<div data-content-type=\"row\" data-appearance=\"contained\" data-element=\"main\">\n<div data-enable-parallax=\"0\" data-parallax-speed=\"0.5\" data-background-images=\"{}\" data-background-type=\"image\" data-video-loop=\"true\" data-video-play-only-visible=\"true\" data-video-lazy-load=\"true\" data-video-fallback-src=\"\" data-element=\"inner\" data-pb-style=\"V8SKNPO\">\n<div class=\"pagebuilder-column-group\" data-background-images=\"{}\" data-content-type=\"column-group\" data-appearance=\"default\" data-grid-size=\"2\" data-element=\"main\" data-pb-style=\"MHBORTU\">\n<div class=\"pagebuilder-column-line\" data-content-type=\"column-line\" data-element=\"main\" data-pb-style=\"STOGYU8\">\n<div class=\"pagebuilder-column imagem\" data-content-type=\"column\" data-appearance=\"full-height\" data-background-images=\"{}\" data-element=\"main\" data-pb-style=\"VD2U785\">\n<figure data-content-type=\"image\" data-appearance=\"full-width\" data-element=\"main\" data-pb-style=\"MF1ACLB\"><img decoding=\"async\" class=\"pagebuilder-mobile-hidden\" title=\"\" src=\"https:\/\/static.invictus.com.br\/media\/wysiwyg\/feature-2_5.jpg\" alt=\"\" data-element=\"desktop_image\" data-pb-style=\"BW1PNM6\" \/><\/figure>\n<\/div>\n<\/div>\n<\/div>\n<\/div>\n<\/div>\n<div data-content-type=\"row\" data-appearance=\"contained\" data-element=\"main\">\n<div data-enable-parallax=\"0\" data-parallax-speed=\"0.5\" data-background-images=\"{}\" data-background-type=\"image\" data-video-loop=\"true\" data-video-play-only-visible=\"true\" data-video-lazy-load=\"true\" data-video-fallback-src=\"\" data-element=\"inner\" data-pb-style=\"PISXK86\">\n<div class=\"pagebuilder-column-group\" data-background-images=\"{}\" data-content-type=\"column-group\" data-appearance=\"default\" data-grid-size=\"2\" data-element=\"main\" data-pb-style=\"WPLREC4\">\n<div class=\"pagebuilder-column-line\" data-content-type=\"column-line\" data-element=\"main\" data-pb-style=\"XGKV1E7\">\n<div class=\"pagebuilder-column texto\" data-content-type=\"column\" data-appearance=\"full-height\" data-background-images=\"{}\" data-element=\"main\" data-pb-style=\"YRU8GAF\">\n<h2 data-content-type=\"heading\" data-appearance=\"default\" data-element=\"main\">CONFORTO ACIMA DE TUDO<\/h2>\n<div data-content-type=\"text\" data-appearance=\"default\" data-element=\"main\">\n<p id=\"V0Q1QJA\">O c\u00f3s anat\u00f4mico com el\u00e1sticos nas laterais proporciona um ajuste perfeito ao corpo, garantindo m\u00e1ximo conforto e liberdade de movimento. Essa caracter\u00edstica assegura que a cal\u00e7a se adapte suavemente ao corpo, sem apertar ou limitar a mobilidade.<\/p>\n<\/div>\n<\/div>\n<div class=\"pagebuilder-column imagem\" data-content-type=\"column\" data-appearance=\"full-height\" data-background-images=\"{}\" data-element=\"main\" data-pb-style=\"GE0PKIW\">\n<figure data-content-type=\"image\" data-appearance=\"full-width\" data-element=\"main\" data-pb-style=\"OCWM698\"><img decoding=\"async\" class=\"pagebuilder-mobile-hidden\" title=\"\" src=\"https:\/\/static.invictus.com.br\/media\/wysiwyg\/feature-3_2__2.jpg\" alt=\"\" data-element=\"desktop_image\" data-pb-style=\"IM2K06S\" \/><\/figure>\n<h2 data-content-type=\"heading\" data-appearance=\"default\" data-element=\"main\">REGULAGEM NA BARRA COM TECIDO ADERENTE<\/h2>\n<div data-content-type=\"text\" data-appearance=\"default\" data-element=\"main\">\n<p id=\"OIQH8D4\">Atrav\u00e9s de ajuste na barra com tecido aderente, o operador pode personalizar o caimento ao redor da Bota para maior conforto e estabilidade.<\/p>\n<\/div>\n<\/div>\n<\/div>\n<\/div>\n<\/div>\n<\/div>\n<div data-content-type=\"row\" data-appearance=\"contained\" data-element=\"main\">\n<div data-enable-parallax=\"0\" data-parallax-speed=\"0.5\" data-background-images=\"{}\" data-background-type=\"image\" data-video-loop=\"true\" data-video-play-only-visible=\"true\" data-video-lazy-load=\"true\" data-video-fallback-src=\"\" data-element=\"inner\" data-pb-style=\"JH92HUT\">\n<div class=\"pagebuilder-column-group\" data-background-images=\"{}\" data-content-type=\"column-group\" data-appearance=\"default\" data-grid-size=\"2\" data-element=\"main\" data-pb-style=\"KPK84U1\">\n<div class=\"pagebuilder-column-line\" data-content-type=\"column-line\" data-element=\"main\" data-pb-style=\"EBX422I\">\n<div class=\"pagebuilder-column imagem\" data-content-type=\"column\" data-appearance=\"full-height\" data-background-images=\"{}\" data-element=\"main\" data-pb-style=\"OCEAI1T\">\n<figure data-content-type=\"image\" data-appearance=\"full-width\" data-element=\"main\" data-pb-style=\"SGLD6OR\"><img decoding=\"async\" class=\"pagebuilder-mobile-hidden\" title=\"\" src=\"https:\/\/static.invictus.com.br\/media\/wysiwyg\/feature-4_8.jpg\" alt=\"\" data-element=\"desktop_image\" data-pb-style=\"FK062QK\" \/><\/figure>\n<\/div>\n<div class=\"pagebuilder-column texto\" data-content-type=\"column\" data-appearance=\"full-height\" data-background-images=\"{}\" data-element=\"main\" data-pb-style=\"JX4AE51\">\n<div data-content-type=\"text\" data-appearance=\"default\" data-element=\"main\">\n<p id=\"OIQH8D4\">\n<\/div>\n<\/div>\n<\/div>\n<\/div>\n<\/div>\n<\/div>\n<\/div>\n<\/div>\n<\/div>\n<\/div>\n<\/div>\n","protected":false},"excerpt":{"rendered":"<p><b>A Cal\u00e7a New Combat<\/b>\u00a0foi projetada especificamente para contextos operacionais como incurs\u00f5es, treinamentos e expedi\u00e7\u00f5es, trazendo conforto, resist\u00eancia e liberdade de movimentos a profissionais da seguran\u00e7a p\u00fablica, militares e entusiastas do estilo de vida t\u00e1tico.<\/p>\n","protected":false},"featured_media":1491,"comment_status":"open","ping_status":"closed","template":"","meta":{"om_disable_all_campaigns":false,"_monsterinsights_skip_tracking":false,"_monsterinsights_sitenote_active":false,"_monsterinsights_sitenote_note":"","_monsterinsights_sitenote_category":0,"_uf_show_specific_survey":0,"_uf_disable_surveys":false},"product_cat":[110,116],"product_tag":[],"class_list":{"0":"post-1479","1":"product","2":"type-product","3":"status-publish","4":"has-post-thumbnail","6":"product_cat-invictus","7":"product_cat-roupas","9":"first","10":"onbackorder","11":"shipping-taxable","12":"product-type-simple"},"aioseo_notices":[],"_links":{"self":[{"href":"https:\/\/combatte.com.br\/combatte-store\/index.php?rest_route=\/wp\/v2\/product\/1479","targetHints":{"allow":["GET"]}}],"collection":[{"href":"https:\/\/combatte.com.br\/combatte-store\/index.php?rest_route=\/wp\/v2\/product"}],"about":[{"href":"https:\/\/combatte.com.br\/combatte-store\/index.php?rest_route=\/wp\/v2\/types\/product"}],"replies":[{"embeddable":true,"href":"https:\/\/combatte.com.br\/combatte-store\/index.php?rest_route=%2Fwp%2Fv2%2Fcomments&post=1479"}],"wp:featuredmedia":[{"embeddable":true,"href":"https:\/\/combatte.com.br\/combatte-store\/index.php?rest_route=\/wp\/v2\/media\/1491"}],"wp:attachment":[{"href":"https:\/\/combatte.com.br\/combatte-store\/index.php?rest_route=%2Fwp%2Fv2%2Fmedia&parent=1479"}],"wp:term":[{"taxonomy":"product_cat","embeddable":true,"href":"https:\/\/combatte.com.br\/combatte-store\/index.php?rest_route=%2Fwp%2Fv2%2Fproduct_cat&post=1479"},{"taxonomy":"product_tag","embeddable":true,"href":"https:\/\/combatte.com.br\/combatte-store\/index.php?rest_route=%2Fwp%2Fv2%2Fproduct_tag&post=1479"}],"curies":[{"name":"wp","href":"https:\/\/api.w.org\/{rel}","templated":true}]}}