{"id":1456,"date":"2024-05-16T10:03:47","date_gmt":"2024-05-16T13:03:47","guid":{"rendered":"https:\/\/combatte.com.br\/combatte-store\/?post_type=product&#038;p=1456"},"modified":"2024-05-16T10:23:55","modified_gmt":"2024-05-16T13:23:55","slug":"camiseta-training-up-down-preta","status":"publish","type":"product","link":"https:\/\/combatte.com.br\/combatte-store\/?product=camiseta-training-up-down-preta","title":{"rendered":"CAMISETA TRAINING UP DOWN &#8211; PRETA"},"content":{"rendered":"<div data-content-type=\"row\" data-appearance=\"contained\" data-element=\"main\">\n<div data-enable-parallax=\"0\" data-parallax-speed=\"0.5\" data-background-images=\"{}\" data-background-type=\"image\" data-video-loop=\"true\" data-video-play-only-visible=\"true\" data-video-lazy-load=\"true\" data-video-fallback-src=\"\" data-element=\"inner\" data-pb-style=\"WN00KE7\">\n<div class=\"pagebuilder-column-group\" data-background-images=\"{}\" data-content-type=\"column-group\" data-appearance=\"default\" data-grid-size=\"2\" data-element=\"main\" data-pb-style=\"UVRKOV8\">\n<div class=\"pagebuilder-column-line\" data-content-type=\"column-line\" data-element=\"main\" data-pb-style=\"VMCKDIW\">\n<div class=\"pagebuilder-column texto\" data-content-type=\"column\" data-appearance=\"full-height\" data-background-images=\"{}\" data-element=\"main\" data-pb-style=\"Q3G6IFF\">\n<h2 data-content-type=\"heading\" data-appearance=\"default\" data-element=\"main\">CAMISETA TRAINING COM TECNOLOGIA ANTIODOR<\/h2>\n<div data-content-type=\"text\" data-appearance=\"default\" data-element=\"main\">\n<p id=\"H1NJO2Q\">Com foco na pr\u00e1tica esportiva, esta camiseta possui\u00a0<strong>tecnologia antiodor<\/strong>, mantendo voc\u00ea sempre confiante e com a sensa\u00e7\u00e3o de limpeza, mesmo durante longos treinamentos ou atividades f\u00edsicas.<\/p>\n<\/div>\n<\/div>\n<\/div>\n<\/div>\n<\/div>\n<\/div>\n<div data-content-type=\"row\" data-appearance=\"contained\" data-element=\"main\">\n<div data-enable-parallax=\"0\" data-parallax-speed=\"0.5\" data-background-images=\"{}\" data-background-type=\"image\" data-video-loop=\"true\" data-video-play-only-visible=\"true\" data-video-lazy-load=\"true\" data-video-fallback-src=\"\" data-element=\"inner\" data-pb-style=\"UREJ0CF\">\n<div class=\"pagebuilder-column-group\" data-background-images=\"{}\" data-content-type=\"column-group\" data-appearance=\"default\" data-grid-size=\"2\" data-element=\"main\" data-pb-style=\"WA8GSQ0\">\n<div class=\"pagebuilder-column-line\" data-content-type=\"column-line\" data-element=\"main\" data-pb-style=\"NCGRHUE\">\n<div class=\"pagebuilder-column texto\" data-content-type=\"column\" data-appearance=\"full-height\" data-background-images=\"{}\" data-element=\"main\" data-pb-style=\"H0H0UIS\">\n<h2 data-content-type=\"heading\" data-appearance=\"default\" data-element=\"main\">TECNOLOGIA SOFT TOUCH: UM TECIDO COM TEXTURA SUAVE<\/h2>\n<div data-content-type=\"text\" data-appearance=\"default\" data-element=\"main\">\n<p id=\"OIQH8D4\">Com um toque macio e sedoso, \u00a0a\u00a0<strong>Camiseta Training Up Down<\/strong>\u00a0\u00e9 desenvolvida num tecido com tecnologia Soft Touch, o que viabiliza resist\u00eancia, durabilidade e aumenta a sensa\u00e7\u00e3o de suavidade na pe\u00e7a.<\/p>\n<\/div>\n<\/div>\n<\/div>\n<\/div>\n<\/div>\n<\/div>\n<div data-content-type=\"row\" data-appearance=\"contained\" data-element=\"main\">\n<div data-enable-parallax=\"0\" data-parallax-speed=\"0.5\" data-background-images=\"{}\" data-background-type=\"image\" data-video-loop=\"true\" data-video-play-only-visible=\"true\" data-video-lazy-load=\"true\" data-video-fallback-src=\"\" data-element=\"inner\" data-pb-style=\"Y97F9LH\">\n<div class=\"pagebuilder-column-group\" data-background-images=\"{}\" data-content-type=\"column-group\" data-appearance=\"default\" data-grid-size=\"2\" data-element=\"main\" data-pb-style=\"GL7LPUH\">\n<div class=\"pagebuilder-column-line\" data-content-type=\"column-line\" data-element=\"main\" data-pb-style=\"BATB2KH\">\n<div class=\"pagebuilder-column texto\" data-content-type=\"column\" data-appearance=\"full-height\" data-background-images=\"{}\" data-element=\"main\" data-pb-style=\"EFI2NCQ\">\n<h2 data-content-type=\"heading\" data-appearance=\"default\" data-element=\"main\">TECNOLOGIA ANTIBACTERIANA: CONFORTO E SEGURAN\u00c7A NA SUA CAMISETA<\/h2>\n<div data-content-type=\"text\" data-appearance=\"default\" data-element=\"main\">\n<p id=\"V0Q1QJA\">Esta camiseta cont\u00e9m tecnologia antibacteriana, impedindo o ac\u00famulo de \u00e1caros e bact\u00e9rias, o que oportuniza uma prote\u00e7\u00e3o extra na sua rotina de exerc\u00edcios e pr\u00e1tica esportiva.<\/p>\n<\/div>\n<\/div>\n<\/div>\n<\/div>\n<\/div>\n<\/div>\n","protected":false},"excerpt":{"rendered":"<p><strong>A Camiseta Training Up Down<\/strong>\u00a0\u00e9 ideal para a pr\u00e1tica esportiva, corridas, funcional, Crossfit e treinamentos em geral. Com ela, voc\u00ea poder\u00e1 se dedicar aos treinos com conforto inabal\u00e1vel.<\/p>\n","protected":false},"featured_media":1462,"comment_status":"open","ping_status":"closed","template":"","meta":{"om_disable_all_campaigns":false,"_monsterinsights_skip_tracking":false,"_monsterinsights_sitenote_active":false,"_monsterinsights_sitenote_note":"","_monsterinsights_sitenote_category":0,"_uf_show_specific_survey":0,"_uf_disable_surveys":false},"product_cat":[110,116],"product_tag":[],"class_list":{"0":"post-1456","1":"product","2":"type-product","3":"status-publish","4":"has-post-thumbnail","6":"product_cat-invictus","7":"product_cat-roupas","9":"first","10":"onbackorder","11":"shipping-taxable","12":"product-type-simple"},"aioseo_notices":[],"_links":{"self":[{"href":"https:\/\/combatte.com.br\/combatte-store\/index.php?rest_route=\/wp\/v2\/product\/1456","targetHints":{"allow":["GET"]}}],"collection":[{"href":"https:\/\/combatte.com.br\/combatte-store\/index.php?rest_route=\/wp\/v2\/product"}],"about":[{"href":"https:\/\/combatte.com.br\/combatte-store\/index.php?rest_route=\/wp\/v2\/types\/product"}],"replies":[{"embeddable":true,"href":"https:\/\/combatte.com.br\/combatte-store\/index.php?rest_route=%2Fwp%2Fv2%2Fcomments&post=1456"}],"wp:featuredmedia":[{"embeddable":true,"href":"https:\/\/combatte.com.br\/combatte-store\/index.php?rest_route=\/wp\/v2\/media\/1462"}],"wp:attachment":[{"href":"https:\/\/combatte.com.br\/combatte-store\/index.php?rest_route=%2Fwp%2Fv2%2Fmedia&parent=1456"}],"wp:term":[{"taxonomy":"product_cat","embeddable":true,"href":"https:\/\/combatte.com.br\/combatte-store\/index.php?rest_route=%2Fwp%2Fv2%2Fproduct_cat&post=1456"},{"taxonomy":"product_tag","embeddable":true,"href":"https:\/\/combatte.com.br\/combatte-store\/index.php?rest_route=%2Fwp%2Fv2%2Fproduct_tag&post=1456"}],"curies":[{"name":"wp","href":"https:\/\/api.w.org\/{rel}","templated":true}]}}