{"id":1441,"date":"2024-05-16T09:23:42","date_gmt":"2024-05-16T12:23:42","guid":{"rendered":"https:\/\/combatte.com.br\/combatte-store\/?post_type=product&#038;p=1441"},"modified":"2024-05-16T10:03:31","modified_gmt":"2024-05-16T13:03:31","slug":"camiseta-walk-preta","status":"publish","type":"product","link":"https:\/\/combatte.com.br\/combatte-store\/?product=camiseta-walk-preta","title":{"rendered":"CAMISETA WALK &#8211; PRETA"},"content":{"rendered":"<table id=\"product-attribute-specs-table\" class=\"data table additional-attributes\">\n<tbody>\n<tr>\n<td class=\"col data\">\n<div data-content-type=\"row\" data-appearance=\"contained\" data-element=\"main\">\n<div data-enable-parallax=\"0\" data-parallax-speed=\"0.5\" data-background-images=\"{}\" data-background-type=\"image\" data-video-loop=\"true\" data-video-play-only-visible=\"true\" data-video-lazy-load=\"true\" data-video-fallback-src=\"\" data-element=\"inner\" data-pb-style=\"GROAGLQ\">\n<div class=\"pagebuilder-column-group\" data-background-images=\"{}\" data-content-type=\"column-group\" data-appearance=\"default\" data-grid-size=\"2\" data-element=\"main\" data-pb-style=\"L72Q6HN\">\n<div class=\"pagebuilder-column-line\" data-content-type=\"column-line\" data-element=\"main\" data-pb-style=\"UWODXVL\">\n<div class=\"pagebuilder-column texto\" data-content-type=\"column\" data-appearance=\"full-height\" data-background-images=\"{}\" data-element=\"main\" data-pb-style=\"KYMFWLX\">\n<h2 data-content-type=\"heading\" data-appearance=\"default\" data-element=\"main\">CAMISETA EVERYDAY COM TECNOLOGIA ANTIODOR<\/h2>\n<div data-content-type=\"text\" data-appearance=\"default\" data-element=\"main\">\n<p id=\"H1NJO2Q\">Com foco no uso casual e allday, o que aumenta sua versatilidade de uso, a Camiseta INVICTUS Walk possui tecnologia antiodor, mantendo voc\u00ea sempre confiante e com a sensa\u00e7\u00e3o de limpeza, podendo ser usada em qualquer ambiente, desde os mais formais aos mais despojados.<\/p>\n<\/div>\n<\/div>\n<\/div>\n<\/div>\n<\/div>\n<\/div>\n<div data-content-type=\"row\" data-appearance=\"contained\" data-element=\"main\">\n<div data-enable-parallax=\"0\" data-parallax-speed=\"0.5\" data-background-images=\"{}\" data-background-type=\"image\" data-video-loop=\"true\" data-video-play-only-visible=\"true\" data-video-lazy-load=\"true\" data-video-fallback-src=\"\" data-element=\"inner\" data-pb-style=\"WPI9GA7\">\n<div class=\"pagebuilder-column-group\" data-background-images=\"{}\" data-content-type=\"column-group\" data-appearance=\"default\" data-grid-size=\"2\" data-element=\"main\" data-pb-style=\"P6TVFQW\">\n<div class=\"pagebuilder-column-line\" data-content-type=\"column-line\" data-element=\"main\" data-pb-style=\"FXPCSX0\">\n<div class=\"pagebuilder-column texto\" data-content-type=\"column\" data-appearance=\"full-height\" data-background-images=\"{}\" data-element=\"main\" data-pb-style=\"EDI60UY\">\n<h2 data-content-type=\"heading\" data-appearance=\"default\" data-element=\"main\">SOFT TOUCH + FIBRA LIOCEL: UM TECIDO COM TEXTURA SUAVE E ALTAMENTE RESPIR\u00c1VEL<\/h2>\n<div data-content-type=\"text\" data-appearance=\"default\" data-element=\"main\">\n<p id=\"OIQH8D4\">Com um toque macio e sedoso, a Camiseta INVICTUS Walk \u00e9 desenvolvida num tecido com tecnologia Soft Touch, o que viabiliza resist\u00eancia, durabilidade e aumenta a sensa\u00e7\u00e3o de suavidade na pe\u00e7a. Ainda, por conter fibra liocel em sua composi\u00e7\u00e3o, amplia a respirabilidade e conforto no uso di\u00e1rio. Ou seja, ideal para diversas atividades de variadas rotinas.<\/p>\n<\/div>\n<\/div>\n<\/div>\n<\/div>\n<\/div>\n<\/div>\n<div data-content-type=\"row\" data-appearance=\"contained\" data-element=\"main\">\n<div data-enable-parallax=\"0\" data-parallax-speed=\"0.5\" data-background-images=\"{}\" data-background-type=\"image\" data-video-loop=\"true\" data-video-play-only-visible=\"true\" data-video-lazy-load=\"true\" data-video-fallback-src=\"\" data-element=\"inner\" data-pb-style=\"VVND1G4\">\n<div class=\"pagebuilder-column-group\" data-background-images=\"{}\" data-content-type=\"column-group\" data-appearance=\"default\" data-grid-size=\"2\" data-element=\"main\" data-pb-style=\"JT4PYPX\">\n<div class=\"pagebuilder-column-line\" data-content-type=\"column-line\" data-element=\"main\" data-pb-style=\"X326CB0\">\n<div class=\"pagebuilder-column texto\" data-content-type=\"column\" data-appearance=\"full-height\" data-background-images=\"{}\" data-element=\"main\" data-pb-style=\"Y1SS3I9\">\n<h2 data-content-type=\"heading\" data-appearance=\"default\" data-element=\"main\">TECNOLOGIA ANTIBACTERIANA: CONFORTO E SEGURAN\u00c7A NA SUA CAMISETA<\/h2>\n<div data-content-type=\"text\" data-appearance=\"default\" data-element=\"main\">\n<p id=\"V0Q1QJA\">Esta camiseta cont\u00e9m tecnologia antibacteriana, impedindo o ac\u00famulo de \u00e1caros e bact\u00e9rias, o que oportuniza uma prote\u00e7\u00e3o extra na sua rotina de exerc\u00edcios e pr\u00e1tica esportiva.<\/p>\n<\/div>\n<\/div>\n<div class=\"pagebuilder-column imagem\" data-content-type=\"column\" data-appearance=\"full-height\" data-background-images=\"{}\" data-element=\"main\" data-pb-style=\"XIQWPBR\"><\/div>\n<\/div>\n<\/div>\n<\/div>\n<\/div>\n<\/td>\n<\/tr>\n<\/tbody>\n<\/table>\n","protected":false},"excerpt":{"rendered":"<p>A\u00a0<strong>Camiseta INVICTUS Walk<\/strong>\u00a0\u00e9 uma pe\u00e7a cl\u00e1ssica e com estilo casual, que a torna indicada para qualquer momento do dia. Assim, voc\u00ea agrega praticidade e facilidade ao seu look, sem deixar de lado a qualidade premium que voc\u00ea merece.<\/p>\n<p>Modelo veste tamanho M. Altura: 1,79, t\u00f3rax: 105, cintura: 84, quadril: 100<\/p>\n","protected":false},"featured_media":1447,"comment_status":"open","ping_status":"closed","template":"","meta":{"om_disable_all_campaigns":false,"_monsterinsights_skip_tracking":false,"_monsterinsights_sitenote_active":false,"_monsterinsights_sitenote_note":"","_monsterinsights_sitenote_category":0,"_uf_show_specific_survey":0,"_uf_disable_surveys":false},"product_cat":[110,116],"product_tag":[],"class_list":{"0":"post-1441","1":"product","2":"type-product","3":"status-publish","4":"has-post-thumbnail","6":"product_cat-invictus","7":"product_cat-roupas","9":"first","10":"onbackorder","11":"shipping-taxable","12":"product-type-simple"},"aioseo_notices":[],"_links":{"self":[{"href":"https:\/\/combatte.com.br\/combatte-store\/index.php?rest_route=\/wp\/v2\/product\/1441","targetHints":{"allow":["GET"]}}],"collection":[{"href":"https:\/\/combatte.com.br\/combatte-store\/index.php?rest_route=\/wp\/v2\/product"}],"about":[{"href":"https:\/\/combatte.com.br\/combatte-store\/index.php?rest_route=\/wp\/v2\/types\/product"}],"replies":[{"embeddable":true,"href":"https:\/\/combatte.com.br\/combatte-store\/index.php?rest_route=%2Fwp%2Fv2%2Fcomments&post=1441"}],"wp:featuredmedia":[{"embeddable":true,"href":"https:\/\/combatte.com.br\/combatte-store\/index.php?rest_route=\/wp\/v2\/media\/1447"}],"wp:attachment":[{"href":"https:\/\/combatte.com.br\/combatte-store\/index.php?rest_route=%2Fwp%2Fv2%2Fmedia&parent=1441"}],"wp:term":[{"taxonomy":"product_cat","embeddable":true,"href":"https:\/\/combatte.com.br\/combatte-store\/index.php?rest_route=%2Fwp%2Fv2%2Fproduct_cat&post=1441"},{"taxonomy":"product_tag","embeddable":true,"href":"https:\/\/combatte.com.br\/combatte-store\/index.php?rest_route=%2Fwp%2Fv2%2Fproduct_tag&post=1441"}],"curies":[{"name":"wp","href":"https:\/\/api.w.org\/{rel}","templated":true}]}}