{"id":1397,"date":"2024-05-02T16:05:40","date_gmt":"2024-05-02T19:05:40","guid":{"rendered":"https:\/\/combatte.com.br\/combatte-store\/?post_type=product&#038;p=1397"},"modified":"2024-05-02T16:47:19","modified_gmt":"2024-05-02T19:47:19","slug":"jade-pro-nitro-55mm-preta","status":"publish","type":"product","link":"https:\/\/combatte.com.br\/combatte-store\/?product=jade-pro-nitro-55mm-preta","title":{"rendered":"JADE PRO NITRO 5,5mm Preta"},"content":{"rendered":"<div class=\"wrapper\">\n<div class=\"a-b-columns a-b-columns--full product-content\">\n<div class=\"a-b-columns__column product-box-text\">\n<div class=\"wrapper\">\n<div class=\"a-b-columns a-b-columns--full product-content\">\n<div class=\"a-b-columns__column product-box-text\">\n<div class=\"wrapper\">\n<div class=\"a-b-columns a-b-columns--full product-content\">\n<div class=\"a-b-columns__column product-box-text\">\n<div class=\"a-b-columns__column product-box-text\">\n<p>Adquira os servi\u00e7os de despachante especializado para a compra desse equipamento.<\/p>\n<p><a href=\"https:\/\/combatte.com.br\/2024\/despachante.php\" target=\"_blank\" rel=\"noopener\">Clique aqui<\/a> e veja todos os nossos servi\u00e7os de despachante b\u00e9lico ou fale conosco diretamente por <a href=\"https:\/\/wa.me\/5519992038121?text=Ol\u00e1!%20Tenho%20interesse%20na%20compra%20de%20um%20armamento%20do%20Combatte-Store.\" target=\"_blank\" rel=\"noopener\">WhatsApp<\/a>\u00a0para a compra desse equipameno.<\/p>\n<p>&nbsp;<\/p>\n<p>Toda velocidade e pot\u00eancia da JADE PRO agora com sistema Mola Nitro, que garante maior facilidade de engatilhamento e menor recuo e ru\u00eddo no disparo, resultando em maior conforto e desempenho de precis\u00e3o. Desenvolvida para quem quer alto desempenho.<\/p>\n<p>&nbsp;<\/p>\n<\/div>\n<\/div>\n<\/div>\n<\/div>\n<\/div>\n<\/div>\n<\/div>\n<div class=\"wrapper\">\n<div class=\"a-b-columns a-b-columns--full product-content\">\n<div class=\"a-b-columns__column product-box-text\">\n<div class=\"wrapper\">\n<div class=\"a-b-columns a-b-columns--full product-content\">\n<div class=\"a-b-columns__column product-box-detail\">\n<h3 class=\"heading--delta\">ESPECIFICA\u00c7\u00d5ES T\u00c9CNICAS<\/h3>\n<div class=\"product-spec\">\n<table id=\"esp-table\">\n<tbody>\n<tr>\n<th>Calibre:<\/th>\n<td>5,5 mm (.22)<\/td>\n<\/tr>\n<tr>\n<th>Modelo:<\/th>\n<td>Jade Pro Nitro<\/td>\n<\/tr>\n<tr>\n<th>C\u00f3digo:<\/th>\n<td>10018902<\/td>\n<\/tr>\n<tr>\n<th>Capacidade:<\/th>\n<td>Tiro individual de chumbinhos<\/td>\n<\/tr>\n<tr>\n<th>Sistema de Pontaria:<\/th>\n<td>Aparelho de pontaria com fibra \u00f3ptica. Al\u00e7a de mira com regulagem horizontal e vertical. Massa de mira fixa protegida por t\u00fanel.<\/td>\n<\/tr>\n<tr>\n<th>Acess\u00f3rios:<\/th>\n<td>Trilho Picatinny<\/td>\n<\/tr>\n<tr>\n<th>Seguran\u00e7a:<\/th>\n<td>Trava ambidestra autom\u00e1tica localizada no gatilho. Sistema que impede o disparo com o cano aberto.<\/td>\n<\/tr>\n<tr>\n<th>Mola:<\/th>\n<td>Nitro (\u201cG\u00e1s Ram\u201d)<\/td>\n<\/tr>\n<tr>\n<th>Dist\u00e2ncia m\u00e1xima do tiro (m):<\/th>\n<td>270<\/td>\n<\/tr>\n<tr>\n<th>Informa\u00e7\u00f5es Adicionais:<\/th>\n<td>Valores de velocidade e energia obtidos utilizando-se chumbinho diabol\u00f4 cal. 5,5 mm com peso de: 0,9 gramas. Dist\u00e2ncia m\u00e1xima consiste em valor te\u00f3rico, calculado considerando o cano a uma inclina\u00e7\u00e3o de 30\u00ba. IMPORTANTE: A Nitro n\u00e3o \u00e9 uma carabina por a\u00e7\u00e3o de g\u00e1s comprimido (CO2), mas sim por a\u00e7\u00e3o de ar comprimido (mola pneum\u00e1tica). A mola pneum\u00e1tica \u201cG\u00e1s Ram\u201d n\u00e3o necessita de reposi\u00e7\u00e3o de g\u00e1s como ocorre com cilindro de CO2, utilizado em carabinas por a\u00e7\u00e3o de g\u00e1s comprimido.<\/td>\n<\/tr>\n<\/tbody>\n<\/table>\n<\/div>\n<\/div>\n<\/div>\n<\/div>\n<\/div>\n<\/div>\n<\/div>\n<\/div>\n<\/div>\n<\/div>\n","protected":false},"excerpt":{"rendered":"<p class=\"product-bottom-icons\">Entre em contato com o Consultor\/Lojista para verificar a disponibilidade deste modelo.<\/p>\n<p class=\"product-bottom-icons\">A aquisi\u00e7\u00e3o de armas \u00e9 regulamentada pela Lei 10.826\/03, Decreto 9.847\/2019 e Decreto 11.615\/23. A posse de arma depende de registro por autoridade competente, demonstra\u00e7\u00e3o de efetiva necessidade e cumprimento dos requisitos legais. O porte de arma \u00e9 proibido no territ\u00f3rio nacional, salvo para as categorias autorizadas na Lei e nos casos previstos em legisla\u00e7\u00e3o pr\u00f3pria. A utiliza\u00e7\u00e3o de arma exige treinamento e equil\u00edbrio emocional. Guarde armas e muni\u00e7\u00f5es em local seguro e fora do alcance de crian\u00e7as e pessoas n\u00e3o autorizadas.<\/p>\n","protected":false},"featured_media":1398,"comment_status":"open","ping_status":"closed","template":"","meta":{"om_disable_all_campaigns":false,"_monsterinsights_skip_tracking":false,"_monsterinsights_sitenote_active":false,"_monsterinsights_sitenote_note":"","_monsterinsights_sitenote_category":0,"_uf_show_specific_survey":0,"_uf_disable_surveys":false},"product_cat":[105,104],"product_tag":[],"class_list":{"0":"post-1397","1":"product","2":"type-product","3":"status-publish","4":"has-post-thumbnail","6":"product_cat-carabinas-de-pressao","7":"product_cat-cbc","9":"first","10":"onbackorder","11":"product-type-simple"},"aioseo_notices":[],"_links":{"self":[{"href":"https:\/\/combatte.com.br\/combatte-store\/index.php?rest_route=\/wp\/v2\/product\/1397","targetHints":{"allow":["GET"]}}],"collection":[{"href":"https:\/\/combatte.com.br\/combatte-store\/index.php?rest_route=\/wp\/v2\/product"}],"about":[{"href":"https:\/\/combatte.com.br\/combatte-store\/index.php?rest_route=\/wp\/v2\/types\/product"}],"replies":[{"embeddable":true,"href":"https:\/\/combatte.com.br\/combatte-store\/index.php?rest_route=%2Fwp%2Fv2%2Fcomments&post=1397"}],"wp:featuredmedia":[{"embeddable":true,"href":"https:\/\/combatte.com.br\/combatte-store\/index.php?rest_route=\/wp\/v2\/media\/1398"}],"wp:attachment":[{"href":"https:\/\/combatte.com.br\/combatte-store\/index.php?rest_route=%2Fwp%2Fv2%2Fmedia&parent=1397"}],"wp:term":[{"taxonomy":"product_cat","embeddable":true,"href":"https:\/\/combatte.com.br\/combatte-store\/index.php?rest_route=%2Fwp%2Fv2%2Fproduct_cat&post=1397"},{"taxonomy":"product_tag","embeddable":true,"href":"https:\/\/combatte.com.br\/combatte-store\/index.php?rest_route=%2Fwp%2Fv2%2Fproduct_tag&post=1397"}],"curies":[{"name":"wp","href":"https:\/\/api.w.org\/{rel}","templated":true}]}}