{"id":1376,"date":"2024-05-02T13:36:33","date_gmt":"2024-05-02T16:36:33","guid":{"rendered":"https:\/\/combatte.com.br\/combatte-store\/?post_type=product&#038;p=1376"},"modified":"2024-05-02T13:37:37","modified_gmt":"2024-05-02T16:37:37","slug":"rifle-8117-bolt-action-17hmr-21-preto","status":"publish","type":"product","link":"https:\/\/combatte.com.br\/combatte-store\/?product=rifle-8117-bolt-action-17hmr-21-preto","title":{"rendered":"Rifle 8117 Bolt Action .17HMR 21&#8243; Preto"},"content":{"rendered":"<div class=\"wrapper\">\n<div class=\"a-b-columns a-b-columns--full product-content\">\n<div class=\"a-b-columns__column product-box-text\">\n<div class=\"wrapper\">\n<div class=\"a-b-columns a-b-columns--full product-content\">\n<div class=\"a-b-columns__column product-box-text\">\n<div class=\"wrapper\">\n<div class=\"a-b-columns a-b-columns--full product-content\">\n<div class=\"a-b-columns__column product-box-text\">\n<div class=\"a-b-columns__column product-box-text\">\n<p>Adquira os servi\u00e7os de despachante especializado para a compra desse equipamento.<\/p>\n<p><a href=\"https:\/\/combatte.com.br\/2024\/despachante.php\" target=\"_blank\" rel=\"noopener\">Clique aqui<\/a> e veja todos os nossos servi\u00e7os de despachante b\u00e9lico ou fale conosco diretamente por <a href=\"https:\/\/wa.me\/5519992038121?text=Ol\u00e1!%20Tenho%20interesse%20na%20compra%20de%20um%20armamento%20do%20Combatte-Store.\" target=\"_blank\" rel=\"noopener\">WhatsApp<\/a>\u00a0para a compra desse equipameno.<\/p>\n<p>&nbsp;<\/p>\n<p>O Rifle 8117 Bolt Action possui sistema de repeti\u00e7\u00e3o por ferrolho, reconhecido pela excelente precis\u00e3o nos disparos.\u00a0 Possui moderna coronha tradicional em pol\u00edmero (pol\u00edmero, enriquecido com fibra de vidro), que garante grande leveza e resist\u00eancia \u00e0 arma.<\/p>\n<p>&nbsp;<\/p>\n<\/div>\n<\/div>\n<\/div>\n<\/div>\n<\/div>\n<\/div>\n<\/div>\n<div class=\"wrapper\">\n<div class=\"a-b-columns a-b-columns--full product-content\">\n<div class=\"a-b-columns__column product-box-text\">\n<div class=\"wrapper\">\n<div class=\"a-b-columns a-b-columns--full product-content\">\n<div class=\"a-b-columns__column product-box-detail\">\n<h3 class=\"heading--delta\">ESPECIFICA\u00c7\u00d5ES T\u00c9CNICAS<\/h3>\n<div class=\"product-spec\">\n<table id=\"esp-table\">\n<tbody>\n<tr>\n<th>Calibre:<\/th>\n<td>.17 HMR<\/td>\n<\/tr>\n<tr>\n<th>Modelo:<\/th>\n<td>8117<\/td>\n<\/tr>\n<tr>\n<th>Sistema de Funcionamento:<\/th>\n<td>A\u00e7\u00e3o por Ferrolho<\/td>\n<\/tr>\n<tr>\n<th>C\u00f3digo:<\/th>\n<td>10023237<\/td>\n<\/tr>\n<tr>\n<th>Capacidade:<\/th>\n<td>5+1<\/td>\n<\/tr>\n<tr>\n<th>Quantidade de Carregadores:<\/th>\n<td>2<\/td>\n<\/tr>\n<tr>\n<th>Sistema de Pontaria:<\/th>\n<td>Suporte tipo Weaver para fixa\u00e7\u00e3o de acess\u00f3rios \u00f3pticos. Aparelho de pontaria de filbra \u00f3ptica e al\u00e7a de mira com regulagem microm\u00e9trica vertical e horizontal. Massa de mira e t\u00fanel de prote\u00e7\u00e3o remov\u00edveis.<\/td>\n<\/tr>\n<tr>\n<th>Seguran\u00e7a:<\/th>\n<td>Trava de seguran\u00e7a manual do gatilho tipo bot\u00e3o. Acompanha dispositivo de seguran\u00e7a para prevenir sua utiliza\u00e7\u00e3o por pessoas n\u00e3o autorizadas ou crian\u00e7as.<\/td>\n<\/tr>\n<tr>\n<th>Informa\u00e7\u00f5es Adicionais:<\/th>\n<td>Carregador extra.<\/td>\n<\/tr>\n<\/tbody>\n<\/table>\n<\/div>\n<\/div>\n<\/div>\n<\/div>\n<\/div>\n<\/div>\n<\/div>\n<\/div>\n<\/div>\n<\/div>\n","protected":false},"excerpt":{"rendered":"<p class=\"product-bottom-icons\">Entre em contato com o Consultor\/Lojista para verificar a disponibilidade deste modelo.<\/p>\n<p class=\"product-bottom-icons\">A aquisi\u00e7\u00e3o de armas \u00e9 regulamentada pela Lei 10.826\/03, Decreto 9.847\/2019 e Decreto 11.615\/23. A posse de arma depende de registro por autoridade competente, demonstra\u00e7\u00e3o de efetiva necessidade e cumprimento dos requisitos legais. O porte de arma \u00e9 proibido no territ\u00f3rio nacional, salvo para as categorias autorizadas na Lei e nos casos previstos em legisla\u00e7\u00e3o pr\u00f3pria. A utiliza\u00e7\u00e3o de arma exige treinamento e equil\u00edbrio emocional. Guarde armas e muni\u00e7\u00f5es em local seguro e fora do alcance de crian\u00e7as e pessoas n\u00e3o autorizadas.<\/p>\n","protected":false},"featured_media":1377,"comment_status":"open","ping_status":"closed","template":"","meta":{"om_disable_all_campaigns":false,"_monsterinsights_skip_tracking":false,"_monsterinsights_sitenote_active":false,"_monsterinsights_sitenote_note":"","_monsterinsights_sitenote_category":0,"_uf_show_specific_survey":0,"_uf_disable_surveys":false},"product_cat":[98,104],"product_tag":[],"class_list":{"0":"post-1376","1":"product","2":"type-product","3":"status-publish","4":"has-post-thumbnail","6":"product_cat-armas-longas","7":"product_cat-cbc","9":"first","10":"onbackorder","11":"product-type-simple"},"aioseo_notices":[],"_links":{"self":[{"href":"https:\/\/combatte.com.br\/combatte-store\/index.php?rest_route=\/wp\/v2\/product\/1376","targetHints":{"allow":["GET"]}}],"collection":[{"href":"https:\/\/combatte.com.br\/combatte-store\/index.php?rest_route=\/wp\/v2\/product"}],"about":[{"href":"https:\/\/combatte.com.br\/combatte-store\/index.php?rest_route=\/wp\/v2\/types\/product"}],"replies":[{"embeddable":true,"href":"https:\/\/combatte.com.br\/combatte-store\/index.php?rest_route=%2Fwp%2Fv2%2Fcomments&post=1376"}],"wp:featuredmedia":[{"embeddable":true,"href":"https:\/\/combatte.com.br\/combatte-store\/index.php?rest_route=\/wp\/v2\/media\/1377"}],"wp:attachment":[{"href":"https:\/\/combatte.com.br\/combatte-store\/index.php?rest_route=%2Fwp%2Fv2%2Fmedia&parent=1376"}],"wp:term":[{"taxonomy":"product_cat","embeddable":true,"href":"https:\/\/combatte.com.br\/combatte-store\/index.php?rest_route=%2Fwp%2Fv2%2Fproduct_cat&post=1376"},{"taxonomy":"product_tag","embeddable":true,"href":"https:\/\/combatte.com.br\/combatte-store\/index.php?rest_route=%2Fwp%2Fv2%2Fproduct_tag&post=1376"}],"curies":[{"name":"wp","href":"https:\/\/api.w.org\/{rel}","templated":true}]}}