{"id":1338,"date":"2024-05-02T12:41:47","date_gmt":"2024-05-02T15:41:47","guid":{"rendered":"https:\/\/combatte.com.br\/combatte-store\/?post_type=product&#038;p=1338"},"modified":"2024-05-02T12:43:24","modified_gmt":"2024-05-02T15:43:24","slug":"car-lever-action-38spl-16-ox-fosco","status":"publish","type":"product","link":"https:\/\/combatte.com.br\/combatte-store\/?product=car-lever-action-38spl-16-ox-fosco","title":{"rendered":"Car. Lever Action .38SPL 16&#8243; Ox. Fosco"},"content":{"rendered":"<div class=\"wrapper\">\n<div class=\"a-b-columns a-b-columns--full product-content\">\n<div class=\"a-b-columns__column product-box-text\">\n<div class=\"wrapper\">\n<div class=\"a-b-columns a-b-columns--full product-content\">\n<div class=\"a-b-columns__column product-box-text\">\n<div class=\"wrapper\">\n<div class=\"a-b-columns a-b-columns--full product-content\">\n<div class=\"a-b-columns__column product-box-text\">\n<div class=\"a-b-columns__column product-box-text\">\n<p>Adquira os servi\u00e7os de despachante especializado para a compra desse equipamento.<\/p>\n<p><a href=\"https:\/\/combatte.com.br\/2024\/despachante.php\" target=\"_blank\" rel=\"noopener\">Clique aqui<\/a> e veja todos os nossos servi\u00e7os de despachante b\u00e9lico ou fale conosco diretamente por <a href=\"https:\/\/wa.me\/5519992038121?text=Ol\u00e1!%20Tenho%20interesse%20na%20compra%20de%20um%20armamento%20do%20Combatte-Store.\" target=\"_blank\" rel=\"noopener\">WhatsApp<\/a>\u00a0para a compra desse equipameno.<\/p>\n<p>&nbsp;<\/p>\n<p>As Carabinas Lever Action Rossi s\u00e3o resultado de investimento em aprimoramento da qualidade com excelente acabamento oxidado fosco, uma bel\u00edssima coronha de madeira de lei encerada, protegida contra fungos. Possui soleira em a\u00e7o, al\u00e7a de mira regul\u00e1vel e massa de mira fixa.<\/p>\n<p>&nbsp;<\/p>\n<\/div>\n<\/div>\n<\/div>\n<\/div>\n<\/div>\n<\/div>\n<\/div>\n<div class=\"wrapper\">\n<div class=\"a-b-columns a-b-columns--full product-content\">\n<div class=\"a-b-columns__column product-box-text\">\n<div class=\"wrapper\">\n<div class=\"a-b-columns a-b-columns--full product-content\">\n<div class=\"a-b-columns__column product-box-detail\">\n<h3 class=\"heading--delta\">ESPECIFICA\u00c7\u00d5ES T\u00c9CNICAS<\/h3>\n<div class=\"product-spec\">\n<table id=\"esp-table\">\n<tbody>\n<tr>\n<th>Calibre:<\/th>\n<td>.38 SPL<\/td>\n<\/tr>\n<tr>\n<th>Modelo:<\/th>\n<td>Carabina Lever Action &#8211; Cano Redondo<\/td>\n<\/tr>\n<tr>\n<th>Sistema de Funcionamento:<\/th>\n<td>Repeti\u00e7\u00e3o por alavanca<\/td>\n<\/tr>\n<tr>\n<th>C\u00f3digo:<\/th>\n<td>10022310<\/td>\n<\/tr>\n<tr>\n<th>Capacidade:<\/th>\n<td>8+1<\/td>\n<\/tr>\n<tr>\n<th>Sistema de Pontaria:<\/th>\n<td>Al\u00e7a e massa de mira<\/td>\n<\/tr>\n<tr>\n<th>Seguran\u00e7a:<\/th>\n<td>Trava de seguran\u00e7a manual<\/td>\n<\/tr>\n<\/tbody>\n<\/table>\n<\/div>\n<\/div>\n<\/div>\n<\/div>\n<\/div>\n<\/div>\n<\/div>\n<\/div>\n<\/div>\n<\/div>\n","protected":false},"excerpt":{"rendered":"<p class=\"product-bottom-icons\">Entre em contato com o Consultor\/Lojista para verificar a disponibilidade deste modelo.<\/p>\n<p class=\"product-bottom-icons\">A aquisi\u00e7\u00e3o de armas \u00e9 regulamentada pela Lei 10.826\/03, Decreto 9.847\/2019 e Decreto 11.615\/23. A posse de arma depende de registro por autoridade competente, demonstra\u00e7\u00e3o de efetiva necessidade e cumprimento dos requisitos legais. O porte de arma \u00e9 proibido no territ\u00f3rio nacional, salvo para as categorias autorizadas na Lei e nos casos previstos em legisla\u00e7\u00e3o pr\u00f3pria. A utiliza\u00e7\u00e3o de arma exige treinamento e equil\u00edbrio emocional. Guarde armas e muni\u00e7\u00f5es em local seguro e fora do alcance de crian\u00e7as e pessoas n\u00e3o autorizadas.<\/p>\n","protected":false},"featured_media":1339,"comment_status":"open","ping_status":"closed","template":"","meta":{"om_disable_all_campaigns":false,"_monsterinsights_skip_tracking":false,"_monsterinsights_sitenote_active":false,"_monsterinsights_sitenote_note":"","_monsterinsights_sitenote_category":0,"_uf_show_specific_survey":0,"_uf_disable_surveys":false},"product_cat":[98,104],"product_tag":[],"class_list":{"0":"post-1338","1":"product","2":"type-product","3":"status-publish","4":"has-post-thumbnail","6":"product_cat-armas-longas","7":"product_cat-cbc","9":"first","10":"onbackorder","11":"product-type-simple"},"aioseo_notices":[],"_links":{"self":[{"href":"https:\/\/combatte.com.br\/combatte-store\/index.php?rest_route=\/wp\/v2\/product\/1338","targetHints":{"allow":["GET"]}}],"collection":[{"href":"https:\/\/combatte.com.br\/combatte-store\/index.php?rest_route=\/wp\/v2\/product"}],"about":[{"href":"https:\/\/combatte.com.br\/combatte-store\/index.php?rest_route=\/wp\/v2\/types\/product"}],"replies":[{"embeddable":true,"href":"https:\/\/combatte.com.br\/combatte-store\/index.php?rest_route=%2Fwp%2Fv2%2Fcomments&post=1338"}],"wp:featuredmedia":[{"embeddable":true,"href":"https:\/\/combatte.com.br\/combatte-store\/index.php?rest_route=\/wp\/v2\/media\/1339"}],"wp:attachment":[{"href":"https:\/\/combatte.com.br\/combatte-store\/index.php?rest_route=%2Fwp%2Fv2%2Fmedia&parent=1338"}],"wp:term":[{"taxonomy":"product_cat","embeddable":true,"href":"https:\/\/combatte.com.br\/combatte-store\/index.php?rest_route=%2Fwp%2Fv2%2Fproduct_cat&post=1338"},{"taxonomy":"product_tag","embeddable":true,"href":"https:\/\/combatte.com.br\/combatte-store\/index.php?rest_route=%2Fwp%2Fv2%2Fproduct_tag&post=1338"}],"curies":[{"name":"wp","href":"https:\/\/api.w.org\/{rel}","templated":true}]}}