{"id":1209,"date":"2024-04-08T18:25:53","date_gmt":"2024-04-08T21:25:53","guid":{"rendered":"https:\/\/combatte.com.br\/combatte-store\/?post_type=product&#038;p=1209"},"modified":"2024-04-08T18:27:29","modified_gmt":"2024-04-08T21:27:29","slug":"g29-gen4-subcompacta-10mm-auto","status":"publish","type":"product","link":"https:\/\/combatte.com.br\/combatte-store\/?product=g29-gen4-subcompacta-10mm-auto","title":{"rendered":"G29 Gen4 Subcompacta | 10mm Auto"},"content":{"rendered":"<div class=\"wrapper\">\n<div class=\"a-b-columns a-b-columns--full product-content\">\n<div class=\"a-b-columns__column product-box-text\">\n<div class=\"wrapper\">\n<div class=\"a-b-columns a-b-columns--full product-content\">\n<div class=\"a-b-columns__column product-box-text\">\n<div class=\"wrapper\">\n<div class=\"a-b-columns a-b-columns--full product-content\">\n<div class=\"a-b-columns__column product-box-text\">\n<div class=\"a-b-columns__column product-box-text\">\n<h1 class=\"pistoldetail__description__title\">GLOCK 29 Gen4<\/h1>\n<div class=\"pistoldetail__description\">A GLOCK 29 Gen4 oferece o porte velado de uma pistola compacta enquanto entrega com facilidade a pot\u00eancia bruta de longo alcance do cartucho \u2018magnum force\u2019 10 mm AUTO. O design da Gen4 oferece um padr\u00e3o de ader\u00eancia agressivo para permitir uma empunhadura mais segura na pistola, mesmo com as m\u00e3os enluvadas.<\/div>\n<p>&nbsp;<\/p>\n<\/div>\n<\/div>\n<\/div>\n<\/div>\n<\/div>\n<\/div>\n<\/div>\n<div class=\"wrapper\">\n<div class=\"a-b-columns a-b-columns--full product-content\">\n<div class=\"a-b-columns__column product-box-text\">\n<div class=\"wrapper\">\n<div class=\"a-b-columns a-b-columns--full product-content\">\n<div class=\"a-b-columns__column product-box-detail\">\n<h3 class=\"heading--delta\">ESPECIFICA\u00c7\u00d5ES T\u00c9CNICAS<\/h3>\n<div class=\"product-spec\">\n<p><a href=\"https:\/\/br.glock.com\/pt-br\/pistolas\/g29\" target=\"_blank\" rel=\"noopener\"><b>Acessar site do fabricante<\/b><\/a><\/p>\n<p>Para mais informa\u00e7\u00f5es, consulte o Descritivo T\u00e9cnico.<\/p>\n<p>Imagens ilustrativas. Produto sujeito a altera\u00e7\u00f5es sem aviso pr\u00e9vio.<\/p>\n<\/div>\n<\/div>\n<\/div>\n<\/div>\n<\/div>\n<\/div>\n<\/div>\n<\/div>\n<\/div>\n<\/div>\n","protected":false},"excerpt":{"rendered":"<p class=\"product-bottom-icons\">Entre em contato com o Consultor\/Lojista para verificar a disponibilidade deste modelo.<\/p>\n<p class=\"product-bottom-icons\">A aquisi\u00e7\u00e3o de armas \u00e9 regulamentada pela Lei 10.826\/03, Decreto 9.847\/2019 e Decreto 11.615\/23. A posse de arma depende de registro por autoridade competente, demonstra\u00e7\u00e3o de efetiva necessidade e cumprimento dos requisitos legais. O porte de arma \u00e9 proibido no territ\u00f3rio nacional, salvo para as categorias autorizadas na Lei e nos casos previstos em legisla\u00e7\u00e3o pr\u00f3pria. A utiliza\u00e7\u00e3o de arma exige treinamento e equil\u00edbrio emocional. Guarde armas e muni\u00e7\u00f5es em local seguro e fora do alcance de crian\u00e7as e pessoas n\u00e3o autorizadas.<\/p>\n","protected":false},"featured_media":1210,"comment_status":"open","ping_status":"closed","template":"","meta":{"om_disable_all_campaigns":false,"_monsterinsights_skip_tracking":false,"_monsterinsights_sitenote_active":false,"_monsterinsights_sitenote_note":"","_monsterinsights_sitenote_category":0,"_uf_show_specific_survey":0,"_uf_disable_surveys":false},"product_cat":[100,101,103],"product_tag":[],"class_list":{"0":"post-1209","1":"product","2":"type-product","3":"status-publish","4":"has-post-thumbnail","6":"product_cat-armas-curtas","7":"product_cat-glock","8":"product_cat-pistolas","10":"first","11":"onbackorder","12":"product-type-simple"},"aioseo_notices":[],"_links":{"self":[{"href":"https:\/\/combatte.com.br\/combatte-store\/index.php?rest_route=\/wp\/v2\/product\/1209","targetHints":{"allow":["GET"]}}],"collection":[{"href":"https:\/\/combatte.com.br\/combatte-store\/index.php?rest_route=\/wp\/v2\/product"}],"about":[{"href":"https:\/\/combatte.com.br\/combatte-store\/index.php?rest_route=\/wp\/v2\/types\/product"}],"replies":[{"embeddable":true,"href":"https:\/\/combatte.com.br\/combatte-store\/index.php?rest_route=%2Fwp%2Fv2%2Fcomments&post=1209"}],"wp:featuredmedia":[{"embeddable":true,"href":"https:\/\/combatte.com.br\/combatte-store\/index.php?rest_route=\/wp\/v2\/media\/1210"}],"wp:attachment":[{"href":"https:\/\/combatte.com.br\/combatte-store\/index.php?rest_route=%2Fwp%2Fv2%2Fmedia&parent=1209"}],"wp:term":[{"taxonomy":"product_cat","embeddable":true,"href":"https:\/\/combatte.com.br\/combatte-store\/index.php?rest_route=%2Fwp%2Fv2%2Fproduct_cat&post=1209"},{"taxonomy":"product_tag","embeddable":true,"href":"https:\/\/combatte.com.br\/combatte-store\/index.php?rest_route=%2Fwp%2Fv2%2Fproduct_tag&post=1209"}],"curies":[{"name":"wp","href":"https:\/\/api.w.org\/{rel}","templated":true}]}}