{"id":1201,"date":"2024-04-08T18:17:06","date_gmt":"2024-04-08T21:17:06","guid":{"rendered":"https:\/\/combatte.com.br\/combatte-store\/?post_type=product&#038;p=1201"},"modified":"2024-04-08T18:18:42","modified_gmt":"2024-04-08T21:18:42","slug":"g23-gen5-compacta-40-sw","status":"publish","type":"product","link":"https:\/\/combatte.com.br\/combatte-store\/?product=g23-gen5-compacta-40-sw","title":{"rendered":"G23 Gen5 Compacta | .40 S&#038;W"},"content":{"rendered":"<div class=\"wrapper\">\n<div class=\"a-b-columns a-b-columns--full product-content\">\n<div class=\"a-b-columns__column product-box-text\">\n<div class=\"wrapper\">\n<div class=\"a-b-columns a-b-columns--full product-content\">\n<div class=\"a-b-columns__column product-box-text\">\n<div class=\"wrapper\">\n<div class=\"a-b-columns a-b-columns--full product-content\">\n<div class=\"a-b-columns__column product-box-text\">\n<div class=\"a-b-columns__column product-box-text\">\n<h1 class=\"pistoldetail__description__title\">GLOCK 23 Gen5<\/h1>\n<div class=\"pistoldetail__description\">\n<p>A compacta .40 S&amp;W da GLOCK, equivalente \u00e0 GLOCK 19 Gen5, coloca o poder controlado em um pacote de tamanho ideal &#8211; substancial o suficiente para o uso policial, pequeno o suficiente para um porte velado discreto e confort\u00e1vel durante todo o dia. A melhor escolha para profissionais que trabalham \u00e0 paisana, agora dispon\u00edvel com a tecnologia Gen5.<\/p>\n<p>Com o lan\u00e7amento da G23 Gen5, a mais nova gera\u00e7\u00e3o GLOCK est\u00e1 agora dispon\u00edvel em 40 S&amp;W.<\/p>\n<p>Agora com a tecnologia Gen5, este modelo traz acabamento nDLC, funil, Cano GLOCK Marksman (GMB) e ret\u00e9m do ferrolho ambidestro.<\/p>\n<p>A arma\u00e7\u00e3o da G23 Gen5, como na Gen4, possui sistema de punhos da arma\u00e7\u00e3o modular (MBS) e vem com ret\u00e9m do carregador revers\u00edvel.<\/p>\n<p>Nota: A largura do ferrolho dos modelos .40 S&amp;W Gen5 \u00e9 ligeiramente maior em compara\u00e7\u00e3o com a gera\u00e7\u00e3o anterior. Por favor, considere isto ao escolher seu coldre.<\/p>\n<\/div>\n<p>&nbsp;<\/p>\n<\/div>\n<\/div>\n<\/div>\n<\/div>\n<\/div>\n<\/div>\n<\/div>\n<div class=\"wrapper\">\n<div class=\"a-b-columns a-b-columns--full product-content\">\n<div class=\"a-b-columns__column product-box-text\">\n<div class=\"wrapper\">\n<div class=\"a-b-columns a-b-columns--full product-content\">\n<div class=\"a-b-columns__column product-box-detail\">\n<h3 class=\"heading--delta\">ESPECIFICA\u00c7\u00d5ES T\u00c9CNICAS<\/h3>\n<div class=\"product-spec\">\n<p><a href=\"https:\/\/br.glock.com\/pt-br\/pistolas\/g23-gen5\" target=\"_blank\" rel=\"noopener\"><b>Acessar site do fabricante<\/b><\/a><\/p>\n<p>Para mais informa\u00e7\u00f5es, consulte o Descritivo T\u00e9cnico.<\/p>\n<p>Imagens ilustrativas. Produto sujeito a altera\u00e7\u00f5es sem aviso pr\u00e9vio.<\/p>\n<\/div>\n<\/div>\n<\/div>\n<\/div>\n<\/div>\n<\/div>\n<\/div>\n<\/div>\n<\/div>\n<\/div>\n","protected":false},"excerpt":{"rendered":"<p class=\"product-bottom-icons\">Entre em contato com o Consultor\/Lojista para verificar a disponibilidade deste modelo.<\/p>\n<p class=\"product-bottom-icons\">A aquisi\u00e7\u00e3o de armas \u00e9 regulamentada pela Lei 10.826\/03, Decreto 9.847\/2019 e Decreto 11.615\/23. A posse de arma depende de registro por autoridade competente, demonstra\u00e7\u00e3o de efetiva necessidade e cumprimento dos requisitos legais. O porte de arma \u00e9 proibido no territ\u00f3rio nacional, salvo para as categorias autorizadas na Lei e nos casos previstos em legisla\u00e7\u00e3o pr\u00f3pria. A utiliza\u00e7\u00e3o de arma exige treinamento e equil\u00edbrio emocional. Guarde armas e muni\u00e7\u00f5es em local seguro e fora do alcance de crian\u00e7as e pessoas n\u00e3o autorizadas.<\/p>\n","protected":false},"featured_media":1202,"comment_status":"open","ping_status":"closed","template":"","meta":{"om_disable_all_campaigns":false,"_monsterinsights_skip_tracking":false,"_monsterinsights_sitenote_active":false,"_monsterinsights_sitenote_note":"","_monsterinsights_sitenote_category":0,"_uf_show_specific_survey":0,"_uf_disable_surveys":false},"product_cat":[100,101,103],"product_tag":[],"class_list":{"0":"post-1201","1":"product","2":"type-product","3":"status-publish","4":"has-post-thumbnail","6":"product_cat-armas-curtas","7":"product_cat-glock","8":"product_cat-pistolas","10":"first","11":"onbackorder","12":"product-type-simple"},"aioseo_notices":[],"_links":{"self":[{"href":"https:\/\/combatte.com.br\/combatte-store\/index.php?rest_route=\/wp\/v2\/product\/1201","targetHints":{"allow":["GET"]}}],"collection":[{"href":"https:\/\/combatte.com.br\/combatte-store\/index.php?rest_route=\/wp\/v2\/product"}],"about":[{"href":"https:\/\/combatte.com.br\/combatte-store\/index.php?rest_route=\/wp\/v2\/types\/product"}],"replies":[{"embeddable":true,"href":"https:\/\/combatte.com.br\/combatte-store\/index.php?rest_route=%2Fwp%2Fv2%2Fcomments&post=1201"}],"wp:featuredmedia":[{"embeddable":true,"href":"https:\/\/combatte.com.br\/combatte-store\/index.php?rest_route=\/wp\/v2\/media\/1202"}],"wp:attachment":[{"href":"https:\/\/combatte.com.br\/combatte-store\/index.php?rest_route=%2Fwp%2Fv2%2Fmedia&parent=1201"}],"wp:term":[{"taxonomy":"product_cat","embeddable":true,"href":"https:\/\/combatte.com.br\/combatte-store\/index.php?rest_route=%2Fwp%2Fv2%2Fproduct_cat&post=1201"},{"taxonomy":"product_tag","embeddable":true,"href":"https:\/\/combatte.com.br\/combatte-store\/index.php?rest_route=%2Fwp%2Fv2%2Fproduct_tag&post=1201"}],"curies":[{"name":"wp","href":"https:\/\/api.w.org\/{rel}","templated":true}]}}