{"id":1195,"date":"2024-04-08T17:19:24","date_gmt":"2024-04-08T20:19:24","guid":{"rendered":"https:\/\/combatte.com.br\/combatte-store\/?post_type=product&#038;p=1195"},"modified":"2024-04-08T17:23:00","modified_gmt":"2024-04-08T20:23:00","slug":"g44-compacta-22-l-r","status":"publish","type":"product","link":"https:\/\/combatte.com.br\/combatte-store\/?product=g44-compacta-22-l-r","title":{"rendered":"G44  Compacta | 22 l.r."},"content":{"rendered":"<div class=\"wrapper\">\n<div class=\"a-b-columns a-b-columns--full product-content\">\n<div class=\"a-b-columns__column product-box-text\">\n<div class=\"wrapper\">\n<div class=\"a-b-columns a-b-columns--full product-content\">\n<div class=\"a-b-columns__column product-box-text\">\n<div class=\"wrapper\">\n<div class=\"a-b-columns a-b-columns--full product-content\">\n<div class=\"a-b-columns__column product-box-text\">\n<div class=\"a-b-columns__column product-box-text\">\n<h1 class=\"pistoldetail__description__title\">GLOCK 44 \u2013 GLOCK DE VERDADE. NOVO CALIBRE. EXPERI\u00caNCIA 22 l.r.<\/h1>\n<div class=\"pistoldetail__description\">\n<p>Uma vez que voc\u00ea come\u00e7a com a perfei\u00e7\u00e3o &#8211; voc\u00ea fica com a perfei\u00e7\u00e3o. A G44 \u00e9 a pistola ideal para iniciar ou melhorar sua carreira de tiro recreativo. A mistura perfeita de pol\u00edmero e a\u00e7o d\u00e1 a experi\u00eancia de disparar uma pistola GLOCK enquanto se manuseia uma pistola leve de baixo recuo.<\/p>\n<p>A G44 \u00e9 uma pistola de tamanho compacto que pode ser adaptada a praticamente qualquer tamanho de m\u00e3o usando os diferentes punhos de arma\u00e7\u00e3o fornecidos com a pistola. Foi testada com uma gama diversa de cartuchos e seu Cano GLOCK Marksman \u00e9 super preciso.<\/p>\n<p>O equipamento certo \u00e9 essencial, e a G44 vem com al\u00e7a de mira ajust\u00e1vel em pol\u00edmero, dois carregadores com sistema integrado de ajuda de carregamento, uma chave de fenda para as miras, um novo kit de limpeza para o cano menor e um conjunto de punhos de arma\u00e7\u00e3o com beavertail. Tudo o que um atirador bem-preparado precisa.<\/p>\n<\/div>\n<p>&nbsp;<\/p>\n<\/div>\n<\/div>\n<\/div>\n<\/div>\n<\/div>\n<\/div>\n<\/div>\n<div class=\"wrapper\">\n<div class=\"a-b-columns a-b-columns--full product-content\">\n<div class=\"a-b-columns__column product-box-text\">\n<div class=\"wrapper\">\n<div class=\"a-b-columns a-b-columns--full product-content\">\n<div class=\"a-b-columns__column product-box-detail\">\n<h3 class=\"heading--delta\">ESPECIFICA\u00c7\u00d5ES T\u00c9CNICAS<\/h3>\n<div class=\"product-spec\">\n<p><a href=\"https:\/\/br.glock.com\/pt-br\/pistolas\/g44\" target=\"_blank\" rel=\"noopener\"><b>Acessar site do fabricante<\/b><\/a><\/p>\n<p>Para mais informa\u00e7\u00f5es, consulte o Descritivo T\u00e9cnico.<\/p>\n<p>Imagens ilustrativas. Produto sujeito a altera\u00e7\u00f5es sem aviso pr\u00e9vio.<\/p>\n<\/div>\n<\/div>\n<\/div>\n<\/div>\n<\/div>\n<\/div>\n<\/div>\n<\/div>\n<\/div>\n<\/div>\n","protected":false},"excerpt":{"rendered":"<p class=\"product-bottom-icons\">Entre em contato com o Consultor\/Lojista para verificar a disponibilidade deste modelo.<\/p>\n<p class=\"product-bottom-icons\">A aquisi\u00e7\u00e3o de armas \u00e9 regulamentada pela Lei 10.826\/03, Decreto 9.847\/2019 e Decreto 11.615\/23. A posse de arma depende de registro por autoridade competente, demonstra\u00e7\u00e3o de efetiva necessidade e cumprimento dos requisitos legais. O porte de arma \u00e9 proibido no territ\u00f3rio nacional, salvo para as categorias autorizadas na Lei e nos casos previstos em legisla\u00e7\u00e3o pr\u00f3pria. A utiliza\u00e7\u00e3o de arma exige treinamento e equil\u00edbrio emocional. Guarde armas e muni\u00e7\u00f5es em local seguro e fora do alcance de crian\u00e7as e pessoas n\u00e3o autorizadas.<\/p>\n","protected":false},"featured_media":1196,"comment_status":"open","ping_status":"closed","template":"","meta":{"om_disable_all_campaigns":false,"_monsterinsights_skip_tracking":false,"_monsterinsights_sitenote_active":false,"_monsterinsights_sitenote_note":"","_monsterinsights_sitenote_category":0,"_uf_show_specific_survey":0,"_uf_disable_surveys":false},"product_cat":[100,101,103],"product_tag":[],"class_list":{"0":"post-1195","1":"product","2":"type-product","3":"status-publish","4":"has-post-thumbnail","6":"product_cat-armas-curtas","7":"product_cat-glock","8":"product_cat-pistolas","10":"first","11":"onbackorder","12":"product-type-simple"},"aioseo_notices":[],"_links":{"self":[{"href":"https:\/\/combatte.com.br\/combatte-store\/index.php?rest_route=\/wp\/v2\/product\/1195","targetHints":{"allow":["GET"]}}],"collection":[{"href":"https:\/\/combatte.com.br\/combatte-store\/index.php?rest_route=\/wp\/v2\/product"}],"about":[{"href":"https:\/\/combatte.com.br\/combatte-store\/index.php?rest_route=\/wp\/v2\/types\/product"}],"replies":[{"embeddable":true,"href":"https:\/\/combatte.com.br\/combatte-store\/index.php?rest_route=%2Fwp%2Fv2%2Fcomments&post=1195"}],"wp:featuredmedia":[{"embeddable":true,"href":"https:\/\/combatte.com.br\/combatte-store\/index.php?rest_route=\/wp\/v2\/media\/1196"}],"wp:attachment":[{"href":"https:\/\/combatte.com.br\/combatte-store\/index.php?rest_route=%2Fwp%2Fv2%2Fmedia&parent=1195"}],"wp:term":[{"taxonomy":"product_cat","embeddable":true,"href":"https:\/\/combatte.com.br\/combatte-store\/index.php?rest_route=%2Fwp%2Fv2%2Fproduct_cat&post=1195"},{"taxonomy":"product_tag","embeddable":true,"href":"https:\/\/combatte.com.br\/combatte-store\/index.php?rest_route=%2Fwp%2Fv2%2Fproduct_tag&post=1195"}],"curies":[{"name":"wp","href":"https:\/\/api.w.org\/{rel}","templated":true}]}}