{"id":1191,"date":"2024-04-08T17:15:15","date_gmt":"2024-04-08T20:15:15","guid":{"rendered":"https:\/\/combatte.com.br\/combatte-store\/?post_type=product&#038;p=1191"},"modified":"2024-04-08T17:16:45","modified_gmt":"2024-04-08T20:16:45","slug":"g48-mos-compacta-9-mm-luger","status":"publish","type":"product","link":"https:\/\/combatte.com.br\/combatte-store\/?product=g48-mos-compacta-9-mm-luger","title":{"rendered":"G48 MOS Compacta | 9 mm Luger"},"content":{"rendered":"<div class=\"wrapper\">\n<div class=\"a-b-columns a-b-columns--full product-content\">\n<div class=\"a-b-columns__column product-box-text\">\n<div class=\"wrapper\">\n<div class=\"a-b-columns a-b-columns--full product-content\">\n<div class=\"a-b-columns__column product-box-text\">\n<div class=\"wrapper\">\n<div class=\"a-b-columns a-b-columns--full product-content\">\n<div class=\"a-b-columns__column product-box-text\">\n<div class=\"a-b-columns__column product-box-text\">\n<h1 class=\"pistoldetail__description__title\">G48 MOS \u2013 A nova pistola compacta GLOCK Slimline com a configura\u00e7\u00e3o de Sistema \u00d3tico Modular (MOS)<\/h1>\n<div class=\"pistoldetail__description\">A G48 MOS vem com ferrolho recortado para acoplagem de dispositivos \u00f3ticos e acess\u00f3rios. A companheira t\u00e1tica perfeita e discreta para o uso velado.<br \/>\nEla apresenta comprimento e altura similares ao modelo compacto da G19, mas com o j\u00e1 conhecido design GLOCK Slimline, que tem largura reduzida para o conforto perfeito no porte.<\/p>\n<p>A arma\u00e7\u00e3o possui trilho de montagem de acess\u00f3rios t\u00e1ticos, al\u00e9m dos elementos da s\u00e9rie Slimline, como a dist\u00e2ncia curta do gatilho, beavertail embutido, ret\u00e9m do carregador revers\u00edvel e a perfeita precis\u00e3o do cano GLOCK Marksman (GMB) da Gen5 com serrilhado frontal.<\/p>\n<p>O carregador fino (slim) \u00e9 constru\u00eddo nos padr\u00f5es de excel\u00eancia GLOCK, com elevador de muni\u00e7\u00e3o laranja para maior visibilidade e especialmente desenvolvido para garantir a capacidade de 10 muni\u00e7\u00f5es.<\/p>\n<p>Nota: A G48 com o Sistema Modular \u00d3tico (MOS) n\u00e3o vem com placas adaptadoras.<\/p><\/div>\n<p>&nbsp;<\/p>\n<\/div>\n<\/div>\n<\/div>\n<\/div>\n<\/div>\n<\/div>\n<\/div>\n<div class=\"wrapper\">\n<div class=\"a-b-columns a-b-columns--full product-content\">\n<div class=\"a-b-columns__column product-box-text\">\n<div class=\"wrapper\">\n<div class=\"a-b-columns a-b-columns--full product-content\">\n<div class=\"a-b-columns__column product-box-detail\">\n<h3 class=\"heading--delta\">ESPECIFICA\u00c7\u00d5ES T\u00c9CNICAS<\/h3>\n<div class=\"product-spec\">\n<p><a href=\"https:\/\/br.glock.com\/pt-br\/pistolas\/g48-mos\" target=\"_blank\" rel=\"noopener\"><b>Acessar site do fabricante<\/b><\/a><\/p>\n<p>Para mais informa\u00e7\u00f5es, consulte o Descritivo T\u00e9cnico.<\/p>\n<p>Imagens ilustrativas. Produto sujeito a altera\u00e7\u00f5es sem aviso pr\u00e9vio.<\/p>\n<\/div>\n<\/div>\n<\/div>\n<\/div>\n<\/div>\n<\/div>\n<\/div>\n<\/div>\n<\/div>\n<\/div>\n","protected":false},"excerpt":{"rendered":"<p class=\"product-bottom-icons\">Entre em contato com o Consultor\/Lojista para verificar a disponibilidade deste modelo.<\/p>\n<p class=\"product-bottom-icons\">A aquisi\u00e7\u00e3o de armas \u00e9 regulamentada pela Lei 10.826\/03, Decreto 9.847\/2019 e Decreto 11.615\/23. A posse de arma depende de registro por autoridade competente, demonstra\u00e7\u00e3o de efetiva necessidade e cumprimento dos requisitos legais. O porte de arma \u00e9 proibido no territ\u00f3rio nacional, salvo para as categorias autorizadas na Lei e nos casos previstos em legisla\u00e7\u00e3o pr\u00f3pria. A utiliza\u00e7\u00e3o de arma exige treinamento e equil\u00edbrio emocional. Guarde armas e muni\u00e7\u00f5es em local seguro e fora do alcance de crian\u00e7as e pessoas n\u00e3o autorizadas.<\/p>\n","protected":false},"featured_media":1192,"comment_status":"open","ping_status":"closed","template":"","meta":{"om_disable_all_campaigns":false,"_monsterinsights_skip_tracking":false,"_monsterinsights_sitenote_active":false,"_monsterinsights_sitenote_note":"","_monsterinsights_sitenote_category":0,"_uf_show_specific_survey":0,"_uf_disable_surveys":false},"product_cat":[100,101,103],"product_tag":[],"class_list":{"0":"post-1191","1":"product","2":"type-product","3":"status-publish","4":"has-post-thumbnail","6":"product_cat-armas-curtas","7":"product_cat-glock","8":"product_cat-pistolas","10":"first","11":"onbackorder","12":"product-type-simple"},"aioseo_notices":[],"_links":{"self":[{"href":"https:\/\/combatte.com.br\/combatte-store\/index.php?rest_route=\/wp\/v2\/product\/1191","targetHints":{"allow":["GET"]}}],"collection":[{"href":"https:\/\/combatte.com.br\/combatte-store\/index.php?rest_route=\/wp\/v2\/product"}],"about":[{"href":"https:\/\/combatte.com.br\/combatte-store\/index.php?rest_route=\/wp\/v2\/types\/product"}],"replies":[{"embeddable":true,"href":"https:\/\/combatte.com.br\/combatte-store\/index.php?rest_route=%2Fwp%2Fv2%2Fcomments&post=1191"}],"wp:featuredmedia":[{"embeddable":true,"href":"https:\/\/combatte.com.br\/combatte-store\/index.php?rest_route=\/wp\/v2\/media\/1192"}],"wp:attachment":[{"href":"https:\/\/combatte.com.br\/combatte-store\/index.php?rest_route=%2Fwp%2Fv2%2Fmedia&parent=1191"}],"wp:term":[{"taxonomy":"product_cat","embeddable":true,"href":"https:\/\/combatte.com.br\/combatte-store\/index.php?rest_route=%2Fwp%2Fv2%2Fproduct_cat&post=1191"},{"taxonomy":"product_tag","embeddable":true,"href":"https:\/\/combatte.com.br\/combatte-store\/index.php?rest_route=%2Fwp%2Fv2%2Fproduct_tag&post=1191"}],"curies":[{"name":"wp","href":"https:\/\/api.w.org\/{rel}","templated":true}]}}