{"id":1189,"date":"2024-04-08T17:11:30","date_gmt":"2024-04-08T20:11:30","guid":{"rendered":"https:\/\/combatte.com.br\/combatte-store\/?post_type=product&#038;p=1189"},"modified":"2024-04-08T17:13:44","modified_gmt":"2024-04-08T20:13:44","slug":"g45-crossover-compacta-9-mm-luger","status":"publish","type":"product","link":"https:\/\/combatte.com.br\/combatte-store\/?product=g45-crossover-compacta-9-mm-luger","title":{"rendered":"G45 Crossover Compacta | 9 mm Luger"},"content":{"rendered":"<div class=\"wrapper\">\n<div class=\"a-b-columns a-b-columns--full product-content\">\n<div class=\"a-b-columns__column product-box-text\">\n<div class=\"wrapper\">\n<div class=\"a-b-columns a-b-columns--full product-content\">\n<div class=\"a-b-columns__column product-box-text\">\n<div class=\"wrapper\">\n<div class=\"a-b-columns a-b-columns--full product-content\">\n<div class=\"a-b-columns__column product-box-text\">\n<div class=\"a-b-columns__column product-box-text\">\n<h1 class=\"pistoldetail__description__title\">GLOCK 45 &#8211; a crossover compacta em preto<\/h1>\n<div class=\"pistoldetail__description\">\n<p>A pistola crossover compacta G45 em 9x19mm combina um ferrolho compacto com uma arma\u00e7\u00e3o padr\u00e3o e traz todos os benef\u00edcios dos modelos Gen5. Como a G19X, a G45 incorpora os avan\u00e7os de engenharia e design desenvolvidos pela GLOCK para atender \u00e0s especifica\u00e7\u00f5es militares e policiais.<\/p>\n<p>O ferrolho vem com o acabamento GLOCK\u00a0<strong>nDLC\u00a0<\/strong>de superf\u00edcie dura superior em preto n\u00e3o reflexivo.\u00a0Ela vem com\u00a0<strong>serrilhado frontal\u00a0<\/strong>(FS) que fornece uma superf\u00edcie t\u00e1til adicional ao manusear o ferrolho dando ao operador tra\u00e7\u00e3o positiva mesmo com m\u00e3o molhada ou suada.\u00a0O funil da armac\u0327a\u0303o d\u00e1 ao usua\u0301rio mais velocidade durante a troca de carregador em que frac\u0327o\u0303es de segundo podem ser vitais. Outras caracter\u00edsticas incluem um gatilho suave, textura aprimorada para melhor empunhadura, um ret\u00e9m do carregador revers\u00edvel, ret\u00e9m do ferrolho ambidestro, sistema de punho de arma\u00e7\u00e3o modular para ajuste individual e o incrivelmente preciso e confi\u00e1vel\u00a0<strong>Cano GLOCK Marksman<\/strong>\u00a0(GMB).<\/p>\n<p>A GLOCK G45 apresenta\u00a0<strong>o pr\u00f3ximo n\u00edvel de desempenho para pistolas de servi\u00e7o<\/strong>\u00a0&#8211; testada, comprovada e incompar\u00e1vel.<\/p>\n<\/div>\n<p>&nbsp;<\/p>\n<\/div>\n<\/div>\n<\/div>\n<\/div>\n<\/div>\n<\/div>\n<\/div>\n<div class=\"wrapper\">\n<div class=\"a-b-columns a-b-columns--full product-content\">\n<div class=\"a-b-columns__column product-box-text\">\n<div class=\"wrapper\">\n<div class=\"a-b-columns a-b-columns--full product-content\">\n<div class=\"a-b-columns__column product-box-detail\">\n<h3 class=\"heading--delta\">ESPECIFICA\u00c7\u00d5ES T\u00c9CNICAS<\/h3>\n<div class=\"product-spec\">\n<p><a href=\"https:\/\/br.glock.com\/pt-br\/pistolas\/g45\" target=\"_blank\" rel=\"noopener\"><b>Acessar site do fabricante<\/b><\/a><\/p>\n<p>Para mais informa\u00e7\u00f5es, consulte o Descritivo T\u00e9cnico.<\/p>\n<p>Imagens ilustrativas. Produto sujeito a altera\u00e7\u00f5es sem aviso pr\u00e9vio.<\/p>\n<\/div>\n<\/div>\n<\/div>\n<\/div>\n<\/div>\n<\/div>\n<\/div>\n<\/div>\n<\/div>\n<\/div>\n","protected":false},"excerpt":{"rendered":"<p class=\"product-bottom-icons\">Entre em contato com o Consultor\/Lojista para verificar a disponibilidade deste modelo.<\/p>\n<p class=\"product-bottom-icons\">A aquisi\u00e7\u00e3o de armas \u00e9 regulamentada pela Lei 10.826\/03, Decreto 9.847\/2019 e Decreto 11.615\/23. A posse de arma depende de registro por autoridade competente, demonstra\u00e7\u00e3o de efetiva necessidade e cumprimento dos requisitos legais. O porte de arma \u00e9 proibido no territ\u00f3rio nacional, salvo para as categorias autorizadas na Lei e nos casos previstos em legisla\u00e7\u00e3o pr\u00f3pria. A utiliza\u00e7\u00e3o de arma exige treinamento e equil\u00edbrio emocional. Guarde armas e muni\u00e7\u00f5es em local seguro e fora do alcance de crian\u00e7as e pessoas n\u00e3o autorizadas.<\/p>\n","protected":false},"featured_media":1190,"comment_status":"open","ping_status":"closed","template":"","meta":{"om_disable_all_campaigns":false,"_monsterinsights_skip_tracking":false,"_monsterinsights_sitenote_active":false,"_monsterinsights_sitenote_note":"","_monsterinsights_sitenote_category":0,"_uf_show_specific_survey":0,"_uf_disable_surveys":false},"product_cat":[100,101,103],"product_tag":[],"class_list":{"0":"post-1189","1":"product","2":"type-product","3":"status-publish","4":"has-post-thumbnail","6":"product_cat-armas-curtas","7":"product_cat-glock","8":"product_cat-pistolas","10":"first","11":"onbackorder","12":"product-type-simple"},"aioseo_notices":[],"_links":{"self":[{"href":"https:\/\/combatte.com.br\/combatte-store\/index.php?rest_route=\/wp\/v2\/product\/1189","targetHints":{"allow":["GET"]}}],"collection":[{"href":"https:\/\/combatte.com.br\/combatte-store\/index.php?rest_route=\/wp\/v2\/product"}],"about":[{"href":"https:\/\/combatte.com.br\/combatte-store\/index.php?rest_route=\/wp\/v2\/types\/product"}],"replies":[{"embeddable":true,"href":"https:\/\/combatte.com.br\/combatte-store\/index.php?rest_route=%2Fwp%2Fv2%2Fcomments&post=1189"}],"wp:featuredmedia":[{"embeddable":true,"href":"https:\/\/combatte.com.br\/combatte-store\/index.php?rest_route=\/wp\/v2\/media\/1190"}],"wp:attachment":[{"href":"https:\/\/combatte.com.br\/combatte-store\/index.php?rest_route=%2Fwp%2Fv2%2Fmedia&parent=1189"}],"wp:term":[{"taxonomy":"product_cat","embeddable":true,"href":"https:\/\/combatte.com.br\/combatte-store\/index.php?rest_route=%2Fwp%2Fv2%2Fproduct_cat&post=1189"},{"taxonomy":"product_tag","embeddable":true,"href":"https:\/\/combatte.com.br\/combatte-store\/index.php?rest_route=%2Fwp%2Fv2%2Fproduct_tag&post=1189"}],"curies":[{"name":"wp","href":"https:\/\/api.w.org\/{rel}","templated":true}]}}