{"id":1163,"date":"2024-04-08T15:48:47","date_gmt":"2024-04-08T18:48:47","guid":{"rendered":"https:\/\/combatte.com.br\/combatte-store\/?post_type=product&#038;p=1163"},"modified":"2024-04-08T15:55:55","modified_gmt":"2024-04-08T18:55:55","slug":"g17-gen5-mos-padrao-9-mm-luger","status":"publish","type":"product","link":"https:\/\/combatte.com.br\/combatte-store\/?product=g17-gen5-mos-padrao-9-mm-luger","title":{"rendered":"G17 Gen5 MOS Padr\u00e3o | 9 mm Luger"},"content":{"rendered":"<div class=\"wrapper\">\n<div class=\"a-b-columns a-b-columns--full product-content\">\n<div class=\"a-b-columns__column product-box-text\">\n<div class=\"wrapper\">\n<div class=\"a-b-columns a-b-columns--full product-content\">\n<div class=\"a-b-columns__column product-box-text\">\n<div class=\"wrapper\">\n<div class=\"a-b-columns a-b-columns--full product-content\">\n<div class=\"a-b-columns__column product-box-text\">\n<div class=\"a-b-columns__column product-box-text\">\n<h1 class=\"pistoldetail__description__title\">G17 Gen5 MOS \u2013 Montagem simplificada de miras \u00f3ticas<\/h1>\n<div class=\"pistoldetail__description\">\n<p>A GLOCK G17 Gen5 MOS aprimora o quase perfeito modelo Gen5 da \u201cOriginal\u201d com a adi\u00e7\u00e3o do\u00a0<strong>Sistema \u00d3tico Modular (MOS)<\/strong>. O ferrolho \u00e9 customizado para fornecer um sistema de montagem para miras \u00f3ticas dos principais fabricantes. Com\u00a0<strong>placas adaptadoras m\u00faltiplas<\/strong>, voc\u00ea pode de maneira r\u00e1pida e f\u00e1cil montar miras red dot na parte traseira do ferrolho da GLOCK Gen5, que possui\u00a0<strong>serrilhado frontal<\/strong>\u00a0para manuseio f\u00e1cil e r\u00e1pido.<\/p>\n<p>Todas as qualidades da Gen5 est\u00e3o presentes nessa pistola de tamanho padr\u00e3o: o mais novo acabamento GLOCK\u00a0<strong>nDLC na superf\u00edcie\u00a0<\/strong>nos componentes principais de metal, sem igual na durabilidade e resist\u00eancia \u00e0 ferrugem; superf\u00edcie de arma\u00e7\u00e3o de alta textura Gen5, ret\u00e9m do carregador rapidamente revers\u00edvel, ret\u00e9m do ferrolho ambidestro, Sistema GLOCK de Punhos de Arma\u00e7\u00e3o Modular\u00a0<strong>\u00a0GLOCK Modular Beavertail Backstrap System (MBS)\u00a0<\/strong>para customizar empunhadura individual, o\u00a0universalmente aclamado\u00a0<strong>Sistema GLOCK de Ac\u0327a\u0303o Segura (Safe Action\u00ae)\u00a0<\/strong>e<strong>\u00a0<\/strong>transportador laranja de carregador para alta visibilidade.<\/p>\n<p>Nota: Mira Red Dot n\u00e3o inclusa.<\/p>\n<\/div>\n<p>&nbsp;<\/p>\n<\/div>\n<\/div>\n<\/div>\n<\/div>\n<\/div>\n<\/div>\n<\/div>\n<div class=\"wrapper\">\n<div class=\"a-b-columns a-b-columns--full product-content\">\n<div class=\"a-b-columns__column product-box-text\">\n<div class=\"wrapper\">\n<div class=\"a-b-columns a-b-columns--full product-content\">\n<div class=\"a-b-columns__column product-box-detail\">\n<h3 class=\"heading--delta\">ESPECIFICA\u00c7\u00d5ES T\u00c9CNICAS<\/h3>\n<div class=\"product-spec\">\n<p><a href=\"https:\/\/br.glock.com\/pt-br\/pistolas\/g17-gen5-mos\" target=\"_blank\" rel=\"noopener\"><b>Acessar site do fabricante<\/b><\/a><\/p>\n<p>Para mais informa\u00e7\u00f5es, consulte o Descritivo T\u00e9cnico.<\/p>\n<p>Imagens ilustrativas. Produto sujeito a altera\u00e7\u00f5es sem aviso pr\u00e9vio.<\/p>\n<\/div>\n<\/div>\n<\/div>\n<\/div>\n<\/div>\n<\/div>\n<\/div>\n<\/div>\n<\/div>\n<\/div>\n","protected":false},"excerpt":{"rendered":"<p class=\"product-bottom-icons\">Entre em contato com o Consultor\/Lojista para verificar a disponibilidade deste modelo.<\/p>\n<p class=\"product-bottom-icons\">A aquisi\u00e7\u00e3o de armas \u00e9 regulamentada pela Lei 10.826\/03, Decreto 9.847\/2019 e Decreto 11.615\/23. A posse de arma depende de registro por autoridade competente, demonstra\u00e7\u00e3o de efetiva necessidade e cumprimento dos requisitos legais. O porte de arma \u00e9 proibido no territ\u00f3rio nacional, salvo para as categorias autorizadas na Lei e nos casos previstos em legisla\u00e7\u00e3o pr\u00f3pria. A utiliza\u00e7\u00e3o de arma exige treinamento e equil\u00edbrio emocional. Guarde armas e muni\u00e7\u00f5es em local seguro e fora do alcance de crian\u00e7as e pessoas n\u00e3o autorizadas.<\/p>\n","protected":false},"featured_media":1164,"comment_status":"open","ping_status":"closed","template":"","meta":{"om_disable_all_campaigns":false,"_monsterinsights_skip_tracking":false,"_monsterinsights_sitenote_active":false,"_monsterinsights_sitenote_note":"","_monsterinsights_sitenote_category":0,"_uf_show_specific_survey":0,"_uf_disable_surveys":false},"product_cat":[100,101,103],"product_tag":[],"class_list":{"0":"post-1163","1":"product","2":"type-product","3":"status-publish","4":"has-post-thumbnail","6":"product_cat-armas-curtas","7":"product_cat-glock","8":"product_cat-pistolas","10":"first","11":"onbackorder","12":"product-type-simple"},"aioseo_notices":[],"_links":{"self":[{"href":"https:\/\/combatte.com.br\/combatte-store\/index.php?rest_route=\/wp\/v2\/product\/1163","targetHints":{"allow":["GET"]}}],"collection":[{"href":"https:\/\/combatte.com.br\/combatte-store\/index.php?rest_route=\/wp\/v2\/product"}],"about":[{"href":"https:\/\/combatte.com.br\/combatte-store\/index.php?rest_route=\/wp\/v2\/types\/product"}],"replies":[{"embeddable":true,"href":"https:\/\/combatte.com.br\/combatte-store\/index.php?rest_route=%2Fwp%2Fv2%2Fcomments&post=1163"}],"wp:featuredmedia":[{"embeddable":true,"href":"https:\/\/combatte.com.br\/combatte-store\/index.php?rest_route=\/wp\/v2\/media\/1164"}],"wp:attachment":[{"href":"https:\/\/combatte.com.br\/combatte-store\/index.php?rest_route=%2Fwp%2Fv2%2Fmedia&parent=1163"}],"wp:term":[{"taxonomy":"product_cat","embeddable":true,"href":"https:\/\/combatte.com.br\/combatte-store\/index.php?rest_route=%2Fwp%2Fv2%2Fproduct_cat&post=1163"},{"taxonomy":"product_tag","embeddable":true,"href":"https:\/\/combatte.com.br\/combatte-store\/index.php?rest_route=%2Fwp%2Fv2%2Fproduct_tag&post=1163"}],"curies":[{"name":"wp","href":"https:\/\/api.w.org\/{rel}","templated":true}]}}