{"id":1153,"date":"2024-04-08T15:27:25","date_gmt":"2024-04-08T18:27:25","guid":{"rendered":"https:\/\/combatte.com.br\/combatte-store\/?post_type=product&#038;p=1153"},"modified":"2024-04-08T15:30:53","modified_gmt":"2024-04-08T18:30:53","slug":"boito-pump","status":"publish","type":"product","link":"https:\/\/combatte.com.br\/combatte-store\/?product=boito-pump","title":{"rendered":"BOITO PUMP"},"content":{"rendered":"<div class=\"wrapper\">\n<div class=\"a-b-columns a-b-columns--full product-content\">\n<div class=\"a-b-columns__column product-box-text\">\n<div class=\"wrapper\">\n<div class=\"a-b-columns a-b-columns--full product-content\">\n<div class=\"a-b-columns__column product-box-text\">\n<div class=\"wrapper\">\n<div class=\"a-b-columns a-b-columns--full product-content\">\n<div class=\"a-b-columns__column product-box-text\">\n<div class=\"a-b-columns__column product-box-text\">\n<p>A PUMP BOITO sempre foi uma das prefer\u00eancias tanto para ca\u00e7a quanto para os servi\u00e7os de seguran\u00e7a, o\u00a0atrativo desta arma al\u00e9m do seu design robusto, \u00e9 seu mecanismo de extra\u00e7\u00e3o e de engatilhgamento. Se\u00a0j\u00e1 n\u00e3o bastasse essas caracter\u00edsticas a BOITO implementou v\u00e1rios acess\u00f3rios para a espingarda.<\/p>\n<p>&nbsp;<\/p>\n<p>A PUMP possui cano feito em a\u00e7o ABNT 1045; Calibre 12 (12 ga.); C\u00e2mara 3\u201d (76mm); Alma lisa, di\u00e2metro\u00a0interno nominal 18,5mm e acabamento oxidado, ou niquelado. O mecanismo de disparo \u00e9 independente,\u00a0bateria montada no guarda-mato feito em pol\u00edmero de engenharia, de f\u00e1cil remo\u00e7\u00e3o e 100% intercambi\u00e1vel.\u00a0O recept\u00e1culo (culatra) \u00e9 feito em duralum\u00ednio aeron\u00e1utico ABNT 7075-T6 de alta resist\u00eancia mec\u00e2nica.<\/p>\n<p>&nbsp;<\/p>\n<p>Mais algumas caracter\u00edsticas: Extratores duplos opostos; Duplo comando lateral do ferrolho; Trava de\u00a0seguran\u00e7a de corredi\u00e7a, instalada na parte superior do recept\u00e1culo para f\u00e1cil acionamento; Liberador do\u00a0ferrolho para descarregamento da arma situado no lado esquerdo do guarda-mato para f\u00e1cil acionamento;\u00a0Desmuniciamento manual que pode ser feito atrav\u00e9s de um toque no ret\u00e9m do cartucho localizado no\u00a0interior do recept\u00e1culo.<\/p>\n<p>&nbsp;<\/p>\n<\/div>\n<\/div>\n<\/div>\n<\/div>\n<p>&nbsp;<\/p>\n<\/div>\n<\/div>\n<\/div>\n<div class=\"wrapper\">\n<div class=\"a-b-columns a-b-columns--full product-content\">\n<div class=\"a-b-columns__column product-box-text\">\n<div class=\"wrapper\">\n<div class=\"a-b-columns a-b-columns--full product-content\">\n<div class=\"a-b-columns__column product-box-detail\">\n<h3 class=\"heading--delta\">ESPECIFICA\u00c7\u00d5ES T\u00c9CNICAS<\/h3>\n<div class=\"product-spec\">\n<p>Baixe os arquivos abaixo em formato PDF.<\/p>\n<ul>\n<li><a href=\"https:\/\/www.armasboito.com.br\/anexos\/Arquivos\/50106317a18f8b7019b1f658ae884915.pdf\" target=\"_blank\" rel=\"noopener\">Especifica\u00e7\u00f5es T\u00e9cnicas: PUMP<\/a><\/li>\n<li><a href=\"https:\/\/www.armasboito.com.br\/anexos\/Arquivos\/f3f5e64ee735b91f02293ab98a085adf.pdf\" target=\"_blank\" rel=\"noopener\">Vista Explodida Pump<\/a><\/li>\n<li><a href=\"https:\/\/www.armasboito.com.br\/anexos\/Arquivos\/1df82b7cbb135d5f4c6aa9a81cd0449b.pdf\" target=\"_blank\" rel=\"noopener\">Modelos de Desenhos: Pump Super Luxo<\/a><\/li>\n<li><a href=\"https:\/\/www.armasboito.com.br\/anexos\/Arquivos\/4c3b72812f12a4bcfe997d877dcc0a9d.pdf\" target=\"_blank\" rel=\"noopener\">Manual PUMP<\/a><\/li>\n<\/ul>\n<\/div>\n<\/div>\n<\/div>\n<\/div>\n<\/div>\n<\/div>\n<\/div>\n<\/div>\n<\/div>\n<\/div>\n","protected":false},"excerpt":{"rendered":"<p class=\"product-bottom-icons\">Entre em contato com o Consultor\/Lojista para verificar a disponibilidade deste modelo.<\/p>\n<p class=\"product-bottom-icons\">A aquisi\u00e7\u00e3o de armas \u00e9 regulamentada pela Lei 10.826\/03, Decreto 9.847\/2019 e Decreto 11.615\/23. A posse de arma depende de registro por autoridade competente, demonstra\u00e7\u00e3o de efetiva necessidade e cumprimento dos requisitos legais. O porte de arma \u00e9 proibido no territ\u00f3rio nacional, salvo para as categorias autorizadas na Lei e nos casos previstos em legisla\u00e7\u00e3o pr\u00f3pria. A utiliza\u00e7\u00e3o de arma exige treinamento e equil\u00edbrio emocional. Guarde armas e muni\u00e7\u00f5es em local seguro e fora do alcance de crian\u00e7as e pessoas n\u00e3o autorizadas.<\/p>\n","protected":false},"featured_media":1154,"comment_status":"open","ping_status":"closed","template":"","meta":{"om_disable_all_campaigns":false,"_monsterinsights_skip_tracking":false,"_monsterinsights_sitenote_active":false,"_monsterinsights_sitenote_note":"","_monsterinsights_sitenote_category":0,"_uf_show_specific_survey":0,"_uf_disable_surveys":false},"product_cat":[98,108],"product_tag":[],"class_list":{"0":"post-1153","1":"product","2":"type-product","3":"status-publish","4":"has-post-thumbnail","6":"product_cat-armas-longas","7":"product_cat-boito","9":"first","10":"onbackorder","11":"product-type-simple"},"aioseo_notices":[],"_links":{"self":[{"href":"https:\/\/combatte.com.br\/combatte-store\/index.php?rest_route=\/wp\/v2\/product\/1153","targetHints":{"allow":["GET"]}}],"collection":[{"href":"https:\/\/combatte.com.br\/combatte-store\/index.php?rest_route=\/wp\/v2\/product"}],"about":[{"href":"https:\/\/combatte.com.br\/combatte-store\/index.php?rest_route=\/wp\/v2\/types\/product"}],"replies":[{"embeddable":true,"href":"https:\/\/combatte.com.br\/combatte-store\/index.php?rest_route=%2Fwp%2Fv2%2Fcomments&post=1153"}],"wp:featuredmedia":[{"embeddable":true,"href":"https:\/\/combatte.com.br\/combatte-store\/index.php?rest_route=\/wp\/v2\/media\/1154"}],"wp:attachment":[{"href":"https:\/\/combatte.com.br\/combatte-store\/index.php?rest_route=%2Fwp%2Fv2%2Fmedia&parent=1153"}],"wp:term":[{"taxonomy":"product_cat","embeddable":true,"href":"https:\/\/combatte.com.br\/combatte-store\/index.php?rest_route=%2Fwp%2Fv2%2Fproduct_cat&post=1153"},{"taxonomy":"product_tag","embeddable":true,"href":"https:\/\/combatte.com.br\/combatte-store\/index.php?rest_route=%2Fwp%2Fv2%2Fproduct_tag&post=1153"}],"curies":[{"name":"wp","href":"https:\/\/api.w.org\/{rel}","templated":true}]}}