{"id":1134,"date":"2024-04-08T14:58:48","date_gmt":"2024-04-08T17:58:48","guid":{"rendered":"https:\/\/combatte.com.br\/combatte-store\/?post_type=product&#038;p=1134"},"modified":"2024-04-08T15:03:52","modified_gmt":"2024-04-08T18:03:52","slug":"boito-miura-i-copia","status":"publish","type":"product","link":"https:\/\/combatte.com.br\/combatte-store\/?product=boito-miura-i-copia","title":{"rendered":"BOITO Miura II"},"content":{"rendered":"<div class=\"wrapper\">\n<div class=\"a-b-columns a-b-columns--full product-content\">\n<div class=\"a-b-columns__column product-box-text\">\n<div class=\"wrapper\">\n<div class=\"a-b-columns a-b-columns--full product-content\">\n<div class=\"a-b-columns__column product-box-text\">\n<div class=\"wrapper\">\n<div class=\"a-b-columns a-b-columns--full product-content\">\n<div class=\"a-b-columns__column product-box-text\">\n<div class=\"a-b-columns__column product-box-text\">\n<p>A espingarda de canos sobrepostos com dois gatilhos, MIURA II, \u00e9 a primeira espingarda de canos\u00a0sobrepostos fabricada no Brasil. \u00c9 usada intensamente por aqueles ca\u00e7adores e atiradores que preferem, por h\u00e1bito, usar dois gatilhos. As tradicionais caracter\u00edsticas de desempenho e qualidade que deram fama aos produtos BOITO s\u00e3o encontradas nesta excelente espingarda: Extrator de dupla a\u00e7\u00e3o; Agulhas retr\u00e1teis; Choque cambi\u00e1vel para cal. 12, 20 e 28.<\/p>\n<p>Sob encomenda \u00e9 oferecida a seguinte op\u00e7\u00e3o:<\/p>\n<ul>\n<li>2.\u00ba jogo de canos (somente para cal.12) em comprimentos diferentes.<\/li>\n<\/ul>\n<p><strong>Obs.: No Calibre 12 est\u00e3o dispon\u00edveis conjuntos de coronha e telha em material sint\u00e9tico na cor preta ou camuflados.<br \/>\n<\/strong><\/p>\n<p>&nbsp;<\/p>\n<p>Esta arma \u00e9 fornecida nos modelos:<\/p>\n<ul>\n<li><strong>Standard:\u00a0<\/strong>Culatra e conjunto de canos oxidados.<\/li>\n<li><strong>Luxo:<\/strong>\u00a0culatra\u00a0com acabamento niquelado, estampa lateral em baixo relevo e canos oxidados.<\/li>\n<li><strong>Super Luxo:<\/strong>\u00a0culatra\u00a0com acabamento niquelado, grava\u00e7\u00e3o em baixo relevo e canos oxidados.<\/li>\n<li><strong>Miura II 14&#8243;:<\/strong>\u00a0Culatra e conjunto de canos oxidados, canos 14&#8243; sem varilha, choque fixo, coronha e telha em material sint\u00e9tico.<\/li>\n<\/ul>\n<p>&nbsp;<\/p>\n<\/div>\n<\/div>\n<\/div>\n<\/div>\n<\/div>\n<\/div>\n<\/div>\n<div class=\"wrapper\">\n<div class=\"a-b-columns a-b-columns--full product-content\">\n<div class=\"a-b-columns__column product-box-text\">\n<div class=\"wrapper\">\n<div class=\"a-b-columns a-b-columns--full product-content\">\n<div class=\"a-b-columns__column product-box-detail\">\n<h3 class=\"heading--delta\">ESPECIFICA\u00c7\u00d5ES T\u00c9CNICAS<\/h3>\n<div class=\"product-spec\">\n<p>Baixe os arquivos abaixo em formato PDF.<\/p>\n<ul>\n<li><a href=\"https:\/\/www.armasboito.com.br\/anexos\/Arquivos\/c09132024106962e48101eeaf9a60ba9.pdf\" target=\"_blank\" rel=\"noopener\">Especifica\u00e7\u00f5es T\u00e9cnicas: Miura II<\/a><\/li>\n<li><a href=\"https:\/\/www.armasboito.com.br\/anexos\/Arquivos\/b0b1e3291809d45870ceeb292cc21cc4.pdf\" target=\"_blank\" rel=\"noopener\">Vista Explodida MIURA II Bigatilho<\/a><\/li>\n<li><a href=\"https:\/\/www.armasboito.com.br\/anexos\/Arquivos\/6abf01dba9aaaaa10faf3b273c0706db.pdf\" target=\"_blank\" rel=\"noopener\">Modelos de Desenho: Standard<\/a><\/li>\n<li><a href=\"https:\/\/www.armasboito.com.br\/anexos\/Arquivos\/03e795fe15affe7994bf46c446488ff4.pdf\" target=\"_blank\" rel=\"noopener\">Modelos de Desenho: Luxo<\/a><\/li>\n<li><a href=\"https:\/\/www.armasboito.com.br\/anexos\/Arquivos\/75ecaf22137c5147cc2a81199767f657.pdf\" target=\"_blank\" rel=\"noopener\">Modelo de Desenho: Super Luxo<\/a><\/li>\n<li><a href=\"https:\/\/www.armasboito.com.br\/anexos\/Arquivos\/5f8688d358866d2f71877d2c12727714.pdf\" target=\"_blank\" rel=\"noopener\">Manual Miura II<\/a><\/li>\n<\/ul>\n<\/div>\n<\/div>\n<\/div>\n<\/div>\n<\/div>\n<\/div>\n<\/div>\n<\/div>\n<\/div>\n<\/div>\n","protected":false},"excerpt":{"rendered":"<p class=\"product-bottom-icons\">Entre em contato com o Consultor\/Lojista para verificar a disponibilidade deste modelo.<\/p>\n<p class=\"product-bottom-icons\">A aquisi\u00e7\u00e3o de armas \u00e9 regulamentada pela Lei 10.826\/03, Decreto 9.847\/2019 e Decreto 11.615\/23. A posse de arma depende de registro por autoridade competente, demonstra\u00e7\u00e3o de efetiva necessidade e cumprimento dos requisitos legais. O porte de arma \u00e9 proibido no territ\u00f3rio nacional, salvo para as categorias autorizadas na Lei e nos casos previstos em legisla\u00e7\u00e3o pr\u00f3pria. A utiliza\u00e7\u00e3o de arma exige treinamento e equil\u00edbrio emocional. Guarde armas e muni\u00e7\u00f5es em local seguro e fora do alcance de crian\u00e7as e pessoas n\u00e3o autorizadas.<\/p>\n","protected":false},"featured_media":1125,"comment_status":"open","ping_status":"closed","template":"","meta":{"om_disable_all_campaigns":false,"_monsterinsights_skip_tracking":false,"_monsterinsights_sitenote_active":false,"_monsterinsights_sitenote_note":"","_monsterinsights_sitenote_category":0,"_uf_show_specific_survey":0,"_uf_disable_surveys":false},"product_cat":[98,108],"product_tag":[],"class_list":{"0":"post-1134","1":"product","2":"type-product","3":"status-publish","4":"has-post-thumbnail","6":"product_cat-armas-longas","7":"product_cat-boito","9":"first","10":"onbackorder","11":"product-type-simple"},"aioseo_notices":[],"_links":{"self":[{"href":"https:\/\/combatte.com.br\/combatte-store\/index.php?rest_route=\/wp\/v2\/product\/1134","targetHints":{"allow":["GET"]}}],"collection":[{"href":"https:\/\/combatte.com.br\/combatte-store\/index.php?rest_route=\/wp\/v2\/product"}],"about":[{"href":"https:\/\/combatte.com.br\/combatte-store\/index.php?rest_route=\/wp\/v2\/types\/product"}],"replies":[{"embeddable":true,"href":"https:\/\/combatte.com.br\/combatte-store\/index.php?rest_route=%2Fwp%2Fv2%2Fcomments&post=1134"}],"wp:featuredmedia":[{"embeddable":true,"href":"https:\/\/combatte.com.br\/combatte-store\/index.php?rest_route=\/wp\/v2\/media\/1125"}],"wp:attachment":[{"href":"https:\/\/combatte.com.br\/combatte-store\/index.php?rest_route=%2Fwp%2Fv2%2Fmedia&parent=1134"}],"wp:term":[{"taxonomy":"product_cat","embeddable":true,"href":"https:\/\/combatte.com.br\/combatte-store\/index.php?rest_route=%2Fwp%2Fv2%2Fproduct_cat&post=1134"},{"taxonomy":"product_tag","embeddable":true,"href":"https:\/\/combatte.com.br\/combatte-store\/index.php?rest_route=%2Fwp%2Fv2%2Fproduct_tag&post=1134"}],"curies":[{"name":"wp","href":"https:\/\/api.w.org\/{rel}","templated":true}]}}