{"id":1117,"date":"2024-04-08T14:40:31","date_gmt":"2024-04-08T17:40:31","guid":{"rendered":"https:\/\/combatte.com.br\/combatte-store\/?post_type=product&#038;p=1117"},"modified":"2024-04-08T14:47:10","modified_gmt":"2024-04-08T17:47:10","slug":"boito-miura-i","status":"publish","type":"product","link":"https:\/\/combatte.com.br\/combatte-store\/?product=boito-miura-i","title":{"rendered":"BOITO Miura I"},"content":{"rendered":"<div class=\"wrapper\">\n<div class=\"a-b-columns a-b-columns--full product-content\">\n<div class=\"a-b-columns__column product-box-text\">\n<div class=\"wrapper\">\n<div class=\"a-b-columns a-b-columns--full product-content\">\n<div class=\"a-b-columns__column product-box-text\">\n<div class=\"wrapper\">\n<div class=\"a-b-columns a-b-columns--full product-content\">\n<div class=\"a-b-columns__column product-box-text\">\n<div class=\"a-b-columns__column product-box-text\">\n<p>Uma espingarda fabricada e destinada a dar o melhor desempenho e, consequentemente, o m\u00e1ximo prazer\u00a0aos ca\u00e7adores e atiradores de pedana. \u00d3tima caracter\u00edstica de manejo: extrator de dupla a\u00e7\u00e3o; Sistema\u00a0de disparo mec\u00e2nico; Agulhas retr\u00e1teis; Choque cambi\u00e1vel para cal. 12, 20 e 28.<\/p>\n<p>Sob encomenda s\u00e3o oferecidas as seguintes op\u00e7\u00f5es: madeira em nogueira; Gatilho dourado; 2.\u00ba jogo de\u00a0canos (somente para cal. 12) e de comprimento diferente; Choque a crit\u00e9rio do cliente; Duas coronhas:\u00a0ca\u00e7a e tiro ao prato (op\u00e7\u00e3o mod. Monte Carlo) e Coronha Regul\u00e1vel.<\/p>\n<p><strong>Obs.: No Calibre 12 est\u00e3o dispon\u00edveis conjuntos de coronha e telha em material sint\u00e9tico na cor preta ou camuflados.<\/strong><\/p>\n<p><strong><br \/>\n<\/strong>Esta espingarda \u00e9 fornecida nos\u00a0modelos:<\/p>\n<ul>\n<li><strong>STANDARD<\/strong>\u00a0&#8211; culatra e conjunto de\u00a0canos oxidados.<\/li>\n<li><strong>LUXO<\/strong>\u00a0&#8211; culatra\u00a0com acabamento niquelado,\u00a0estampa lateral em baixo relevo e\u00a0canos oxidados.<\/li>\n<li><strong>SUPER LUXO<\/strong>\u00a0&#8211; culatra\u00a0com acabamento niquelado ou oxidado\u00a0com grava\u00e7\u00e3o em\u00a0baixo relevo\u00a0e canos oxidados.<\/li>\n<\/ul>\n<p>&nbsp;<\/p>\n<\/div>\n<\/div>\n<\/div>\n<\/div>\n<\/div>\n<\/div>\n<\/div>\n<div class=\"wrapper\">\n<div class=\"a-b-columns a-b-columns--full product-content\">\n<div class=\"a-b-columns__column product-box-text\">\n<div class=\"wrapper\">\n<div class=\"a-b-columns a-b-columns--full product-content\">\n<div class=\"a-b-columns__column product-box-detail\">\n<h3 class=\"heading--delta\">ESPECIFICA\u00c7\u00d5ES T\u00c9CNICAS<\/h3>\n<div class=\"product-spec\">\n<p>Baixe os arquivos abaixo em formato PDF.<\/p>\n<ul>\n<li><a href=\"https:\/\/www.armasboito.com.br\/anexos\/Arquivos\/2314ed0cd3083cf679a85f97e43d352d.pdf\" target=\"_blank\" rel=\"noopener\">Vista Explodida: Miura I<\/a><\/li>\n<li><a href=\"https:\/\/www.armasboito.com.br\/anexos\/Arquivos\/ec1df1d001877e7b5ae0cbf4664e906f.pdf\" target=\"_blank\" rel=\"noopener\">Especifica\u00e7\u00f5es T\u00e9cnicas: Miura I<\/a><\/li>\n<li><a href=\"https:\/\/www.armasboito.com.br\/anexos\/Arquivos\/27b40c7ff4b6e19ccec577ac8861c67e.pdf\" target=\"_blank\" rel=\"noopener\">Modelo de Desenho: Standard<\/a><\/li>\n<li><a href=\"https:\/\/www.armasboito.com.br\/anexos\/Arquivos\/d1b3509756efcbdf95c075d7ead4a00f.pdf\" target=\"_blank\" rel=\"noopener\">Modelo de Desenho: Luxo<\/a><\/li>\n<li><a href=\"https:\/\/www.armasboito.com.br\/anexos\/Arquivos\/da7d5fde022b79a04590fb94c6adcb37.pdf\" target=\"_blank\" rel=\"noopener\">Modelo de Desenho: Super Luxo<\/a><\/li>\n<li><a href=\"https:\/\/www.armasboito.com.br\/anexos\/Arquivos\/4e0c891045779c4ded9c9d594c0f8811.pdf\" target=\"_blank\" rel=\"noopener\">Manual Miura I<\/a><\/li>\n<\/ul>\n<\/div>\n<\/div>\n<\/div>\n<\/div>\n<\/div>\n<\/div>\n<\/div>\n<\/div>\n<\/div>\n<\/div>\n","protected":false},"excerpt":{"rendered":"<p class=\"product-bottom-icons\">Entre em contato com o Consultor\/Lojista para verificar a disponibilidade deste modelo.<\/p>\n<p class=\"product-bottom-icons\">A aquisi\u00e7\u00e3o de armas \u00e9 regulamentada pela Lei 10.826\/03, Decreto 9.847\/2019 e Decreto 11.615\/23. A posse de arma depende de registro por autoridade competente, demonstra\u00e7\u00e3o de efetiva necessidade e cumprimento dos requisitos legais. O porte de arma \u00e9 proibido no territ\u00f3rio nacional, salvo para as categorias autorizadas na Lei e nos casos previstos em legisla\u00e7\u00e3o pr\u00f3pria. A utiliza\u00e7\u00e3o de arma exige treinamento e equil\u00edbrio emocional. Guarde armas e muni\u00e7\u00f5es em local seguro e fora do alcance de crian\u00e7as e pessoas n\u00e3o autorizadas.<\/p>\n","protected":false},"featured_media":1118,"comment_status":"open","ping_status":"closed","template":"","meta":{"om_disable_all_campaigns":false,"_monsterinsights_skip_tracking":false,"_monsterinsights_sitenote_active":false,"_monsterinsights_sitenote_note":"","_monsterinsights_sitenote_category":0,"_uf_show_specific_survey":0,"_uf_disable_surveys":false},"product_cat":[98,108],"product_tag":[],"class_list":{"0":"post-1117","1":"product","2":"type-product","3":"status-publish","4":"has-post-thumbnail","6":"product_cat-armas-longas","7":"product_cat-boito","9":"first","10":"onbackorder","11":"product-type-simple"},"aioseo_notices":[],"_links":{"self":[{"href":"https:\/\/combatte.com.br\/combatte-store\/index.php?rest_route=\/wp\/v2\/product\/1117","targetHints":{"allow":["GET"]}}],"collection":[{"href":"https:\/\/combatte.com.br\/combatte-store\/index.php?rest_route=\/wp\/v2\/product"}],"about":[{"href":"https:\/\/combatte.com.br\/combatte-store\/index.php?rest_route=\/wp\/v2\/types\/product"}],"replies":[{"embeddable":true,"href":"https:\/\/combatte.com.br\/combatte-store\/index.php?rest_route=%2Fwp%2Fv2%2Fcomments&post=1117"}],"wp:featuredmedia":[{"embeddable":true,"href":"https:\/\/combatte.com.br\/combatte-store\/index.php?rest_route=\/wp\/v2\/media\/1118"}],"wp:attachment":[{"href":"https:\/\/combatte.com.br\/combatte-store\/index.php?rest_route=%2Fwp%2Fv2%2Fmedia&parent=1117"}],"wp:term":[{"taxonomy":"product_cat","embeddable":true,"href":"https:\/\/combatte.com.br\/combatte-store\/index.php?rest_route=%2Fwp%2Fv2%2Fproduct_cat&post=1117"},{"taxonomy":"product_tag","embeddable":true,"href":"https:\/\/combatte.com.br\/combatte-store\/index.php?rest_route=%2Fwp%2Fv2%2Fproduct_tag&post=1117"}],"curies":[{"name":"wp","href":"https:\/\/api.w.org\/{rel}","templated":true}]}}