{"id":1065,"date":"2024-04-08T10:15:26","date_gmt":"2024-04-08T13:15:26","guid":{"rendered":"https:\/\/combatte.com.br\/combatte-store\/?post_type=product&#038;p=1065"},"modified":"2024-04-08T10:25:15","modified_gmt":"2024-04-08T13:25:15","slug":"gx4-graphene-9mm","status":"publish","type":"product","link":"https:\/\/combatte.com.br\/combatte-store\/?product=gx4-graphene-9mm","title":{"rendered":"GX4 GRAPHENE &#8211; 9MM"},"content":{"rendered":"<div class=\"wrapper\">\n<div class=\"a-b-columns a-b-columns--full product-content\">\n<div class=\"a-b-columns__column product-box-text\">\n<div class=\"wrapper\">\n<div class=\"a-b-columns a-b-columns--full product-content\">\n<div class=\"a-b-columns__column product-box-text\">\n<div class=\"wrapper\">\n<div class=\"a-b-columns a-b-columns--full product-content\">\n<div class=\"a-b-columns__column product-box-text\">\n<div class=\"a-b-columns__column product-box-text\">\n<p><span data-c=\"\">A Pistola Taurus GX4 Graphene \u00e9 a primeira do mundo com grafeno. Veio para revolucionar o mercado de armas e evidenciar o Brasil como pioneiro nesta inova\u00e7\u00e3o. A 3\u00aa gera\u00e7\u00e3o de pistolas inicia, apresentando propriedades \u00fanicas. A inovadora vers\u00e3o Graphene possui pe\u00e7as injetadas com grafeno e revestimento em\u00a0Cerakote\u00ae Graphene no ferrolho, tecnologia exclusiva da TAURUS\u00ae, que traz muito mais resist\u00eancia e durabilidade para a pistola.<\/span><\/p>\n<p><span data-c=\"\">Seguindo o projeto da GX4 original:\u00a0microcompacta, comprimento total de 147mm (5,8&#8243;), altura de 110mm (4,3&#8243;) e largura de 25mm (1&#8243;), \u00e9 ideal para ser utilizada no porte velado. Dispon\u00edvel no calibre 9x19mm, tem a\u00e7\u00e3o\u00a0striker\u00a0fire, punho em pol\u00edmero, chassi interno em a\u00e7o inoxid\u00e1vel de alta resist\u00eancia, ferrolho com revestimento\u00a0nitretado\u00a0a g\u00e1s, cano preto acetinado com revestimento DLC (<\/span><span data-c=\"\">Diamond like\u00a0carbon)<\/span><span data-c=\"\">. O modelo possibilita a utiliza\u00e7\u00e3o de carregadores com capacidade de 11 e de 13 tiros.<\/span><\/p>\n<p>&nbsp;<\/p>\n<\/div>\n<\/div>\n<\/div>\n<\/div>\n<\/div>\n<\/div>\n<\/div>\n<div class=\"wrapper\">\n<div class=\"a-b-columns a-b-columns--full product-content\">\n<div class=\"a-b-columns__column product-box-text\">\n<div class=\"wrapper\">\n<div class=\"a-b-columns a-b-columns--full product-content\">\n<div class=\"a-b-columns__column product-box-detail\">\n<h3 class=\"heading--delta\">ESPECIFICA\u00c7\u00d5ES T\u00c9CNICAS<\/h3>\n<div class=\"product-spec\">\n<p><span data-c=\"\">Calibre<\/span><span data-c=\"\">\u00a0 9&#215;19 mm<\/span><br \/>\n<span data-c=\"\">Capacidade 11+1<\/span><br \/>\n<span data-c=\"\">Opera\u00e7\u00e3o: SA\/\u00a0Striker\u00a0Fire<\/span><\/p>\n<p><span data-c=\"\">Para mais informa\u00e7\u00f5es, veja o Descritivo T\u00e9cnico.<\/span><br \/>\n<span data-c=\"\">Imagens ilustrativas. Produto sujeito a altera\u00e7\u00f5es sem aviso pr\u00e9vio.<\/span><\/p>\n<\/div>\n<\/div>\n<\/div>\n<\/div>\n<\/div>\n<\/div>\n<\/div>\n<\/div>\n<\/div>\n<\/div>\n","protected":false},"excerpt":{"rendered":"<p class=\"product-bottom-icons\">Entre em contato com o Consultor\/Lojista para verificar a disponibilidade deste modelo.<\/p>\n<p class=\"product-bottom-icons\">A aquisi\u00e7\u00e3o de armas \u00e9 regulamentada pela Lei 10.826\/03, Decreto 9.847\/2019 e Decreto 11.615\/23. A posse de arma depende de registro por autoridade competente, demonstra\u00e7\u00e3o de efetiva necessidade e cumprimento dos requisitos legais. O porte de arma \u00e9 proibido no territ\u00f3rio nacional, salvo para as categorias autorizadas na Lei e nos casos previstos em legisla\u00e7\u00e3o pr\u00f3pria. A utiliza\u00e7\u00e3o de arma exige treinamento e equil\u00edbrio emocional. Guarde armas e muni\u00e7\u00f5es em local seguro e fora do alcance de crian\u00e7as e pessoas n\u00e3o autorizadas.<\/p>\n","protected":false},"featured_media":1066,"comment_status":"open","ping_status":"closed","template":"","meta":{"om_disable_all_campaigns":false,"_monsterinsights_skip_tracking":false,"_monsterinsights_sitenote_active":false,"_monsterinsights_sitenote_note":"","_monsterinsights_sitenote_category":0,"_uf_show_specific_survey":0,"_uf_disable_surveys":false},"product_cat":[100,103,99],"product_tag":[],"class_list":{"0":"post-1065","1":"product","2":"type-product","3":"status-publish","4":"has-post-thumbnail","6":"product_cat-armas-curtas","7":"product_cat-pistolas","8":"product_cat-taurus","10":"first","11":"onbackorder","12":"product-type-simple"},"aioseo_notices":[],"_links":{"self":[{"href":"https:\/\/combatte.com.br\/combatte-store\/index.php?rest_route=\/wp\/v2\/product\/1065","targetHints":{"allow":["GET"]}}],"collection":[{"href":"https:\/\/combatte.com.br\/combatte-store\/index.php?rest_route=\/wp\/v2\/product"}],"about":[{"href":"https:\/\/combatte.com.br\/combatte-store\/index.php?rest_route=\/wp\/v2\/types\/product"}],"replies":[{"embeddable":true,"href":"https:\/\/combatte.com.br\/combatte-store\/index.php?rest_route=%2Fwp%2Fv2%2Fcomments&post=1065"}],"wp:featuredmedia":[{"embeddable":true,"href":"https:\/\/combatte.com.br\/combatte-store\/index.php?rest_route=\/wp\/v2\/media\/1066"}],"wp:attachment":[{"href":"https:\/\/combatte.com.br\/combatte-store\/index.php?rest_route=%2Fwp%2Fv2%2Fmedia&parent=1065"}],"wp:term":[{"taxonomy":"product_cat","embeddable":true,"href":"https:\/\/combatte.com.br\/combatte-store\/index.php?rest_route=%2Fwp%2Fv2%2Fproduct_cat&post=1065"},{"taxonomy":"product_tag","embeddable":true,"href":"https:\/\/combatte.com.br\/combatte-store\/index.php?rest_route=%2Fwp%2Fv2%2Fproduct_tag&post=1065"}],"curies":[{"name":"wp","href":"https:\/\/api.w.org\/{rel}","templated":true}]}}