{"id":1060,"date":"2024-04-08T09:48:23","date_gmt":"2024-04-08T12:48:23","guid":{"rendered":"https:\/\/combatte.com.br\/combatte-store\/?post_type=product&#038;p=1060"},"modified":"2024-04-08T10:17:11","modified_gmt":"2024-04-08T13:17:11","slug":"g3c-t-o-r-o-strong-women","status":"publish","type":"product","link":"https:\/\/combatte.com.br\/combatte-store\/?product=g3c-t-o-r-o-strong-women","title":{"rendered":"G3C T.O.R.O. STRONG WOMEN"},"content":{"rendered":"<div class=\"wrapper\">\n<div class=\"a-b-columns a-b-columns--full product-content\">\n<div class=\"a-b-columns__column product-box-text\">\n<div class=\"wrapper\">\n<div class=\"a-b-columns a-b-columns--full product-content\">\n<div class=\"a-b-columns__column product-box-text\">\n<div class=\"wrapper\">\n<div class=\"a-b-columns a-b-columns--full product-content\">\n<div class=\"a-b-columns__column product-box-text\">\n<div class=\"a-b-columns__column product-box-text\">\n<p>Com o objetivo de homenagear as mulheres, criamos a Ladies Week de 07 a 11 de mar\u00e7o de 2022. Para comemorar o Dia Internacional da Mulher &#8211; 8 de mar\u00e7o, a Taurus desenvolveu e est\u00e1 lan\u00e7ando a edi\u00e7\u00e3o limitada da pistola\u00a0<strong>G3c T.O.R.O. Strong\u00a0<\/strong><strong>Women<\/strong>.<\/p>\n<p>Com tecnologia avan\u00e7ada e design inovador, a fam\u00edlia G3 \u00e9 a 3\u00aa gera\u00e7\u00e3o de gatilho, perfil mais plano, acionamento suave e desarme mais n\u00edtido e limpo. A G3c Strong Women, possui acabamento teniferizado, com pintura Cerakote\u00ae Graphite Black no ferrolho, com minucioso e delicado trabalho a laser, tornando a G3c mais delicada para esse dia especial &#8211; Dia Internacional da Mulher. Esse modelo especial tamb\u00e9m conta com o inovador sistema T.O.R.O &#8211; Taurus Optic Ready Option,\u00a0 projetado para receber diversas miras \u00f3pticas. A vers\u00e3o T.O.R.O. mant\u00e9m a originalidade e evita gastos com customiza\u00e7\u00e3o. A exclusiva plataforma T.O.R.O. \u00e9 harmoniosamente integrada ao ferrolho, facilitando a visada dos alvos em tiros r\u00e1pidos ou de precis\u00e3o. Vem equipada com placas intercambi\u00e1veis, permitindo a utiliza\u00e7\u00e3o de diversas miras \u00f3pticas.<\/p>\n<p>&nbsp;<\/p>\n<\/div>\n<\/div>\n<\/div>\n<\/div>\n<\/div>\n<\/div>\n<\/div>\n<div class=\"wrapper\">\n<div class=\"a-b-columns a-b-columns--full product-content\">\n<div class=\"a-b-columns__column product-box-text\">\n<div class=\"wrapper\">\n<div class=\"a-b-columns a-b-columns--full product-content\">\n<div class=\"a-b-columns__column product-box-detail\">\n<h3 class=\"heading--delta\">ESPECIFICA\u00c7\u00d5ES T\u00c9CNICAS<\/h3>\n<div class=\"product-spec\">\n<p><strong>Calibre:<\/strong>\u00a0 9x19mm<br \/>\n<strong>Capacidade:<\/strong>\u00a012+1<br \/>\n<strong>A\u00e7\u00e3o:<\/strong>\u00a0Dupla A\u00e7\u00e3o<\/p>\n<p>Para mais informa\u00e7\u00f5es, consulte o Descritivo T\u00e9cnico.<br \/>\nImagens ilustrativas. Produto sujeito a altera\u00e7\u00f5es sem aviso pr\u00e9vio.<\/p>\n<\/div>\n<\/div>\n<\/div>\n<\/div>\n<\/div>\n<\/div>\n<\/div>\n<\/div>\n<\/div>\n<\/div>\n","protected":false},"excerpt":{"rendered":"<p class=\"product-bottom-icons\">Entre em contato com o Consultor\/Lojista para verificar a disponibilidade deste modelo.<\/p>\n<p class=\"product-bottom-icons\">A aquisi\u00e7\u00e3o de armas \u00e9 regulamentada pela Lei 10.826\/03, Decreto 9.847\/2019 e Decreto 11.615\/23. A posse de arma depende de registro por autoridade competente, demonstra\u00e7\u00e3o de efetiva necessidade e cumprimento dos requisitos legais. O porte de arma \u00e9 proibido no territ\u00f3rio nacional, salvo para as categorias autorizadas na Lei e nos casos previstos em legisla\u00e7\u00e3o pr\u00f3pria. A utiliza\u00e7\u00e3o de arma exige treinamento e equil\u00edbrio emocional. Guarde armas e muni\u00e7\u00f5es em local seguro e fora do alcance de crian\u00e7as e pessoas n\u00e3o autorizadas.<\/p>\n","protected":false},"featured_media":1061,"comment_status":"open","ping_status":"closed","template":"","meta":{"om_disable_all_campaigns":false,"_monsterinsights_skip_tracking":false,"_monsterinsights_sitenote_active":false,"_monsterinsights_sitenote_note":"","_monsterinsights_sitenote_category":0,"_uf_show_specific_survey":0,"_uf_disable_surveys":false},"product_cat":[100,103,99],"product_tag":[],"class_list":{"0":"post-1060","1":"product","2":"type-product","3":"status-publish","4":"has-post-thumbnail","6":"product_cat-armas-curtas","7":"product_cat-pistolas","8":"product_cat-taurus","10":"first","11":"onbackorder","12":"product-type-simple"},"aioseo_notices":[],"_links":{"self":[{"href":"https:\/\/combatte.com.br\/combatte-store\/index.php?rest_route=\/wp\/v2\/product\/1060","targetHints":{"allow":["GET"]}}],"collection":[{"href":"https:\/\/combatte.com.br\/combatte-store\/index.php?rest_route=\/wp\/v2\/product"}],"about":[{"href":"https:\/\/combatte.com.br\/combatte-store\/index.php?rest_route=\/wp\/v2\/types\/product"}],"replies":[{"embeddable":true,"href":"https:\/\/combatte.com.br\/combatte-store\/index.php?rest_route=%2Fwp%2Fv2%2Fcomments&post=1060"}],"wp:featuredmedia":[{"embeddable":true,"href":"https:\/\/combatte.com.br\/combatte-store\/index.php?rest_route=\/wp\/v2\/media\/1061"}],"wp:attachment":[{"href":"https:\/\/combatte.com.br\/combatte-store\/index.php?rest_route=%2Fwp%2Fv2%2Fmedia&parent=1060"}],"wp:term":[{"taxonomy":"product_cat","embeddable":true,"href":"https:\/\/combatte.com.br\/combatte-store\/index.php?rest_route=%2Fwp%2Fv2%2Fproduct_cat&post=1060"},{"taxonomy":"product_tag","embeddable":true,"href":"https:\/\/combatte.com.br\/combatte-store\/index.php?rest_route=%2Fwp%2Fv2%2Fproduct_tag&post=1060"}],"curies":[{"name":"wp","href":"https:\/\/api.w.org\/{rel}","templated":true}]}}